{"id":5318,"date":"2026-02-15T02:03:05","date_gmt":"2026-02-15T01:03:05","guid":{"rendered":"https:\/\/second2chance.de\/?product=assmann-consento-akustiksofa-2-sitzer-mit-hoher-rueckenlehne-und-seitenwangen"},"modified":"2026-03-10T00:27:04","modified_gmt":"2026-03-09T23:27:04","slug":"assmann-consento-akustiksofa-2-sitzer-mit-hoher-rueckenlehne-und-seitenwangen","status":"publish","type":"product","link":"https:\/\/second2chance.de\/?product=assmann-consento-akustiksofa-2-sitzer-mit-hoher-rueckenlehne-und-seitenwangen","title":{"rendered":"Assmann Consento Akustiksofa 2-Sitzer \u2013 mit hoher R\u00fcckenlehne und Seitenwangen"},"content":{"rendered":"<p style=\"font-size:15px;line-height:1.7;margin-bottom:20px;color:#333\">Hochwertiges Akustiksofa aus der Serie Consento von Assmann f\u00fcr moderne B\u00fcro- und Arbeitswelten wie Open-Space-B\u00fcros, Coworking-Spaces, Besprechungszonen und Empfangsbereiche; hohe R\u00fcckenlehne und seitliche Wangen schaffen einen gesch\u00fctzten Sitzbereich und tragen zur Reduzierung von Umgebungsger\u00e4uschen bei; Hersteller Assmann; Modell Consento Akustiksofa; Ausf\u00fchrung 2-Sitzer; Ma\u00dfe ca. 160 \u00d7 75 \u00d7 135 cm (B \u00d7 T \u00d7 H); Farbe Blau-Grau mit grauer Sitzfl\u00e4che; Bezug Stoff; Gestell Metall; komfortable Polsterung und langlebige Objektqualit\u00e4t; Zustand gebraucht, sehr gepflegt; nachhaltige Markenl\u00f6sung<\/p>\n<div style=\"background:#e8f4f8;padding:15px;border-left:4px solid #2271b1;margin-top:20px;border-radius:4px\">\n<p style=\"margin:0;font-size:14px;color:#555\">\u2705 <strong>Zustand:<\/strong>  Gebrauchtes Produkt aus professionellem Einsatz, gepr\u00fcft und funktionsf\u00e4hig.<\/p>\n<\/div>\n","protected":false},"excerpt":{"rendered":"<p>Hochwertiges Akustiksofa aus der Serie Consento von Assmann f\u00fcr moderne B\u00fcro- und Arbeitswelten wie Open-Space-B\u00fcros, Coworking-Spaces, Besprechungszonen und Empfangsbereiche; hohe R\u00fcckenlehne und seitliche Wangen schaffen einen gesch\u00fctzten Sitzbereich und tragen zur Reduzierung von Umgebungsger\u00e4uschen bei; Hersteller Assmann; Modell Consento Akustiksofa; [&hellip;]<\/p>\n","protected":false},"featured_media":6655,"comment_status":"open","ping_status":"closed","template":"","meta":[],"product_brand":[],"product_cat":[125,154],"product_tag":[],"class_list":{"0":"post-5318","1":"product","2":"type-product","3":"status-publish","4":"has-post-thumbnail","6":"product_cat-lounge-und-empfang","7":"product_cat-lounge-akustiksofa","9":"first","10":"instock","11":"shipping-taxable","12":"product-type-simple"},"yoast_head":"<!-- This site is optimized with the Yoast SEO plugin v27.3 - https:\/\/yoast.com\/product\/yoast-seo-wordpress\/ -->\n<title>Assmann Consento Akustiksofa 2-Sitzer \u2013 mit hoher R\u00fcckenlehne und Seitenwangen - Second Chance<\/title>\n<meta name=\"robots\" content=\"index, follow, max-snippet:-1, max-image-preview:large, max-video-preview:-1\" \/>\n<link rel=\"canonical\" href=\"https:\/\/second2chance.de\/?product=assmann-consento-akustiksofa-2-sitzer-mit-hoher-rueckenlehne-und-seitenwangen\" \/>\n<meta property=\"og:locale\" content=\"de_DE\" \/>\n<meta property=\"og:type\" content=\"article\" \/>\n<meta property=\"og:title\" content=\"Assmann Consento Akustiksofa 2-Sitzer \u2013 mit hoher R\u00fcckenlehne und Seitenwangen - Second Chance\" \/>\n<meta property=\"og:description\" content=\"Hochwertiges Akustiksofa aus der Serie Consento von Assmann f\u00fcr moderne B\u00fcro- und Arbeitswelten wie Open-Space-B\u00fcros, Coworking-Spaces, Besprechungszonen und Empfangsbereiche; hohe R\u00fcckenlehne und seitliche Wangen schaffen einen gesch\u00fctzten Sitzbereich und tragen zur Reduzierung von Umgebungsger\u00e4uschen bei; Hersteller Assmann; Modell Consento Akustiksofa; [&hellip;]\" \/>\n<meta property=\"og:url\" content=\"https:\/\/second2chance.de\/?product=assmann-consento-akustiksofa-2-sitzer-mit-hoher-rueckenlehne-und-seitenwangen\" \/>\n<meta property=\"og:site_name\" content=\"Second Chance\" \/>\n<meta property=\"article:modified_time\" content=\"2026-03-09T23:27:04+00:00\" \/>\n<meta property=\"og:image\" content=\"https:\/\/second2chance.de\/wp-content\/uploads\/2026\/02\/DT-1079_1-768x1024.png\" \/>\n\t<meta property=\"og:image:width\" content=\"768\" \/>\n\t<meta property=\"og:image:height\" content=\"1024\" \/>\n\t<meta property=\"og:image:type\" content=\"image\/png\" \/>\n<meta name=\"twitter:card\" content=\"summary_large_image\" \/>\n<script type=\"application\/ld+json\" class=\"yoast-schema-graph\">{\"@context\":\"https:\\\/\\\/schema.org\",\"@graph\":[{\"@type\":\"WebPage\",\"@id\":\"https:\\\/\\\/second2chance.de\\\/?product=assmann-consento-akustiksofa-2-sitzer-mit-hoher-rueckenlehne-und-seitenwangen\",\"url\":\"https:\\\/\\\/second2chance.de\\\/?product=assmann-consento-akustiksofa-2-sitzer-mit-hoher-rueckenlehne-und-seitenwangen\",\"name\":\"Assmann Consento Akustiksofa 2-Sitzer \u2013 mit hoher R\u00fcckenlehne und Seitenwangen - Second Chance\",\"isPartOf\":{\"@id\":\"https:\\\/\\\/second2chance.de\\\/#website\"},\"primaryImageOfPage\":{\"@id\":\"https:\\\/\\\/second2chance.de\\\/?product=assmann-consento-akustiksofa-2-sitzer-mit-hoher-rueckenlehne-und-seitenwangen#primaryimage\"},\"image\":{\"@id\":\"https:\\\/\\\/second2chance.de\\\/?product=assmann-consento-akustiksofa-2-sitzer-mit-hoher-rueckenlehne-und-seitenwangen#primaryimage\"},\"thumbnailUrl\":\"https:\\\/\\\/second2chance.de\\\/wp-content\\\/uploads\\\/2026\\\/02\\\/DT-1079_1.png\",\"datePublished\":\"2026-02-15T01:03:05+00:00\",\"dateModified\":\"2026-03-09T23:27:04+00:00\",\"breadcrumb\":{\"@id\":\"https:\\\/\\\/second2chance.de\\\/?product=assmann-consento-akustiksofa-2-sitzer-mit-hoher-rueckenlehne-und-seitenwangen#breadcrumb\"},\"inLanguage\":\"de\",\"potentialAction\":[{\"@type\":\"ReadAction\",\"target\":[\"https:\\\/\\\/second2chance.de\\\/?product=assmann-consento-akustiksofa-2-sitzer-mit-hoher-rueckenlehne-und-seitenwangen\"]}]},{\"@type\":\"ImageObject\",\"inLanguage\":\"de\",\"@id\":\"https:\\\/\\\/second2chance.de\\\/?product=assmann-consento-akustiksofa-2-sitzer-mit-hoher-rueckenlehne-und-seitenwangen#primaryimage\",\"url\":\"https:\\\/\\\/second2chance.de\\\/wp-content\\\/uploads\\\/2026\\\/02\\\/DT-1079_1.png\",\"contentUrl\":\"https:\\\/\\\/second2chance.de\\\/wp-content\\\/uploads\\\/2026\\\/02\\\/DT-1079_1.png\",\"width\":1500,\"height\":2000},{\"@type\":\"BreadcrumbList\",\"@id\":\"https:\\\/\\\/second2chance.de\\\/?product=assmann-consento-akustiksofa-2-sitzer-mit-hoher-rueckenlehne-und-seitenwangen#breadcrumb\",\"itemListElement\":[{\"@type\":\"ListItem\",\"position\":1,\"name\":\"Startseite\",\"item\":\"https:\\\/\\\/second2chance.de\\\/\"},{\"@type\":\"ListItem\",\"position\":2,\"name\":\"Shop\",\"item\":\"https:\\\/\\\/second2chance.de\\\/?page_id=7\"},{\"@type\":\"ListItem\",\"position\":3,\"name\":\"Assmann Consento Akustiksofa 2-Sitzer \u2013 mit hoher R\u00fcckenlehne und Seitenwangen\"}]},{\"@type\":\"WebSite\",\"@id\":\"https:\\\/\\\/second2chance.de\\\/#website\",\"url\":\"https:\\\/\\\/second2chance.de\\\/\",\"name\":\"Second Chance\",\"description\":\"\",\"potentialAction\":[{\"@type\":\"SearchAction\",\"target\":{\"@type\":\"EntryPoint\",\"urlTemplate\":\"https:\\\/\\\/second2chance.de\\\/?s={search_term_string}\"},\"query-input\":{\"@type\":\"PropertyValueSpecification\",\"valueRequired\":true,\"valueName\":\"search_term_string\"}}],\"inLanguage\":\"de\"}]}<\/script>\n<!-- \/ Yoast SEO plugin. -->","yoast_head_json":{"title":"Assmann Consento Akustiksofa 2-Sitzer \u2013 mit hoher R\u00fcckenlehne und Seitenwangen - Second Chance","robots":{"index":"index","follow":"follow","max-snippet":"max-snippet:-1","max-image-preview":"max-image-preview:large","max-video-preview":"max-video-preview:-1"},"canonical":"https:\/\/second2chance.de\/?product=assmann-consento-akustiksofa-2-sitzer-mit-hoher-rueckenlehne-und-seitenwangen","og_locale":"de_DE","og_type":"article","og_title":"Assmann Consento Akustiksofa 2-Sitzer \u2013 mit hoher R\u00fcckenlehne und Seitenwangen - Second Chance","og_description":"Hochwertiges Akustiksofa aus der Serie Consento von Assmann f\u00fcr moderne B\u00fcro- und Arbeitswelten wie Open-Space-B\u00fcros, Coworking-Spaces, Besprechungszonen und Empfangsbereiche; hohe R\u00fcckenlehne und seitliche Wangen schaffen einen gesch\u00fctzten Sitzbereich und tragen zur Reduzierung von Umgebungsger\u00e4uschen bei; Hersteller Assmann; Modell Consento Akustiksofa; [&hellip;]","og_url":"https:\/\/second2chance.de\/?product=assmann-consento-akustiksofa-2-sitzer-mit-hoher-rueckenlehne-und-seitenwangen","og_site_name":"Second Chance","article_modified_time":"2026-03-09T23:27:04+00:00","og_image":[{"width":768,"height":1024,"url":"https:\/\/second2chance.de\/wp-content\/uploads\/2026\/02\/DT-1079_1-768x1024.png","type":"image\/png"}],"twitter_card":"summary_large_image","schema":{"@context":"https:\/\/schema.org","@graph":[{"@type":"WebPage","@id":"https:\/\/second2chance.de\/?product=assmann-consento-akustiksofa-2-sitzer-mit-hoher-rueckenlehne-und-seitenwangen","url":"https:\/\/second2chance.de\/?product=assmann-consento-akustiksofa-2-sitzer-mit-hoher-rueckenlehne-und-seitenwangen","name":"Assmann Consento Akustiksofa 2-Sitzer \u2013 mit hoher R\u00fcckenlehne und Seitenwangen - Second Chance","isPartOf":{"@id":"https:\/\/second2chance.de\/#website"},"primaryImageOfPage":{"@id":"https:\/\/second2chance.de\/?product=assmann-consento-akustiksofa-2-sitzer-mit-hoher-rueckenlehne-und-seitenwangen#primaryimage"},"image":{"@id":"https:\/\/second2chance.de\/?product=assmann-consento-akustiksofa-2-sitzer-mit-hoher-rueckenlehne-und-seitenwangen#primaryimage"},"thumbnailUrl":"https:\/\/second2chance.de\/wp-content\/uploads\/2026\/02\/DT-1079_1.png","datePublished":"2026-02-15T01:03:05+00:00","dateModified":"2026-03-09T23:27:04+00:00","breadcrumb":{"@id":"https:\/\/second2chance.de\/?product=assmann-consento-akustiksofa-2-sitzer-mit-hoher-rueckenlehne-und-seitenwangen#breadcrumb"},"inLanguage":"de","potentialAction":[{"@type":"ReadAction","target":["https:\/\/second2chance.de\/?product=assmann-consento-akustiksofa-2-sitzer-mit-hoher-rueckenlehne-und-seitenwangen"]}]},{"@type":"ImageObject","inLanguage":"de","@id":"https:\/\/second2chance.de\/?product=assmann-consento-akustiksofa-2-sitzer-mit-hoher-rueckenlehne-und-seitenwangen#primaryimage","url":"https:\/\/second2chance.de\/wp-content\/uploads\/2026\/02\/DT-1079_1.png","contentUrl":"https:\/\/second2chance.de\/wp-content\/uploads\/2026\/02\/DT-1079_1.png","width":1500,"height":2000},{"@type":"BreadcrumbList","@id":"https:\/\/second2chance.de\/?product=assmann-consento-akustiksofa-2-sitzer-mit-hoher-rueckenlehne-und-seitenwangen#breadcrumb","itemListElement":[{"@type":"ListItem","position":1,"name":"Startseite","item":"https:\/\/second2chance.de\/"},{"@type":"ListItem","position":2,"name":"Shop","item":"https:\/\/second2chance.de\/?page_id=7"},{"@type":"ListItem","position":3,"name":"Assmann Consento Akustiksofa 2-Sitzer \u2013 mit hoher R\u00fcckenlehne und Seitenwangen"}]},{"@type":"WebSite","@id":"https:\/\/second2chance.de\/#website","url":"https:\/\/second2chance.de\/","name":"Second Chance","description":"","potentialAction":[{"@type":"SearchAction","target":{"@type":"EntryPoint","urlTemplate":"https:\/\/second2chance.de\/?s={search_term_string}"},"query-input":{"@type":"PropertyValueSpecification","valueRequired":true,"valueName":"search_term_string"}}],"inLanguage":"de"}]}},"_links":{"self":[{"href":"https:\/\/second2chance.de\/index.php?rest_route=\/wp\/v2\/product\/5318","targetHints":{"allow":["GET"]}}],"collection":[{"href":"https:\/\/second2chance.de\/index.php?rest_route=\/wp\/v2\/product"}],"about":[{"href":"https:\/\/second2chance.de\/index.php?rest_route=\/wp\/v2\/types\/product"}],"replies":[{"embeddable":true,"href":"https:\/\/second2chance.de\/index.php?rest_route=%2Fwp%2Fv2%2Fcomments&post=5318"}],"wp:featuredmedia":[{"embeddable":true,"href":"https:\/\/second2chance.de\/index.php?rest_route=\/wp\/v2\/media\/6655"}],"wp:attachment":[{"href":"https:\/\/second2chance.de\/index.php?rest_route=%2Fwp%2Fv2%2Fmedia&parent=5318"}],"wp:term":[{"taxonomy":"product_brand","embeddable":true,"href":"https:\/\/second2chance.de\/index.php?rest_route=%2Fwp%2Fv2%2Fproduct_brand&post=5318"},{"taxonomy":"product_cat","embeddable":true,"href":"https:\/\/second2chance.de\/index.php?rest_route=%2Fwp%2Fv2%2Fproduct_cat&post=5318"},{"taxonomy":"product_tag","embeddable":true,"href":"https:\/\/second2chance.de\/index.php?rest_route=%2Fwp%2Fv2%2Fproduct_tag&post=5318"}],"curies":[{"name":"wp","href":"https:\/\/api.w.org\/{rel}","templated":true}]}}