{"id":5317,"date":"2026-02-15T02:03:05","date_gmt":"2026-02-15T01:03:05","guid":{"rendered":"https:\/\/second2chance.de\/?product=profim-october-22-highback-lounge-sofa-akustiksofa-mit-hoher-rueckenlehne"},"modified":"2026-03-10T00:27:04","modified_gmt":"2026-03-09T23:27:04","slug":"profim-october-22-highback-lounge-sofa-akustiksofa-mit-hoher-rueckenlehne","status":"publish","type":"product","link":"https:\/\/second2chance.de\/?product=profim-october-22-highback-lounge-sofa-akustiksofa-mit-hoher-rueckenlehne","title":{"rendered":"Profim October 22 Highback Lounge Sofa \u2013 Akustiksofa mit hoher R\u00fcckenlehne"},"content":{"rendered":"<p style=\"font-size:15px;line-height:1.7;margin-bottom:20px;color:#333\">Hochwertiges Highback Lounge Sofa aus der Serie October 22 von Profim f\u00fcr den professionellen Einsatz in Empfangsbereichen, Lounges, Wartezonen und modernen B\u00fcroumgebungen; die hohe R\u00fcckenlehne schafft einen visuell und akustisch abgeschirmten Sitzbereich und unterst\u00fctzt R\u00fcckzug sowie konzentrierte Gespr\u00e4che in offenen Raumkonzepten; komfortable Polsterung und stabile Konstruktion f\u00fcr den dauerhaften Objektgebrauch; Hersteller Profim; Modell October 22 Highback Sofa; Ausf\u00fchrung 2-Sitzer; Ma\u00dfe ca. 160 \u00d7 75 \u00d7 135 cm (B \u00d7 T \u00d7 H); Farbe T\u00fcrkis; Bezug Stoff; Gestell Metall; Zustand gebraucht, sehr gepflegt und funktional gepr\u00fcft; nachhaltige Alternative zur Neuanschaffung<\/p>\n<div style=\"background:#e8f4f8;padding:15px;border-left:4px solid #2271b1;margin-top:20px;border-radius:4px\">\n<p style=\"margin:0;font-size:14px;color:#555\">\u2705 <strong>Zustand:<\/strong>  Gebrauchtes Produkt aus professionellem Einsatz, gepr\u00fcft und funktionsf\u00e4hig.<\/p>\n<\/div>\n","protected":false},"excerpt":{"rendered":"<p>Hochwertiges Highback Lounge Sofa aus der Serie October 22 von Profim f\u00fcr den professionellen Einsatz in Empfangsbereichen, Lounges, Wartezonen und modernen B\u00fcroumgebungen; die hohe R\u00fcckenlehne schafft einen visuell und akustisch abgeschirmten Sitzbereich und unterst\u00fctzt R\u00fcckzug sowie konzentrierte Gespr\u00e4che in offenen [&hellip;]<\/p>\n","protected":false},"featured_media":6845,"comment_status":"open","ping_status":"closed","template":"","meta":[],"product_brand":[],"product_cat":[125,154],"product_tag":[],"class_list":{"0":"post-5317","1":"product","2":"type-product","3":"status-publish","4":"has-post-thumbnail","6":"product_cat-lounge-und-empfang","7":"product_cat-lounge-akustiksofa","9":"first","10":"instock","11":"shipping-taxable","12":"product-type-simple"},"yoast_head":"<!-- This site is optimized with the Yoast SEO plugin v27.3 - https:\/\/yoast.com\/product\/yoast-seo-wordpress\/ -->\n<title>Profim October 22 Highback Lounge Sofa \u2013 Akustiksofa mit hoher R\u00fcckenlehne - Second Chance<\/title>\n<meta name=\"robots\" content=\"index, follow, max-snippet:-1, max-image-preview:large, max-video-preview:-1\" \/>\n<link rel=\"canonical\" href=\"https:\/\/second2chance.de\/?product=profim-october-22-highback-lounge-sofa-akustiksofa-mit-hoher-rueckenlehne\" \/>\n<meta property=\"og:locale\" content=\"de_DE\" \/>\n<meta property=\"og:type\" content=\"article\" \/>\n<meta property=\"og:title\" content=\"Profim October 22 Highback Lounge Sofa \u2013 Akustiksofa mit hoher R\u00fcckenlehne - Second Chance\" \/>\n<meta property=\"og:description\" content=\"Hochwertiges Highback Lounge Sofa aus der Serie October 22 von Profim f\u00fcr den professionellen Einsatz in Empfangsbereichen, Lounges, Wartezonen und modernen B\u00fcroumgebungen; die hohe R\u00fcckenlehne schafft einen visuell und akustisch abgeschirmten Sitzbereich und unterst\u00fctzt R\u00fcckzug sowie konzentrierte Gespr\u00e4che in offenen [&hellip;]\" \/>\n<meta property=\"og:url\" content=\"https:\/\/second2chance.de\/?product=profim-october-22-highback-lounge-sofa-akustiksofa-mit-hoher-rueckenlehne\" \/>\n<meta property=\"og:site_name\" content=\"Second Chance\" \/>\n<meta property=\"article:modified_time\" content=\"2026-03-09T23:27:04+00:00\" \/>\n<meta property=\"og:image\" content=\"https:\/\/second2chance.de\/wp-content\/uploads\/2026\/02\/DT-1078_1-2-768x1024.png\" \/>\n\t<meta property=\"og:image:width\" content=\"768\" \/>\n\t<meta property=\"og:image:height\" content=\"1024\" \/>\n\t<meta property=\"og:image:type\" content=\"image\/png\" \/>\n<meta name=\"twitter:card\" content=\"summary_large_image\" \/>\n<meta name=\"twitter:label1\" content=\"Gesch\u00e4tzte Lesezeit\" \/>\n\t<meta name=\"twitter:data1\" content=\"1\u00a0Minute\" \/>\n<script type=\"application\/ld+json\" class=\"yoast-schema-graph\">{\"@context\":\"https:\\\/\\\/schema.org\",\"@graph\":[{\"@type\":\"WebPage\",\"@id\":\"https:\\\/\\\/second2chance.de\\\/?product=profim-october-22-highback-lounge-sofa-akustiksofa-mit-hoher-rueckenlehne\",\"url\":\"https:\\\/\\\/second2chance.de\\\/?product=profim-october-22-highback-lounge-sofa-akustiksofa-mit-hoher-rueckenlehne\",\"name\":\"Profim October 22 Highback Lounge Sofa \u2013 Akustiksofa mit hoher R\u00fcckenlehne - Second Chance\",\"isPartOf\":{\"@id\":\"https:\\\/\\\/second2chance.de\\\/#website\"},\"primaryImageOfPage\":{\"@id\":\"https:\\\/\\\/second2chance.de\\\/?product=profim-october-22-highback-lounge-sofa-akustiksofa-mit-hoher-rueckenlehne#primaryimage\"},\"image\":{\"@id\":\"https:\\\/\\\/second2chance.de\\\/?product=profim-october-22-highback-lounge-sofa-akustiksofa-mit-hoher-rueckenlehne#primaryimage\"},\"thumbnailUrl\":\"https:\\\/\\\/second2chance.de\\\/wp-content\\\/uploads\\\/2026\\\/02\\\/DT-1078_1-2.png\",\"datePublished\":\"2026-02-15T01:03:05+00:00\",\"dateModified\":\"2026-03-09T23:27:04+00:00\",\"breadcrumb\":{\"@id\":\"https:\\\/\\\/second2chance.de\\\/?product=profim-october-22-highback-lounge-sofa-akustiksofa-mit-hoher-rueckenlehne#breadcrumb\"},\"inLanguage\":\"de\",\"potentialAction\":[{\"@type\":\"ReadAction\",\"target\":[\"https:\\\/\\\/second2chance.de\\\/?product=profim-october-22-highback-lounge-sofa-akustiksofa-mit-hoher-rueckenlehne\"]}]},{\"@type\":\"ImageObject\",\"inLanguage\":\"de\",\"@id\":\"https:\\\/\\\/second2chance.de\\\/?product=profim-october-22-highback-lounge-sofa-akustiksofa-mit-hoher-rueckenlehne#primaryimage\",\"url\":\"https:\\\/\\\/second2chance.de\\\/wp-content\\\/uploads\\\/2026\\\/02\\\/DT-1078_1-2.png\",\"contentUrl\":\"https:\\\/\\\/second2chance.de\\\/wp-content\\\/uploads\\\/2026\\\/02\\\/DT-1078_1-2.png\",\"width\":1500,\"height\":2000},{\"@type\":\"BreadcrumbList\",\"@id\":\"https:\\\/\\\/second2chance.de\\\/?product=profim-october-22-highback-lounge-sofa-akustiksofa-mit-hoher-rueckenlehne#breadcrumb\",\"itemListElement\":[{\"@type\":\"ListItem\",\"position\":1,\"name\":\"Startseite\",\"item\":\"https:\\\/\\\/second2chance.de\\\/\"},{\"@type\":\"ListItem\",\"position\":2,\"name\":\"Shop\",\"item\":\"https:\\\/\\\/second2chance.de\\\/?page_id=7\"},{\"@type\":\"ListItem\",\"position\":3,\"name\":\"Profim October 22 Highback Lounge Sofa \u2013 Akustiksofa mit hoher R\u00fcckenlehne\"}]},{\"@type\":\"WebSite\",\"@id\":\"https:\\\/\\\/second2chance.de\\\/#website\",\"url\":\"https:\\\/\\\/second2chance.de\\\/\",\"name\":\"Second Chance\",\"description\":\"\",\"potentialAction\":[{\"@type\":\"SearchAction\",\"target\":{\"@type\":\"EntryPoint\",\"urlTemplate\":\"https:\\\/\\\/second2chance.de\\\/?s={search_term_string}\"},\"query-input\":{\"@type\":\"PropertyValueSpecification\",\"valueRequired\":true,\"valueName\":\"search_term_string\"}}],\"inLanguage\":\"de\"}]}<\/script>\n<!-- \/ Yoast SEO plugin. -->","yoast_head_json":{"title":"Profim October 22 Highback Lounge Sofa \u2013 Akustiksofa mit hoher R\u00fcckenlehne - Second Chance","robots":{"index":"index","follow":"follow","max-snippet":"max-snippet:-1","max-image-preview":"max-image-preview:large","max-video-preview":"max-video-preview:-1"},"canonical":"https:\/\/second2chance.de\/?product=profim-october-22-highback-lounge-sofa-akustiksofa-mit-hoher-rueckenlehne","og_locale":"de_DE","og_type":"article","og_title":"Profim October 22 Highback Lounge Sofa \u2013 Akustiksofa mit hoher R\u00fcckenlehne - Second Chance","og_description":"Hochwertiges Highback Lounge Sofa aus der Serie October 22 von Profim f\u00fcr den professionellen Einsatz in Empfangsbereichen, Lounges, Wartezonen und modernen B\u00fcroumgebungen; die hohe R\u00fcckenlehne schafft einen visuell und akustisch abgeschirmten Sitzbereich und unterst\u00fctzt R\u00fcckzug sowie konzentrierte Gespr\u00e4che in offenen [&hellip;]","og_url":"https:\/\/second2chance.de\/?product=profim-october-22-highback-lounge-sofa-akustiksofa-mit-hoher-rueckenlehne","og_site_name":"Second Chance","article_modified_time":"2026-03-09T23:27:04+00:00","og_image":[{"width":768,"height":1024,"url":"https:\/\/second2chance.de\/wp-content\/uploads\/2026\/02\/DT-1078_1-2-768x1024.png","type":"image\/png"}],"twitter_card":"summary_large_image","twitter_misc":{"Gesch\u00e4tzte Lesezeit":"1\u00a0Minute"},"schema":{"@context":"https:\/\/schema.org","@graph":[{"@type":"WebPage","@id":"https:\/\/second2chance.de\/?product=profim-october-22-highback-lounge-sofa-akustiksofa-mit-hoher-rueckenlehne","url":"https:\/\/second2chance.de\/?product=profim-october-22-highback-lounge-sofa-akustiksofa-mit-hoher-rueckenlehne","name":"Profim October 22 Highback Lounge Sofa \u2013 Akustiksofa mit hoher R\u00fcckenlehne - Second Chance","isPartOf":{"@id":"https:\/\/second2chance.de\/#website"},"primaryImageOfPage":{"@id":"https:\/\/second2chance.de\/?product=profim-october-22-highback-lounge-sofa-akustiksofa-mit-hoher-rueckenlehne#primaryimage"},"image":{"@id":"https:\/\/second2chance.de\/?product=profim-october-22-highback-lounge-sofa-akustiksofa-mit-hoher-rueckenlehne#primaryimage"},"thumbnailUrl":"https:\/\/second2chance.de\/wp-content\/uploads\/2026\/02\/DT-1078_1-2.png","datePublished":"2026-02-15T01:03:05+00:00","dateModified":"2026-03-09T23:27:04+00:00","breadcrumb":{"@id":"https:\/\/second2chance.de\/?product=profim-october-22-highback-lounge-sofa-akustiksofa-mit-hoher-rueckenlehne#breadcrumb"},"inLanguage":"de","potentialAction":[{"@type":"ReadAction","target":["https:\/\/second2chance.de\/?product=profim-october-22-highback-lounge-sofa-akustiksofa-mit-hoher-rueckenlehne"]}]},{"@type":"ImageObject","inLanguage":"de","@id":"https:\/\/second2chance.de\/?product=profim-october-22-highback-lounge-sofa-akustiksofa-mit-hoher-rueckenlehne#primaryimage","url":"https:\/\/second2chance.de\/wp-content\/uploads\/2026\/02\/DT-1078_1-2.png","contentUrl":"https:\/\/second2chance.de\/wp-content\/uploads\/2026\/02\/DT-1078_1-2.png","width":1500,"height":2000},{"@type":"BreadcrumbList","@id":"https:\/\/second2chance.de\/?product=profim-october-22-highback-lounge-sofa-akustiksofa-mit-hoher-rueckenlehne#breadcrumb","itemListElement":[{"@type":"ListItem","position":1,"name":"Startseite","item":"https:\/\/second2chance.de\/"},{"@type":"ListItem","position":2,"name":"Shop","item":"https:\/\/second2chance.de\/?page_id=7"},{"@type":"ListItem","position":3,"name":"Profim October 22 Highback Lounge Sofa \u2013 Akustiksofa mit hoher R\u00fcckenlehne"}]},{"@type":"WebSite","@id":"https:\/\/second2chance.de\/#website","url":"https:\/\/second2chance.de\/","name":"Second Chance","description":"","potentialAction":[{"@type":"SearchAction","target":{"@type":"EntryPoint","urlTemplate":"https:\/\/second2chance.de\/?s={search_term_string}"},"query-input":{"@type":"PropertyValueSpecification","valueRequired":true,"valueName":"search_term_string"}}],"inLanguage":"de"}]}},"_links":{"self":[{"href":"https:\/\/second2chance.de\/index.php?rest_route=\/wp\/v2\/product\/5317","targetHints":{"allow":["GET"]}}],"collection":[{"href":"https:\/\/second2chance.de\/index.php?rest_route=\/wp\/v2\/product"}],"about":[{"href":"https:\/\/second2chance.de\/index.php?rest_route=\/wp\/v2\/types\/product"}],"replies":[{"embeddable":true,"href":"https:\/\/second2chance.de\/index.php?rest_route=%2Fwp%2Fv2%2Fcomments&post=5317"}],"wp:featuredmedia":[{"embeddable":true,"href":"https:\/\/second2chance.de\/index.php?rest_route=\/wp\/v2\/media\/6845"}],"wp:attachment":[{"href":"https:\/\/second2chance.de\/index.php?rest_route=%2Fwp%2Fv2%2Fmedia&parent=5317"}],"wp:term":[{"taxonomy":"product_brand","embeddable":true,"href":"https:\/\/second2chance.de\/index.php?rest_route=%2Fwp%2Fv2%2Fproduct_brand&post=5317"},{"taxonomy":"product_cat","embeddable":true,"href":"https:\/\/second2chance.de\/index.php?rest_route=%2Fwp%2Fv2%2Fproduct_cat&post=5317"},{"taxonomy":"product_tag","embeddable":true,"href":"https:\/\/second2chance.de\/index.php?rest_route=%2Fwp%2Fv2%2Fproduct_tag&post=5317"}],"curies":[{"name":"wp","href":"https:\/\/api.w.org\/{rel}","templated":true}]}}