{"id":5307,"date":"2026-02-15T02:03:02","date_gmt":"2026-02-15T01:03:02","guid":{"rendered":"https:\/\/second2chance.de\/?product=artemide-tolomeo-tischleuchte-mit-tischklemme"},"modified":"2026-03-10T00:27:00","modified_gmt":"2026-03-09T23:27:00","slug":"artemide-tolomeo-tischleuchte-mit-tischklemme","status":"publish","type":"product","link":"https:\/\/second2chance.de\/?product=artemide-tolomeo-tischleuchte-mit-tischklemme","title":{"rendered":"Artemide Tolomeo Tischleuchte mit Tischklemme"},"content":{"rendered":"<p style=\"font-size:15px;line-height:1.7;margin-bottom:20px;color:#333\">Hochwertige Design-Tischleuchte des Herstellers Artemide, Modell Tolomeo, zur professionellen Arbeitsplatzbeleuchtung in B\u00fcros und Projektumgebungen. Die Leuchte eignet sich ideal f\u00fcr Schreibtische, Arbeitspl\u00e4tze und Besprechungsbereiche und bietet eine flexible, blendfreie Ausleuchtung f\u00fcr konzentriertes Arbeiten. Merkmale: Hersteller Artemide<\/p>\n<div style=\"background:#f8f9fa;padding:20px;border-radius:8px;margin:20px 0\">\n<h3 style=\"font-size:16px;font-weight:600;margin:0 0 15px 0;color:#1a1a1a\">Eigenschaften<\/h3>\n<ul style=\"margin:0;padding:0\">\n<li style=\"padding:8px 0;border-bottom:1px solid #e9ecef\"><span style=\"color:#555\">Modell Tolomeo<\/span><\/li>\n<li style=\"padding:8px 0;border-bottom:1px solid #e9ecef\"><span style=\"color:#555\">Ausf\u00fchrung mit Tischklemme<\/span><\/li>\n<li style=\"padding:8px 0;border-bottom:1px solid #e9ecef\"><span style=\"color:#555\">Verstellbare Gelenkarm-Konstruktion<\/span><\/li>\n<li style=\"padding:8px 0;border-bottom:1px solid #e9ecef\"><span style=\"color:#555\">Metallkonstruktion<\/span><\/li>\n<li style=\"padding:8px 0;border-bottom:1px solid #e9ecef\"><span style=\"color:#555\">Made in Italy<\/span><\/li>\n<li style=\"padding:8px 0;border-bottom:1px solid #e9ecef\"><strong style=\"color:#2271b1\">Geeignet f\u00fcr professionelle B\u00fcro- und Objektanwendungen. Zustand:<\/strong> <span style=\"color:#555\">Gebraucht, sehr gepflegt aus professionellem Einsatz, technisch voll funktionsf\u00e4hig und nachhaltig weiterverwendbar.<\/span><\/li>\n<\/ul>\n<\/div>\n<div style=\"background:#e8f4f8;padding:15px;border-left:4px solid #2271b1;margin-top:20px;border-radius:4px\">\n<p style=\"margin:0;font-size:14px;color:#555\">\u2705 <strong>Zustand:<\/strong>  Gebrauchtes Produkt aus professionellem Einsatz, gepr\u00fcft und funktionsf\u00e4hig.<\/p>\n<\/div>\n","protected":false},"excerpt":{"rendered":"<p>Hochwertige Design-Tischleuchte des Herstellers Artemide, Modell Tolomeo, zur professionellen Arbeitsplatzbeleuchtung in B\u00fcros und Projektumgebungen. Die Leuchte eignet sich ideal f\u00fcr Schreibtische, Arbeitspl\u00e4tze und Besprechungsbereiche und bietet eine flexible, blendfreie Ausleuchtung f\u00fcr konzentriertes Arbeiten. Merkmale: Hersteller Artemide Eigenschaften Modell Tolomeo Ausf\u00fchrung [&hellip;]<\/p>\n","protected":false},"featured_media":6621,"comment_status":"open","ping_status":"closed","template":"","meta":[],"product_brand":[],"product_cat":[150,119],"product_tag":[],"class_list":{"0":"post-5307","1":"product","2":"type-product","3":"status-publish","4":"has-post-thumbnail","6":"product_cat-tischleuchten-arbeitsplatzlampen","7":"product_cat-zubehoer-technik","9":"first","10":"instock","11":"shipping-taxable","12":"product-type-simple"},"yoast_head":"<!-- This site is optimized with the Yoast SEO plugin v27.3 - https:\/\/yoast.com\/product\/yoast-seo-wordpress\/ -->\n<title>Artemide Tolomeo Tischleuchte mit Tischklemme - Second Chance<\/title>\n<meta name=\"robots\" content=\"index, follow, max-snippet:-1, max-image-preview:large, max-video-preview:-1\" \/>\n<link rel=\"canonical\" href=\"https:\/\/second2chance.de\/?product=artemide-tolomeo-tischleuchte-mit-tischklemme\" \/>\n<meta property=\"og:locale\" content=\"de_DE\" \/>\n<meta property=\"og:type\" content=\"article\" \/>\n<meta property=\"og:title\" content=\"Artemide Tolomeo Tischleuchte mit Tischklemme - Second Chance\" \/>\n<meta property=\"og:description\" content=\"Hochwertige Design-Tischleuchte des Herstellers Artemide, Modell Tolomeo, zur professionellen Arbeitsplatzbeleuchtung in B\u00fcros und Projektumgebungen. Die Leuchte eignet sich ideal f\u00fcr Schreibtische, Arbeitspl\u00e4tze und Besprechungsbereiche und bietet eine flexible, blendfreie Ausleuchtung f\u00fcr konzentriertes Arbeiten. Merkmale: Hersteller Artemide Eigenschaften Modell Tolomeo Ausf\u00fchrung [&hellip;]\" \/>\n<meta property=\"og:url\" content=\"https:\/\/second2chance.de\/?product=artemide-tolomeo-tischleuchte-mit-tischklemme\" \/>\n<meta property=\"og:site_name\" content=\"Second Chance\" \/>\n<meta property=\"article:modified_time\" content=\"2026-03-09T23:27:00+00:00\" \/>\n<meta property=\"og:image\" content=\"https:\/\/second2chance.de\/wp-content\/uploads\/2026\/02\/DT-1068_1-1-768x1024.png\" \/>\n\t<meta property=\"og:image:width\" content=\"768\" \/>\n\t<meta property=\"og:image:height\" content=\"1024\" \/>\n\t<meta property=\"og:image:type\" content=\"image\/png\" \/>\n<meta name=\"twitter:card\" content=\"summary_large_image\" \/>\n<script type=\"application\/ld+json\" class=\"yoast-schema-graph\">{\"@context\":\"https:\\\/\\\/schema.org\",\"@graph\":[{\"@type\":\"WebPage\",\"@id\":\"https:\\\/\\\/second2chance.de\\\/?product=artemide-tolomeo-tischleuchte-mit-tischklemme\",\"url\":\"https:\\\/\\\/second2chance.de\\\/?product=artemide-tolomeo-tischleuchte-mit-tischklemme\",\"name\":\"Artemide Tolomeo Tischleuchte mit Tischklemme - Second Chance\",\"isPartOf\":{\"@id\":\"https:\\\/\\\/second2chance.de\\\/#website\"},\"primaryImageOfPage\":{\"@id\":\"https:\\\/\\\/second2chance.de\\\/?product=artemide-tolomeo-tischleuchte-mit-tischklemme#primaryimage\"},\"image\":{\"@id\":\"https:\\\/\\\/second2chance.de\\\/?product=artemide-tolomeo-tischleuchte-mit-tischklemme#primaryimage\"},\"thumbnailUrl\":\"https:\\\/\\\/second2chance.de\\\/wp-content\\\/uploads\\\/2026\\\/02\\\/DT-1068_1-1.png\",\"datePublished\":\"2026-02-15T01:03:02+00:00\",\"dateModified\":\"2026-03-09T23:27:00+00:00\",\"breadcrumb\":{\"@id\":\"https:\\\/\\\/second2chance.de\\\/?product=artemide-tolomeo-tischleuchte-mit-tischklemme#breadcrumb\"},\"inLanguage\":\"de\",\"potentialAction\":[{\"@type\":\"ReadAction\",\"target\":[\"https:\\\/\\\/second2chance.de\\\/?product=artemide-tolomeo-tischleuchte-mit-tischklemme\"]}]},{\"@type\":\"ImageObject\",\"inLanguage\":\"de\",\"@id\":\"https:\\\/\\\/second2chance.de\\\/?product=artemide-tolomeo-tischleuchte-mit-tischklemme#primaryimage\",\"url\":\"https:\\\/\\\/second2chance.de\\\/wp-content\\\/uploads\\\/2026\\\/02\\\/DT-1068_1-1.png\",\"contentUrl\":\"https:\\\/\\\/second2chance.de\\\/wp-content\\\/uploads\\\/2026\\\/02\\\/DT-1068_1-1.png\",\"width\":1500,\"height\":2000},{\"@type\":\"BreadcrumbList\",\"@id\":\"https:\\\/\\\/second2chance.de\\\/?product=artemide-tolomeo-tischleuchte-mit-tischklemme#breadcrumb\",\"itemListElement\":[{\"@type\":\"ListItem\",\"position\":1,\"name\":\"Startseite\",\"item\":\"https:\\\/\\\/second2chance.de\\\/\"},{\"@type\":\"ListItem\",\"position\":2,\"name\":\"Shop\",\"item\":\"https:\\\/\\\/second2chance.de\\\/?page_id=7\"},{\"@type\":\"ListItem\",\"position\":3,\"name\":\"Artemide Tolomeo Tischleuchte mit Tischklemme\"}]},{\"@type\":\"WebSite\",\"@id\":\"https:\\\/\\\/second2chance.de\\\/#website\",\"url\":\"https:\\\/\\\/second2chance.de\\\/\",\"name\":\"Second Chance\",\"description\":\"\",\"potentialAction\":[{\"@type\":\"SearchAction\",\"target\":{\"@type\":\"EntryPoint\",\"urlTemplate\":\"https:\\\/\\\/second2chance.de\\\/?s={search_term_string}\"},\"query-input\":{\"@type\":\"PropertyValueSpecification\",\"valueRequired\":true,\"valueName\":\"search_term_string\"}}],\"inLanguage\":\"de\"}]}<\/script>\n<!-- \/ Yoast SEO plugin. -->","yoast_head_json":{"title":"Artemide Tolomeo Tischleuchte mit Tischklemme - Second Chance","robots":{"index":"index","follow":"follow","max-snippet":"max-snippet:-1","max-image-preview":"max-image-preview:large","max-video-preview":"max-video-preview:-1"},"canonical":"https:\/\/second2chance.de\/?product=artemide-tolomeo-tischleuchte-mit-tischklemme","og_locale":"de_DE","og_type":"article","og_title":"Artemide Tolomeo Tischleuchte mit Tischklemme - Second Chance","og_description":"Hochwertige Design-Tischleuchte des Herstellers Artemide, Modell Tolomeo, zur professionellen Arbeitsplatzbeleuchtung in B\u00fcros und Projektumgebungen. Die Leuchte eignet sich ideal f\u00fcr Schreibtische, Arbeitspl\u00e4tze und Besprechungsbereiche und bietet eine flexible, blendfreie Ausleuchtung f\u00fcr konzentriertes Arbeiten. Merkmale: Hersteller Artemide Eigenschaften Modell Tolomeo Ausf\u00fchrung [&hellip;]","og_url":"https:\/\/second2chance.de\/?product=artemide-tolomeo-tischleuchte-mit-tischklemme","og_site_name":"Second Chance","article_modified_time":"2026-03-09T23:27:00+00:00","og_image":[{"width":768,"height":1024,"url":"https:\/\/second2chance.de\/wp-content\/uploads\/2026\/02\/DT-1068_1-1-768x1024.png","type":"image\/png"}],"twitter_card":"summary_large_image","schema":{"@context":"https:\/\/schema.org","@graph":[{"@type":"WebPage","@id":"https:\/\/second2chance.de\/?product=artemide-tolomeo-tischleuchte-mit-tischklemme","url":"https:\/\/second2chance.de\/?product=artemide-tolomeo-tischleuchte-mit-tischklemme","name":"Artemide Tolomeo Tischleuchte mit Tischklemme - Second Chance","isPartOf":{"@id":"https:\/\/second2chance.de\/#website"},"primaryImageOfPage":{"@id":"https:\/\/second2chance.de\/?product=artemide-tolomeo-tischleuchte-mit-tischklemme#primaryimage"},"image":{"@id":"https:\/\/second2chance.de\/?product=artemide-tolomeo-tischleuchte-mit-tischklemme#primaryimage"},"thumbnailUrl":"https:\/\/second2chance.de\/wp-content\/uploads\/2026\/02\/DT-1068_1-1.png","datePublished":"2026-02-15T01:03:02+00:00","dateModified":"2026-03-09T23:27:00+00:00","breadcrumb":{"@id":"https:\/\/second2chance.de\/?product=artemide-tolomeo-tischleuchte-mit-tischklemme#breadcrumb"},"inLanguage":"de","potentialAction":[{"@type":"ReadAction","target":["https:\/\/second2chance.de\/?product=artemide-tolomeo-tischleuchte-mit-tischklemme"]}]},{"@type":"ImageObject","inLanguage":"de","@id":"https:\/\/second2chance.de\/?product=artemide-tolomeo-tischleuchte-mit-tischklemme#primaryimage","url":"https:\/\/second2chance.de\/wp-content\/uploads\/2026\/02\/DT-1068_1-1.png","contentUrl":"https:\/\/second2chance.de\/wp-content\/uploads\/2026\/02\/DT-1068_1-1.png","width":1500,"height":2000},{"@type":"BreadcrumbList","@id":"https:\/\/second2chance.de\/?product=artemide-tolomeo-tischleuchte-mit-tischklemme#breadcrumb","itemListElement":[{"@type":"ListItem","position":1,"name":"Startseite","item":"https:\/\/second2chance.de\/"},{"@type":"ListItem","position":2,"name":"Shop","item":"https:\/\/second2chance.de\/?page_id=7"},{"@type":"ListItem","position":3,"name":"Artemide Tolomeo Tischleuchte mit Tischklemme"}]},{"@type":"WebSite","@id":"https:\/\/second2chance.de\/#website","url":"https:\/\/second2chance.de\/","name":"Second Chance","description":"","potentialAction":[{"@type":"SearchAction","target":{"@type":"EntryPoint","urlTemplate":"https:\/\/second2chance.de\/?s={search_term_string}"},"query-input":{"@type":"PropertyValueSpecification","valueRequired":true,"valueName":"search_term_string"}}],"inLanguage":"de"}]}},"_links":{"self":[{"href":"https:\/\/second2chance.de\/index.php?rest_route=\/wp\/v2\/product\/5307","targetHints":{"allow":["GET"]}}],"collection":[{"href":"https:\/\/second2chance.de\/index.php?rest_route=\/wp\/v2\/product"}],"about":[{"href":"https:\/\/second2chance.de\/index.php?rest_route=\/wp\/v2\/types\/product"}],"replies":[{"embeddable":true,"href":"https:\/\/second2chance.de\/index.php?rest_route=%2Fwp%2Fv2%2Fcomments&post=5307"}],"wp:featuredmedia":[{"embeddable":true,"href":"https:\/\/second2chance.de\/index.php?rest_route=\/wp\/v2\/media\/6621"}],"wp:attachment":[{"href":"https:\/\/second2chance.de\/index.php?rest_route=%2Fwp%2Fv2%2Fmedia&parent=5307"}],"wp:term":[{"taxonomy":"product_brand","embeddable":true,"href":"https:\/\/second2chance.de\/index.php?rest_route=%2Fwp%2Fv2%2Fproduct_brand&post=5307"},{"taxonomy":"product_cat","embeddable":true,"href":"https:\/\/second2chance.de\/index.php?rest_route=%2Fwp%2Fv2%2Fproduct_cat&post=5307"},{"taxonomy":"product_tag","embeddable":true,"href":"https:\/\/second2chance.de\/index.php?rest_route=%2Fwp%2Fv2%2Fproduct_tag&post=5307"}],"curies":[{"name":"wp","href":"https:\/\/api.w.org\/{rel}","templated":true}]}}