{"id":5291,"date":"2026-02-15T02:02:57","date_gmt":"2026-02-15T01:02:57","guid":{"rendered":"https:\/\/second2chance.de\/?product=interstuhl-buddyis3-270b-konferenz-drehstuhl"},"modified":"2026-03-10T00:26:55","modified_gmt":"2026-03-09T23:26:55","slug":"interstuhl-buddyis3-270b-konferenz-drehstuhl","status":"publish","type":"product","link":"https:\/\/second2chance.de\/?product=interstuhl-buddyis3-270b-konferenz-drehstuhl","title":{"rendered":"Interstuhl BUDDYis3 270B Konferenz-Drehstuhl"},"content":{"rendered":"<p style=\"font-size:15px;line-height:1.7;margin-bottom:20px;color:#333\">Moderner Konferenz- und Besprechungsstuhl des Herstellers Interstuhl, Modell BUDDYis3 270B<\/p>\n<div style=\"background:#f8f9fa;padding:20px;border-radius:8px;margin:20px 0\">\n<h3 style=\"font-size:16px;font-weight:600;margin:0 0 15px 0;color:#1a1a1a\">Eigenschaften<\/h3>\n<ul style=\"margin:0;padding:0\">\n<li style=\"padding:8px 0;border-bottom:1px solid #e9ecef\"><span style=\"color:#555\">Ideal f\u00fcr Konferenzr\u00e4ume, Meetingzonen und flexible B\u00fcrofl\u00e4chen<\/span><\/li>\n<li style=\"padding:8px 0;border-bottom:1px solid #e9ecef\"><span style=\"color:#555\">Kombination aus Beweglichkeit und Sitzkomfort f\u00fcr k\u00fcrzere bis mittlere Sitzzeiten<\/span><\/li>\n<li style=\"padding:8px 0;border-bottom:1px solid #e9ecef\"><span style=\"color:#555\">Netzr\u00fccken f\u00fcr gute Luftzirkulation<\/span><\/li>\n<li style=\"padding:8px 0;border-bottom:1px solid #e9ecef\"><span style=\"color:#555\">Gepolsterte Sitzfl\u00e4che<\/span><\/li>\n<li style=\"padding:8px 0;border-bottom:1px solid #e9ecef\"><span style=\"color:#555\">Wippmechanik<\/span><\/li>\n<li style=\"padding:8px 0;border-bottom:1px solid #e9ecef\"><span style=\"color:#555\">Sitzh\u00f6henverstellung ca. 42<\/span><\/li>\n<li style=\"padding:8px 0;border-bottom:1px solid #e9ecef\"><span style=\"color:#555\">\ufffd53 cm<\/span><\/li>\n<li style=\"padding:8px 0;border-bottom:1px solid #e9ecef\"><span style=\"color:#555\">Fixe Armlehnen<\/span><\/li>\n<li style=\"padding:8px 0;border-bottom:1px solid #e9ecef\"><span style=\"color:#555\">Leichtes Fu\u00dfkreuz mit Rollen<\/span><\/li>\n<li style=\"padding:8px 0;border-bottom:1px solid #e9ecef\"><span style=\"color:#555\">Gebrauchtm\u00f6bel in sehr gutem, funktionsf\u00e4higem Zustand<\/span><\/li>\n<li style=\"padding:8px 0;border-bottom:1px solid #e9ecef\"><span style=\"color:#555\">\ufffd nachhaltige Alternative zur Neuanschaffung<\/span><\/li>\n<\/ul>\n<\/div>\n<div style=\"background:#e8f4f8;padding:15px;border-left:4px solid #2271b1;margin-top:20px;border-radius:4px\">\n<p style=\"margin:0;font-size:14px;color:#555\">\u2705 <strong>Zustand:<\/strong>  Gebrauchtes Produkt aus professionellem Einsatz, gepr\u00fcft und funktionsf\u00e4hig.<\/p>\n<\/div>\n","protected":false},"excerpt":{"rendered":"<p>Moderner Konferenz- und Besprechungsstuhl des Herstellers Interstuhl, Modell BUDDYis3 270B Eigenschaften Ideal f\u00fcr Konferenzr\u00e4ume, Meetingzonen und flexible B\u00fcrofl\u00e4chen Kombination aus Beweglichkeit und Sitzkomfort f\u00fcr k\u00fcrzere bis mittlere Sitzzeiten Netzr\u00fccken f\u00fcr gute Luftzirkulation Gepolsterte Sitzfl\u00e4che Wippmechanik Sitzh\u00f6henverstellung ca. 42 \ufffd53 cm [&hellip;]<\/p>\n","protected":false},"featured_media":6768,"comment_status":"open","ping_status":"closed","template":"","meta":[],"product_brand":[],"product_cat":[104,99],"product_tag":[],"class_list":{"0":"post-5291","1":"product","2":"type-product","3":"status-publish","4":"has-post-thumbnail","6":"product_cat-konferenzstuehle","7":"product_cat-stuehle-sitzmoebel","9":"first","10":"instock","11":"shipping-taxable","12":"product-type-simple"},"yoast_head":"<!-- This site is optimized with the Yoast SEO plugin v27.3 - https:\/\/yoast.com\/product\/yoast-seo-wordpress\/ -->\n<title>Interstuhl BUDDYis3 270B Konferenz-Drehstuhl - Second Chance<\/title>\n<meta name=\"robots\" content=\"index, follow, max-snippet:-1, max-image-preview:large, max-video-preview:-1\" \/>\n<link rel=\"canonical\" href=\"https:\/\/second2chance.de\/?product=interstuhl-buddyis3-270b-konferenz-drehstuhl\" \/>\n<meta property=\"og:locale\" content=\"de_DE\" \/>\n<meta property=\"og:type\" content=\"article\" \/>\n<meta property=\"og:title\" content=\"Interstuhl BUDDYis3 270B Konferenz-Drehstuhl - Second Chance\" \/>\n<meta property=\"og:description\" content=\"Moderner Konferenz- und Besprechungsstuhl des Herstellers Interstuhl, Modell BUDDYis3 270B Eigenschaften Ideal f\u00fcr Konferenzr\u00e4ume, Meetingzonen und flexible B\u00fcrofl\u00e4chen Kombination aus Beweglichkeit und Sitzkomfort f\u00fcr k\u00fcrzere bis mittlere Sitzzeiten Netzr\u00fccken f\u00fcr gute Luftzirkulation Gepolsterte Sitzfl\u00e4che Wippmechanik Sitzh\u00f6henverstellung ca. 42 \ufffd53 cm [&hellip;]\" \/>\n<meta property=\"og:url\" content=\"https:\/\/second2chance.de\/?product=interstuhl-buddyis3-270b-konferenz-drehstuhl\" \/>\n<meta property=\"og:site_name\" content=\"Second Chance\" \/>\n<meta property=\"article:modified_time\" content=\"2026-03-09T23:26:55+00:00\" \/>\n<meta property=\"og:image\" content=\"https:\/\/second2chance.de\/wp-content\/uploads\/2026\/02\/DT-1052_1-2-768x1024.png\" \/>\n\t<meta property=\"og:image:width\" content=\"768\" \/>\n\t<meta property=\"og:image:height\" content=\"1024\" \/>\n\t<meta property=\"og:image:type\" content=\"image\/png\" \/>\n<meta name=\"twitter:card\" content=\"summary_large_image\" \/>\n<script type=\"application\/ld+json\" class=\"yoast-schema-graph\">{\"@context\":\"https:\\\/\\\/schema.org\",\"@graph\":[{\"@type\":\"WebPage\",\"@id\":\"https:\\\/\\\/second2chance.de\\\/?product=interstuhl-buddyis3-270b-konferenz-drehstuhl\",\"url\":\"https:\\\/\\\/second2chance.de\\\/?product=interstuhl-buddyis3-270b-konferenz-drehstuhl\",\"name\":\"Interstuhl BUDDYis3 270B Konferenz-Drehstuhl - Second Chance\",\"isPartOf\":{\"@id\":\"https:\\\/\\\/second2chance.de\\\/#website\"},\"primaryImageOfPage\":{\"@id\":\"https:\\\/\\\/second2chance.de\\\/?product=interstuhl-buddyis3-270b-konferenz-drehstuhl#primaryimage\"},\"image\":{\"@id\":\"https:\\\/\\\/second2chance.de\\\/?product=interstuhl-buddyis3-270b-konferenz-drehstuhl#primaryimage\"},\"thumbnailUrl\":\"https:\\\/\\\/second2chance.de\\\/wp-content\\\/uploads\\\/2026\\\/02\\\/DT-1052_1-2.png\",\"datePublished\":\"2026-02-15T01:02:57+00:00\",\"dateModified\":\"2026-03-09T23:26:55+00:00\",\"breadcrumb\":{\"@id\":\"https:\\\/\\\/second2chance.de\\\/?product=interstuhl-buddyis3-270b-konferenz-drehstuhl#breadcrumb\"},\"inLanguage\":\"de\",\"potentialAction\":[{\"@type\":\"ReadAction\",\"target\":[\"https:\\\/\\\/second2chance.de\\\/?product=interstuhl-buddyis3-270b-konferenz-drehstuhl\"]}]},{\"@type\":\"ImageObject\",\"inLanguage\":\"de\",\"@id\":\"https:\\\/\\\/second2chance.de\\\/?product=interstuhl-buddyis3-270b-konferenz-drehstuhl#primaryimage\",\"url\":\"https:\\\/\\\/second2chance.de\\\/wp-content\\\/uploads\\\/2026\\\/02\\\/DT-1052_1-2.png\",\"contentUrl\":\"https:\\\/\\\/second2chance.de\\\/wp-content\\\/uploads\\\/2026\\\/02\\\/DT-1052_1-2.png\",\"width\":1500,\"height\":2000},{\"@type\":\"BreadcrumbList\",\"@id\":\"https:\\\/\\\/second2chance.de\\\/?product=interstuhl-buddyis3-270b-konferenz-drehstuhl#breadcrumb\",\"itemListElement\":[{\"@type\":\"ListItem\",\"position\":1,\"name\":\"Startseite\",\"item\":\"https:\\\/\\\/second2chance.de\\\/\"},{\"@type\":\"ListItem\",\"position\":2,\"name\":\"Shop\",\"item\":\"https:\\\/\\\/second2chance.de\\\/?page_id=7\"},{\"@type\":\"ListItem\",\"position\":3,\"name\":\"Interstuhl BUDDYis3 270B Konferenz-Drehstuhl\"}]},{\"@type\":\"WebSite\",\"@id\":\"https:\\\/\\\/second2chance.de\\\/#website\",\"url\":\"https:\\\/\\\/second2chance.de\\\/\",\"name\":\"Second Chance\",\"description\":\"\",\"potentialAction\":[{\"@type\":\"SearchAction\",\"target\":{\"@type\":\"EntryPoint\",\"urlTemplate\":\"https:\\\/\\\/second2chance.de\\\/?s={search_term_string}\"},\"query-input\":{\"@type\":\"PropertyValueSpecification\",\"valueRequired\":true,\"valueName\":\"search_term_string\"}}],\"inLanguage\":\"de\"}]}<\/script>\n<!-- \/ Yoast SEO plugin. -->","yoast_head_json":{"title":"Interstuhl BUDDYis3 270B Konferenz-Drehstuhl - Second Chance","robots":{"index":"index","follow":"follow","max-snippet":"max-snippet:-1","max-image-preview":"max-image-preview:large","max-video-preview":"max-video-preview:-1"},"canonical":"https:\/\/second2chance.de\/?product=interstuhl-buddyis3-270b-konferenz-drehstuhl","og_locale":"de_DE","og_type":"article","og_title":"Interstuhl BUDDYis3 270B Konferenz-Drehstuhl - Second Chance","og_description":"Moderner Konferenz- und Besprechungsstuhl des Herstellers Interstuhl, Modell BUDDYis3 270B Eigenschaften Ideal f\u00fcr Konferenzr\u00e4ume, Meetingzonen und flexible B\u00fcrofl\u00e4chen Kombination aus Beweglichkeit und Sitzkomfort f\u00fcr k\u00fcrzere bis mittlere Sitzzeiten Netzr\u00fccken f\u00fcr gute Luftzirkulation Gepolsterte Sitzfl\u00e4che Wippmechanik Sitzh\u00f6henverstellung ca. 42 \ufffd53 cm [&hellip;]","og_url":"https:\/\/second2chance.de\/?product=interstuhl-buddyis3-270b-konferenz-drehstuhl","og_site_name":"Second Chance","article_modified_time":"2026-03-09T23:26:55+00:00","og_image":[{"width":768,"height":1024,"url":"https:\/\/second2chance.de\/wp-content\/uploads\/2026\/02\/DT-1052_1-2-768x1024.png","type":"image\/png"}],"twitter_card":"summary_large_image","schema":{"@context":"https:\/\/schema.org","@graph":[{"@type":"WebPage","@id":"https:\/\/second2chance.de\/?product=interstuhl-buddyis3-270b-konferenz-drehstuhl","url":"https:\/\/second2chance.de\/?product=interstuhl-buddyis3-270b-konferenz-drehstuhl","name":"Interstuhl BUDDYis3 270B Konferenz-Drehstuhl - Second Chance","isPartOf":{"@id":"https:\/\/second2chance.de\/#website"},"primaryImageOfPage":{"@id":"https:\/\/second2chance.de\/?product=interstuhl-buddyis3-270b-konferenz-drehstuhl#primaryimage"},"image":{"@id":"https:\/\/second2chance.de\/?product=interstuhl-buddyis3-270b-konferenz-drehstuhl#primaryimage"},"thumbnailUrl":"https:\/\/second2chance.de\/wp-content\/uploads\/2026\/02\/DT-1052_1-2.png","datePublished":"2026-02-15T01:02:57+00:00","dateModified":"2026-03-09T23:26:55+00:00","breadcrumb":{"@id":"https:\/\/second2chance.de\/?product=interstuhl-buddyis3-270b-konferenz-drehstuhl#breadcrumb"},"inLanguage":"de","potentialAction":[{"@type":"ReadAction","target":["https:\/\/second2chance.de\/?product=interstuhl-buddyis3-270b-konferenz-drehstuhl"]}]},{"@type":"ImageObject","inLanguage":"de","@id":"https:\/\/second2chance.de\/?product=interstuhl-buddyis3-270b-konferenz-drehstuhl#primaryimage","url":"https:\/\/second2chance.de\/wp-content\/uploads\/2026\/02\/DT-1052_1-2.png","contentUrl":"https:\/\/second2chance.de\/wp-content\/uploads\/2026\/02\/DT-1052_1-2.png","width":1500,"height":2000},{"@type":"BreadcrumbList","@id":"https:\/\/second2chance.de\/?product=interstuhl-buddyis3-270b-konferenz-drehstuhl#breadcrumb","itemListElement":[{"@type":"ListItem","position":1,"name":"Startseite","item":"https:\/\/second2chance.de\/"},{"@type":"ListItem","position":2,"name":"Shop","item":"https:\/\/second2chance.de\/?page_id=7"},{"@type":"ListItem","position":3,"name":"Interstuhl BUDDYis3 270B Konferenz-Drehstuhl"}]},{"@type":"WebSite","@id":"https:\/\/second2chance.de\/#website","url":"https:\/\/second2chance.de\/","name":"Second Chance","description":"","potentialAction":[{"@type":"SearchAction","target":{"@type":"EntryPoint","urlTemplate":"https:\/\/second2chance.de\/?s={search_term_string}"},"query-input":{"@type":"PropertyValueSpecification","valueRequired":true,"valueName":"search_term_string"}}],"inLanguage":"de"}]}},"_links":{"self":[{"href":"https:\/\/second2chance.de\/index.php?rest_route=\/wp\/v2\/product\/5291","targetHints":{"allow":["GET"]}}],"collection":[{"href":"https:\/\/second2chance.de\/index.php?rest_route=\/wp\/v2\/product"}],"about":[{"href":"https:\/\/second2chance.de\/index.php?rest_route=\/wp\/v2\/types\/product"}],"replies":[{"embeddable":true,"href":"https:\/\/second2chance.de\/index.php?rest_route=%2Fwp%2Fv2%2Fcomments&post=5291"}],"wp:featuredmedia":[{"embeddable":true,"href":"https:\/\/second2chance.de\/index.php?rest_route=\/wp\/v2\/media\/6768"}],"wp:attachment":[{"href":"https:\/\/second2chance.de\/index.php?rest_route=%2Fwp%2Fv2%2Fmedia&parent=5291"}],"wp:term":[{"taxonomy":"product_brand","embeddable":true,"href":"https:\/\/second2chance.de\/index.php?rest_route=%2Fwp%2Fv2%2Fproduct_brand&post=5291"},{"taxonomy":"product_cat","embeddable":true,"href":"https:\/\/second2chance.de\/index.php?rest_route=%2Fwp%2Fv2%2Fproduct_cat&post=5291"},{"taxonomy":"product_tag","embeddable":true,"href":"https:\/\/second2chance.de\/index.php?rest_route=%2Fwp%2Fv2%2Fproduct_tag&post=5291"}],"curies":[{"name":"wp","href":"https:\/\/api.w.org\/{rel}","templated":true}]}}