{"id":5288,"date":"2026-02-15T02:02:56","date_gmt":"2026-02-15T01:02:56","guid":{"rendered":"https:\/\/second2chance.de\/?product=dauphin-amico-stapelstuhl-besucherstuhl"},"modified":"2026-03-10T00:26:55","modified_gmt":"2026-03-09T23:26:55","slug":"dauphin-amico-stapelstuhl-besucherstuhl","status":"publish","type":"product","link":"https:\/\/second2chance.de\/?product=dauphin-amico-stapelstuhl-besucherstuhl","title":{"rendered":"Dauphin Amico Stapelstuhl Besucherstuhl"},"content":{"rendered":"<p style=\"font-size:15px;line-height:1.7;margin-bottom:20px;color:#333\">Hochwertiger Stapelstuhl des Markenherstellers Dauphin aus der Serie Amico f\u00fcr den professionellen Einsatz im Objekt- und B\u00fcrobereich<\/p>\n<div style=\"background:#f8f9fa;padding:20px;border-radius:8px;margin:20px 0\">\n<h3 style=\"font-size:16px;font-weight:600;margin:0 0 15px 0;color:#1a1a1a\">Eigenschaften<\/h3>\n<ul style=\"margin:0;padding:0\">\n<li style=\"padding:8px 0;border-bottom:1px solid #e9ecef\"><span style=\"color:#555\">Geeignet f\u00fcr Konferenzr\u00e4ume, Wartebereiche, Schulungsr\u00e4ume, Agenturen oder Mehrzweckfl\u00e4chen, bei denen Flexibilit\u00e4t und platzsparende M\u00f6blierung gefragt sind<\/span><\/li>\n<li style=\"padding:8px 0;border-bottom:1px solid #e9ecef\"><span style=\"color:#555\">Stapelbare Ausf\u00fchrung erm\u00f6glicht eine effiziente Lagerung und einfache Handhabung im t\u00e4glichen Betrieb<\/span><\/li>\n<li style=\"padding:8px 0;border-bottom:1px solid #e9ecef\"><span style=\"color:#555\">Solide Holzschale mit gepolsterter Sitz- und R\u00fcckenfl\u00e4che f\u00fcr angenehmen Sitzkomfort auch bei l\u00e4ngerer Nutzung<\/span><\/li>\n<li style=\"padding:8px 0;border-bottom:1px solid #e9ecef\"><span style=\"color:#555\">Stabiles Gestell in klassischer Ausf\u00fchrung, f\u00fcr den Einsatz in frequentierten Bereichen konzipiert<\/span><\/li>\n<li style=\"padding:8px 0;border-bottom:1px solid #e9ecef\"><span style=\"color:#555\">Gebrauchtm\u00f6bel in sehr gutem Zustand mit gepr\u00fcfter Funktionalit\u00e4t, ideal zur nachhaltigen Erg\u00e4nzung oder Ausstattung gr\u00f6\u00dferer B\u00fcro- und Projektfl\u00e4chen durch Wiederverwendung hochwertiger Markenm\u00f6bel<\/span><\/li>\n<\/ul>\n<\/div>\n<div style=\"background:#e8f4f8;padding:15px;border-left:4px solid #2271b1;margin-top:20px;border-radius:4px\">\n<p style=\"margin:0;font-size:14px;color:#555\">\u2705 <strong>Zustand:<\/strong>  Gebrauchtes Produkt aus professionellem Einsatz, gepr\u00fcft und funktionsf\u00e4hig.<\/p>\n<\/div>\n","protected":false},"excerpt":{"rendered":"<p>Hochwertiger Stapelstuhl des Markenherstellers Dauphin aus der Serie Amico f\u00fcr den professionellen Einsatz im Objekt- und B\u00fcrobereich Eigenschaften Geeignet f\u00fcr Konferenzr\u00e4ume, Wartebereiche, Schulungsr\u00e4ume, Agenturen oder Mehrzweckfl\u00e4chen, bei denen Flexibilit\u00e4t und platzsparende M\u00f6blierung gefragt sind Stapelbare Ausf\u00fchrung erm\u00f6glicht eine effiziente Lagerung [&hellip;]<\/p>\n","protected":false},"featured_media":6560,"comment_status":"open","ping_status":"closed","template":"","meta":[],"product_brand":[],"product_cat":[145,99],"product_tag":[],"class_list":{"0":"post-5288","1":"product","2":"type-product","3":"status-publish","4":"has-post-thumbnail","6":"product_cat-besuchersuehle","7":"product_cat-stuehle-sitzmoebel","9":"first","10":"instock","11":"shipping-taxable","12":"product-type-simple"},"yoast_head":"<!-- This site is optimized with the Yoast SEO plugin v27.3 - https:\/\/yoast.com\/product\/yoast-seo-wordpress\/ -->\n<title>Dauphin Amico Stapelstuhl Besucherstuhl - Second Chance<\/title>\n<meta name=\"robots\" content=\"index, follow, max-snippet:-1, max-image-preview:large, max-video-preview:-1\" \/>\n<link rel=\"canonical\" href=\"https:\/\/second2chance.de\/?product=dauphin-amico-stapelstuhl-besucherstuhl\" \/>\n<meta property=\"og:locale\" content=\"de_DE\" \/>\n<meta property=\"og:type\" content=\"article\" \/>\n<meta property=\"og:title\" content=\"Dauphin Amico Stapelstuhl Besucherstuhl - Second Chance\" \/>\n<meta property=\"og:description\" content=\"Hochwertiger Stapelstuhl des Markenherstellers Dauphin aus der Serie Amico f\u00fcr den professionellen Einsatz im Objekt- und B\u00fcrobereich Eigenschaften Geeignet f\u00fcr Konferenzr\u00e4ume, Wartebereiche, Schulungsr\u00e4ume, Agenturen oder Mehrzweckfl\u00e4chen, bei denen Flexibilit\u00e4t und platzsparende M\u00f6blierung gefragt sind Stapelbare Ausf\u00fchrung erm\u00f6glicht eine effiziente Lagerung [&hellip;]\" \/>\n<meta property=\"og:url\" content=\"https:\/\/second2chance.de\/?product=dauphin-amico-stapelstuhl-besucherstuhl\" \/>\n<meta property=\"og:site_name\" content=\"Second Chance\" \/>\n<meta property=\"article:modified_time\" content=\"2026-03-09T23:26:55+00:00\" \/>\n<meta property=\"og:image\" content=\"https:\/\/second2chance.de\/wp-content\/uploads\/2026\/02\/DT-1049_1-768x1024.png\" \/>\n\t<meta property=\"og:image:width\" content=\"768\" \/>\n\t<meta property=\"og:image:height\" content=\"1024\" \/>\n\t<meta property=\"og:image:type\" content=\"image\/png\" \/>\n<meta name=\"twitter:card\" content=\"summary_large_image\" \/>\n<meta name=\"twitter:label1\" content=\"Gesch\u00e4tzte Lesezeit\" \/>\n\t<meta name=\"twitter:data1\" content=\"1\u00a0Minute\" \/>\n<script type=\"application\/ld+json\" class=\"yoast-schema-graph\">{\"@context\":\"https:\\\/\\\/schema.org\",\"@graph\":[{\"@type\":\"WebPage\",\"@id\":\"https:\\\/\\\/second2chance.de\\\/?product=dauphin-amico-stapelstuhl-besucherstuhl\",\"url\":\"https:\\\/\\\/second2chance.de\\\/?product=dauphin-amico-stapelstuhl-besucherstuhl\",\"name\":\"Dauphin Amico Stapelstuhl Besucherstuhl - Second Chance\",\"isPartOf\":{\"@id\":\"https:\\\/\\\/second2chance.de\\\/#website\"},\"primaryImageOfPage\":{\"@id\":\"https:\\\/\\\/second2chance.de\\\/?product=dauphin-amico-stapelstuhl-besucherstuhl#primaryimage\"},\"image\":{\"@id\":\"https:\\\/\\\/second2chance.de\\\/?product=dauphin-amico-stapelstuhl-besucherstuhl#primaryimage\"},\"thumbnailUrl\":\"https:\\\/\\\/second2chance.de\\\/wp-content\\\/uploads\\\/2026\\\/02\\\/DT-1049_1.png\",\"datePublished\":\"2026-02-15T01:02:56+00:00\",\"dateModified\":\"2026-03-09T23:26:55+00:00\",\"breadcrumb\":{\"@id\":\"https:\\\/\\\/second2chance.de\\\/?product=dauphin-amico-stapelstuhl-besucherstuhl#breadcrumb\"},\"inLanguage\":\"de\",\"potentialAction\":[{\"@type\":\"ReadAction\",\"target\":[\"https:\\\/\\\/second2chance.de\\\/?product=dauphin-amico-stapelstuhl-besucherstuhl\"]}]},{\"@type\":\"ImageObject\",\"inLanguage\":\"de\",\"@id\":\"https:\\\/\\\/second2chance.de\\\/?product=dauphin-amico-stapelstuhl-besucherstuhl#primaryimage\",\"url\":\"https:\\\/\\\/second2chance.de\\\/wp-content\\\/uploads\\\/2026\\\/02\\\/DT-1049_1.png\",\"contentUrl\":\"https:\\\/\\\/second2chance.de\\\/wp-content\\\/uploads\\\/2026\\\/02\\\/DT-1049_1.png\",\"width\":1500,\"height\":2000},{\"@type\":\"BreadcrumbList\",\"@id\":\"https:\\\/\\\/second2chance.de\\\/?product=dauphin-amico-stapelstuhl-besucherstuhl#breadcrumb\",\"itemListElement\":[{\"@type\":\"ListItem\",\"position\":1,\"name\":\"Startseite\",\"item\":\"https:\\\/\\\/second2chance.de\\\/\"},{\"@type\":\"ListItem\",\"position\":2,\"name\":\"Shop\",\"item\":\"https:\\\/\\\/second2chance.de\\\/?page_id=7\"},{\"@type\":\"ListItem\",\"position\":3,\"name\":\"Dauphin Amico Stapelstuhl Besucherstuhl\"}]},{\"@type\":\"WebSite\",\"@id\":\"https:\\\/\\\/second2chance.de\\\/#website\",\"url\":\"https:\\\/\\\/second2chance.de\\\/\",\"name\":\"Second Chance\",\"description\":\"\",\"potentialAction\":[{\"@type\":\"SearchAction\",\"target\":{\"@type\":\"EntryPoint\",\"urlTemplate\":\"https:\\\/\\\/second2chance.de\\\/?s={search_term_string}\"},\"query-input\":{\"@type\":\"PropertyValueSpecification\",\"valueRequired\":true,\"valueName\":\"search_term_string\"}}],\"inLanguage\":\"de\"}]}<\/script>\n<!-- \/ Yoast SEO plugin. -->","yoast_head_json":{"title":"Dauphin Amico Stapelstuhl Besucherstuhl - Second Chance","robots":{"index":"index","follow":"follow","max-snippet":"max-snippet:-1","max-image-preview":"max-image-preview:large","max-video-preview":"max-video-preview:-1"},"canonical":"https:\/\/second2chance.de\/?product=dauphin-amico-stapelstuhl-besucherstuhl","og_locale":"de_DE","og_type":"article","og_title":"Dauphin Amico Stapelstuhl Besucherstuhl - Second Chance","og_description":"Hochwertiger Stapelstuhl des Markenherstellers Dauphin aus der Serie Amico f\u00fcr den professionellen Einsatz im Objekt- und B\u00fcrobereich Eigenschaften Geeignet f\u00fcr Konferenzr\u00e4ume, Wartebereiche, Schulungsr\u00e4ume, Agenturen oder Mehrzweckfl\u00e4chen, bei denen Flexibilit\u00e4t und platzsparende M\u00f6blierung gefragt sind Stapelbare Ausf\u00fchrung erm\u00f6glicht eine effiziente Lagerung [&hellip;]","og_url":"https:\/\/second2chance.de\/?product=dauphin-amico-stapelstuhl-besucherstuhl","og_site_name":"Second Chance","article_modified_time":"2026-03-09T23:26:55+00:00","og_image":[{"width":768,"height":1024,"url":"https:\/\/second2chance.de\/wp-content\/uploads\/2026\/02\/DT-1049_1-768x1024.png","type":"image\/png"}],"twitter_card":"summary_large_image","twitter_misc":{"Gesch\u00e4tzte Lesezeit":"1\u00a0Minute"},"schema":{"@context":"https:\/\/schema.org","@graph":[{"@type":"WebPage","@id":"https:\/\/second2chance.de\/?product=dauphin-amico-stapelstuhl-besucherstuhl","url":"https:\/\/second2chance.de\/?product=dauphin-amico-stapelstuhl-besucherstuhl","name":"Dauphin Amico Stapelstuhl Besucherstuhl - Second Chance","isPartOf":{"@id":"https:\/\/second2chance.de\/#website"},"primaryImageOfPage":{"@id":"https:\/\/second2chance.de\/?product=dauphin-amico-stapelstuhl-besucherstuhl#primaryimage"},"image":{"@id":"https:\/\/second2chance.de\/?product=dauphin-amico-stapelstuhl-besucherstuhl#primaryimage"},"thumbnailUrl":"https:\/\/second2chance.de\/wp-content\/uploads\/2026\/02\/DT-1049_1.png","datePublished":"2026-02-15T01:02:56+00:00","dateModified":"2026-03-09T23:26:55+00:00","breadcrumb":{"@id":"https:\/\/second2chance.de\/?product=dauphin-amico-stapelstuhl-besucherstuhl#breadcrumb"},"inLanguage":"de","potentialAction":[{"@type":"ReadAction","target":["https:\/\/second2chance.de\/?product=dauphin-amico-stapelstuhl-besucherstuhl"]}]},{"@type":"ImageObject","inLanguage":"de","@id":"https:\/\/second2chance.de\/?product=dauphin-amico-stapelstuhl-besucherstuhl#primaryimage","url":"https:\/\/second2chance.de\/wp-content\/uploads\/2026\/02\/DT-1049_1.png","contentUrl":"https:\/\/second2chance.de\/wp-content\/uploads\/2026\/02\/DT-1049_1.png","width":1500,"height":2000},{"@type":"BreadcrumbList","@id":"https:\/\/second2chance.de\/?product=dauphin-amico-stapelstuhl-besucherstuhl#breadcrumb","itemListElement":[{"@type":"ListItem","position":1,"name":"Startseite","item":"https:\/\/second2chance.de\/"},{"@type":"ListItem","position":2,"name":"Shop","item":"https:\/\/second2chance.de\/?page_id=7"},{"@type":"ListItem","position":3,"name":"Dauphin Amico Stapelstuhl Besucherstuhl"}]},{"@type":"WebSite","@id":"https:\/\/second2chance.de\/#website","url":"https:\/\/second2chance.de\/","name":"Second Chance","description":"","potentialAction":[{"@type":"SearchAction","target":{"@type":"EntryPoint","urlTemplate":"https:\/\/second2chance.de\/?s={search_term_string}"},"query-input":{"@type":"PropertyValueSpecification","valueRequired":true,"valueName":"search_term_string"}}],"inLanguage":"de"}]}},"_links":{"self":[{"href":"https:\/\/second2chance.de\/index.php?rest_route=\/wp\/v2\/product\/5288","targetHints":{"allow":["GET"]}}],"collection":[{"href":"https:\/\/second2chance.de\/index.php?rest_route=\/wp\/v2\/product"}],"about":[{"href":"https:\/\/second2chance.de\/index.php?rest_route=\/wp\/v2\/types\/product"}],"replies":[{"embeddable":true,"href":"https:\/\/second2chance.de\/index.php?rest_route=%2Fwp%2Fv2%2Fcomments&post=5288"}],"wp:featuredmedia":[{"embeddable":true,"href":"https:\/\/second2chance.de\/index.php?rest_route=\/wp\/v2\/media\/6560"}],"wp:attachment":[{"href":"https:\/\/second2chance.de\/index.php?rest_route=%2Fwp%2Fv2%2Fmedia&parent=5288"}],"wp:term":[{"taxonomy":"product_brand","embeddable":true,"href":"https:\/\/second2chance.de\/index.php?rest_route=%2Fwp%2Fv2%2Fproduct_brand&post=5288"},{"taxonomy":"product_cat","embeddable":true,"href":"https:\/\/second2chance.de\/index.php?rest_route=%2Fwp%2Fv2%2Fproduct_cat&post=5288"},{"taxonomy":"product_tag","embeddable":true,"href":"https:\/\/second2chance.de\/index.php?rest_route=%2Fwp%2Fv2%2Fproduct_tag&post=5288"}],"curies":[{"name":"wp","href":"https:\/\/api.w.org\/{rel}","templated":true}]}}