{"id":5284,"date":"2026-02-15T02:02:55","date_gmt":"2026-02-15T01:02:55","guid":{"rendered":"https:\/\/second2chance.de\/?product=interstuhl-goal-302g-ergonomischer-buerodrehstuhl"},"modified":"2026-03-10T00:26:51","modified_gmt":"2026-03-09T23:26:51","slug":"interstuhl-goal-302g-ergonomischer-buerodrehstuhl","status":"publish","type":"product","link":"https:\/\/second2chance.de\/?product=interstuhl-goal-302g-ergonomischer-buerodrehstuhl","title":{"rendered":"Interstuhl Goal 302G ergonomischer B\u00fcrodrehstuhl"},"content":{"rendered":"<p style=\"font-size:15px;line-height:1.7;margin-bottom:20px;color:#333\">Ergonomischer B\u00fcrodrehstuhl des Herstellers Interstuhl, Modell Goal 302G, konzipiert f\u00fcr den t\u00e4glichen professionellen Einsatz im B\u00fcro<\/p>\n<div style=\"background:#f8f9fa;padding:20px;border-radius:8px;margin:20px 0\">\n<h3 style=\"font-size:16px;font-weight:600;margin:0 0 15px 0;color:#1a1a1a\">Eigenschaften<\/h3>\n<ul style=\"margin:0;padding:0\">\n<li style=\"padding:8px 0;border-bottom:1px solid #e9ecef\"><span style=\"color:#555\">Geeignet f\u00fcr Einzelarbeitspl\u00e4tze, Projektb\u00fcros und gr\u00f6\u00dfere B\u00fcrostrukturen<\/span><\/li>\n<li style=\"padding:8px 0;border-bottom:1px solid #e9ecef\"><span style=\"color:#555\">Unterst\u00fctzt ergonomisches und dynamisches Sitzen \u00fcber l\u00e4ngere Arbeitszeiten<\/span><\/li>\n<li style=\"padding:8px 0;border-bottom:1px solid #e9ecef\"><span style=\"color:#555\">Gepolsterte R\u00fcckenlehne und Sitzfl\u00e4che<\/span><\/li>\n<li style=\"padding:8px 0;border-bottom:1px solid #e9ecef\"><span style=\"color:#555\">Synchronmechanik mit Arretierfunktion<\/span><\/li>\n<li style=\"padding:8px 0;border-bottom:1px solid #e9ecef\"><span style=\"color:#555\">H\u00f6henverstellbare R\u00fcckenlehne<\/span><\/li>\n<li style=\"padding:8px 0;border-bottom:1px solid #e9ecef\"><span style=\"color:#555\">2D-T-Armlehnen (h\u00f6hen- und breitenverstellbar)<\/span><\/li>\n<li style=\"padding:8px 0;border-bottom:1px solid #e9ecef\"><span style=\"color:#555\">Sitzh\u00f6henverstellung ca. 42<\/span><\/li>\n<li style=\"padding:8px 0;border-bottom:1px solid #e9ecef\"><span style=\"color:#555\">\ufffd52,5 cm<\/span><\/li>\n<li style=\"padding:8px 0;border-bottom:1px solid #e9ecef\"><span style=\"color:#555\">Gebrauchtm\u00f6bel in gepr\u00fcftem, funktionsf\u00e4higem Zustand<\/span><\/li>\n<li style=\"padding:8px 0;border-bottom:1px solid #e9ecef\"><span style=\"color:#555\">\ufffd wirtschaftliche und nachhaltige L\u00f6sung f\u00fcr professionelle Arbeitspl\u00e4tze<\/span><\/li>\n<\/ul>\n<\/div>\n<div style=\"background:#e8f4f8;padding:15px;border-left:4px solid #2271b1;margin-top:20px;border-radius:4px\">\n<p style=\"margin:0;font-size:14px;color:#555\">\u2705 <strong>Zustand:<\/strong>  Gebrauchtes Produkt aus professionellem Einsatz, gepr\u00fcft und funktionsf\u00e4hig.<\/p>\n<\/div>\n","protected":false},"excerpt":{"rendered":"<p>Ergonomischer B\u00fcrodrehstuhl des Herstellers Interstuhl, Modell Goal 302G, konzipiert f\u00fcr den t\u00e4glichen professionellen Einsatz im B\u00fcro Eigenschaften Geeignet f\u00fcr Einzelarbeitspl\u00e4tze, Projektb\u00fcros und gr\u00f6\u00dfere B\u00fcrostrukturen Unterst\u00fctzt ergonomisches und dynamisches Sitzen \u00fcber l\u00e4ngere Arbeitszeiten Gepolsterte R\u00fcckenlehne und Sitzfl\u00e4che Synchronmechanik mit Arretierfunktion H\u00f6henverstellbare [&hellip;]<\/p>\n","protected":false},"featured_media":6547,"comment_status":"open","ping_status":"closed","template":"","meta":[],"product_brand":[],"product_cat":[144,99],"product_tag":[],"class_list":{"0":"post-5284","1":"product","2":"type-product","3":"status-publish","4":"has-post-thumbnail","6":"product_cat-buerodrehstuehle","7":"product_cat-stuehle-sitzmoebel","9":"first","10":"instock","11":"shipping-taxable","12":"product-type-simple"},"yoast_head":"<!-- This site is optimized with the Yoast SEO plugin v27.3 - https:\/\/yoast.com\/product\/yoast-seo-wordpress\/ -->\n<title>Interstuhl Goal 302G ergonomischer B\u00fcrodrehstuhl - Second Chance<\/title>\n<meta name=\"robots\" content=\"index, follow, max-snippet:-1, max-image-preview:large, max-video-preview:-1\" \/>\n<link rel=\"canonical\" href=\"https:\/\/second2chance.de\/?product=interstuhl-goal-302g-ergonomischer-buerodrehstuhl\" \/>\n<meta property=\"og:locale\" content=\"de_DE\" \/>\n<meta property=\"og:type\" content=\"article\" \/>\n<meta property=\"og:title\" content=\"Interstuhl Goal 302G ergonomischer B\u00fcrodrehstuhl - Second Chance\" \/>\n<meta property=\"og:description\" content=\"Ergonomischer B\u00fcrodrehstuhl des Herstellers Interstuhl, Modell Goal 302G, konzipiert f\u00fcr den t\u00e4glichen professionellen Einsatz im B\u00fcro Eigenschaften Geeignet f\u00fcr Einzelarbeitspl\u00e4tze, Projektb\u00fcros und gr\u00f6\u00dfere B\u00fcrostrukturen Unterst\u00fctzt ergonomisches und dynamisches Sitzen \u00fcber l\u00e4ngere Arbeitszeiten Gepolsterte R\u00fcckenlehne und Sitzfl\u00e4che Synchronmechanik mit Arretierfunktion H\u00f6henverstellbare [&hellip;]\" \/>\n<meta property=\"og:url\" content=\"https:\/\/second2chance.de\/?product=interstuhl-goal-302g-ergonomischer-buerodrehstuhl\" \/>\n<meta property=\"og:site_name\" content=\"Second Chance\" \/>\n<meta property=\"article:modified_time\" content=\"2026-03-09T23:26:51+00:00\" \/>\n<meta property=\"og:image\" content=\"https:\/\/second2chance.de\/wp-content\/uploads\/2026\/02\/DT-1045_1-768x1024.png\" \/>\n\t<meta property=\"og:image:width\" content=\"768\" \/>\n\t<meta property=\"og:image:height\" content=\"1024\" \/>\n\t<meta property=\"og:image:type\" content=\"image\/png\" \/>\n<meta name=\"twitter:card\" content=\"summary_large_image\" \/>\n<script type=\"application\/ld+json\" class=\"yoast-schema-graph\">{\"@context\":\"https:\\\/\\\/schema.org\",\"@graph\":[{\"@type\":\"WebPage\",\"@id\":\"https:\\\/\\\/second2chance.de\\\/?product=interstuhl-goal-302g-ergonomischer-buerodrehstuhl\",\"url\":\"https:\\\/\\\/second2chance.de\\\/?product=interstuhl-goal-302g-ergonomischer-buerodrehstuhl\",\"name\":\"Interstuhl Goal 302G ergonomischer B\u00fcrodrehstuhl - Second Chance\",\"isPartOf\":{\"@id\":\"https:\\\/\\\/second2chance.de\\\/#website\"},\"primaryImageOfPage\":{\"@id\":\"https:\\\/\\\/second2chance.de\\\/?product=interstuhl-goal-302g-ergonomischer-buerodrehstuhl#primaryimage\"},\"image\":{\"@id\":\"https:\\\/\\\/second2chance.de\\\/?product=interstuhl-goal-302g-ergonomischer-buerodrehstuhl#primaryimage\"},\"thumbnailUrl\":\"https:\\\/\\\/second2chance.de\\\/wp-content\\\/uploads\\\/2026\\\/02\\\/DT-1045_1.png\",\"datePublished\":\"2026-02-15T01:02:55+00:00\",\"dateModified\":\"2026-03-09T23:26:51+00:00\",\"breadcrumb\":{\"@id\":\"https:\\\/\\\/second2chance.de\\\/?product=interstuhl-goal-302g-ergonomischer-buerodrehstuhl#breadcrumb\"},\"inLanguage\":\"de\",\"potentialAction\":[{\"@type\":\"ReadAction\",\"target\":[\"https:\\\/\\\/second2chance.de\\\/?product=interstuhl-goal-302g-ergonomischer-buerodrehstuhl\"]}]},{\"@type\":\"ImageObject\",\"inLanguage\":\"de\",\"@id\":\"https:\\\/\\\/second2chance.de\\\/?product=interstuhl-goal-302g-ergonomischer-buerodrehstuhl#primaryimage\",\"url\":\"https:\\\/\\\/second2chance.de\\\/wp-content\\\/uploads\\\/2026\\\/02\\\/DT-1045_1.png\",\"contentUrl\":\"https:\\\/\\\/second2chance.de\\\/wp-content\\\/uploads\\\/2026\\\/02\\\/DT-1045_1.png\",\"width\":1500,\"height\":2000},{\"@type\":\"BreadcrumbList\",\"@id\":\"https:\\\/\\\/second2chance.de\\\/?product=interstuhl-goal-302g-ergonomischer-buerodrehstuhl#breadcrumb\",\"itemListElement\":[{\"@type\":\"ListItem\",\"position\":1,\"name\":\"Startseite\",\"item\":\"https:\\\/\\\/second2chance.de\\\/\"},{\"@type\":\"ListItem\",\"position\":2,\"name\":\"Shop\",\"item\":\"https:\\\/\\\/second2chance.de\\\/?page_id=7\"},{\"@type\":\"ListItem\",\"position\":3,\"name\":\"Interstuhl Goal 302G ergonomischer B\u00fcrodrehstuhl\"}]},{\"@type\":\"WebSite\",\"@id\":\"https:\\\/\\\/second2chance.de\\\/#website\",\"url\":\"https:\\\/\\\/second2chance.de\\\/\",\"name\":\"Second Chance\",\"description\":\"\",\"potentialAction\":[{\"@type\":\"SearchAction\",\"target\":{\"@type\":\"EntryPoint\",\"urlTemplate\":\"https:\\\/\\\/second2chance.de\\\/?s={search_term_string}\"},\"query-input\":{\"@type\":\"PropertyValueSpecification\",\"valueRequired\":true,\"valueName\":\"search_term_string\"}}],\"inLanguage\":\"de\"}]}<\/script>\n<!-- \/ Yoast SEO plugin. -->","yoast_head_json":{"title":"Interstuhl Goal 302G ergonomischer B\u00fcrodrehstuhl - Second Chance","robots":{"index":"index","follow":"follow","max-snippet":"max-snippet:-1","max-image-preview":"max-image-preview:large","max-video-preview":"max-video-preview:-1"},"canonical":"https:\/\/second2chance.de\/?product=interstuhl-goal-302g-ergonomischer-buerodrehstuhl","og_locale":"de_DE","og_type":"article","og_title":"Interstuhl Goal 302G ergonomischer B\u00fcrodrehstuhl - Second Chance","og_description":"Ergonomischer B\u00fcrodrehstuhl des Herstellers Interstuhl, Modell Goal 302G, konzipiert f\u00fcr den t\u00e4glichen professionellen Einsatz im B\u00fcro Eigenschaften Geeignet f\u00fcr Einzelarbeitspl\u00e4tze, Projektb\u00fcros und gr\u00f6\u00dfere B\u00fcrostrukturen Unterst\u00fctzt ergonomisches und dynamisches Sitzen \u00fcber l\u00e4ngere Arbeitszeiten Gepolsterte R\u00fcckenlehne und Sitzfl\u00e4che Synchronmechanik mit Arretierfunktion H\u00f6henverstellbare [&hellip;]","og_url":"https:\/\/second2chance.de\/?product=interstuhl-goal-302g-ergonomischer-buerodrehstuhl","og_site_name":"Second Chance","article_modified_time":"2026-03-09T23:26:51+00:00","og_image":[{"width":768,"height":1024,"url":"https:\/\/second2chance.de\/wp-content\/uploads\/2026\/02\/DT-1045_1-768x1024.png","type":"image\/png"}],"twitter_card":"summary_large_image","schema":{"@context":"https:\/\/schema.org","@graph":[{"@type":"WebPage","@id":"https:\/\/second2chance.de\/?product=interstuhl-goal-302g-ergonomischer-buerodrehstuhl","url":"https:\/\/second2chance.de\/?product=interstuhl-goal-302g-ergonomischer-buerodrehstuhl","name":"Interstuhl Goal 302G ergonomischer B\u00fcrodrehstuhl - Second Chance","isPartOf":{"@id":"https:\/\/second2chance.de\/#website"},"primaryImageOfPage":{"@id":"https:\/\/second2chance.de\/?product=interstuhl-goal-302g-ergonomischer-buerodrehstuhl#primaryimage"},"image":{"@id":"https:\/\/second2chance.de\/?product=interstuhl-goal-302g-ergonomischer-buerodrehstuhl#primaryimage"},"thumbnailUrl":"https:\/\/second2chance.de\/wp-content\/uploads\/2026\/02\/DT-1045_1.png","datePublished":"2026-02-15T01:02:55+00:00","dateModified":"2026-03-09T23:26:51+00:00","breadcrumb":{"@id":"https:\/\/second2chance.de\/?product=interstuhl-goal-302g-ergonomischer-buerodrehstuhl#breadcrumb"},"inLanguage":"de","potentialAction":[{"@type":"ReadAction","target":["https:\/\/second2chance.de\/?product=interstuhl-goal-302g-ergonomischer-buerodrehstuhl"]}]},{"@type":"ImageObject","inLanguage":"de","@id":"https:\/\/second2chance.de\/?product=interstuhl-goal-302g-ergonomischer-buerodrehstuhl#primaryimage","url":"https:\/\/second2chance.de\/wp-content\/uploads\/2026\/02\/DT-1045_1.png","contentUrl":"https:\/\/second2chance.de\/wp-content\/uploads\/2026\/02\/DT-1045_1.png","width":1500,"height":2000},{"@type":"BreadcrumbList","@id":"https:\/\/second2chance.de\/?product=interstuhl-goal-302g-ergonomischer-buerodrehstuhl#breadcrumb","itemListElement":[{"@type":"ListItem","position":1,"name":"Startseite","item":"https:\/\/second2chance.de\/"},{"@type":"ListItem","position":2,"name":"Shop","item":"https:\/\/second2chance.de\/?page_id=7"},{"@type":"ListItem","position":3,"name":"Interstuhl Goal 302G ergonomischer B\u00fcrodrehstuhl"}]},{"@type":"WebSite","@id":"https:\/\/second2chance.de\/#website","url":"https:\/\/second2chance.de\/","name":"Second Chance","description":"","potentialAction":[{"@type":"SearchAction","target":{"@type":"EntryPoint","urlTemplate":"https:\/\/second2chance.de\/?s={search_term_string}"},"query-input":{"@type":"PropertyValueSpecification","valueRequired":true,"valueName":"search_term_string"}}],"inLanguage":"de"}]}},"_links":{"self":[{"href":"https:\/\/second2chance.de\/index.php?rest_route=\/wp\/v2\/product\/5284","targetHints":{"allow":["GET"]}}],"collection":[{"href":"https:\/\/second2chance.de\/index.php?rest_route=\/wp\/v2\/product"}],"about":[{"href":"https:\/\/second2chance.de\/index.php?rest_route=\/wp\/v2\/types\/product"}],"replies":[{"embeddable":true,"href":"https:\/\/second2chance.de\/index.php?rest_route=%2Fwp%2Fv2%2Fcomments&post=5284"}],"wp:featuredmedia":[{"embeddable":true,"href":"https:\/\/second2chance.de\/index.php?rest_route=\/wp\/v2\/media\/6547"}],"wp:attachment":[{"href":"https:\/\/second2chance.de\/index.php?rest_route=%2Fwp%2Fv2%2Fmedia&parent=5284"}],"wp:term":[{"taxonomy":"product_brand","embeddable":true,"href":"https:\/\/second2chance.de\/index.php?rest_route=%2Fwp%2Fv2%2Fproduct_brand&post=5284"},{"taxonomy":"product_cat","embeddable":true,"href":"https:\/\/second2chance.de\/index.php?rest_route=%2Fwp%2Fv2%2Fproduct_cat&post=5284"},{"taxonomy":"product_tag","embeddable":true,"href":"https:\/\/second2chance.de\/index.php?rest_route=%2Fwp%2Fv2%2Fproduct_tag&post=5284"}],"curies":[{"name":"wp","href":"https:\/\/api.w.org\/{rel}","templated":true}]}}