{"id":5283,"date":"2026-02-15T02:02:55","date_gmt":"2026-02-15T01:02:55","guid":{"rendered":"https:\/\/second2chance.de\/?product=steelcase-please-v2-ergonomischer-buerodrehstuhl"},"modified":"2026-03-10T00:26:51","modified_gmt":"2026-03-09T23:26:51","slug":"steelcase-please-v2-ergonomischer-buerodrehstuhl","status":"publish","type":"product","link":"https:\/\/second2chance.de\/?product=steelcase-please-v2-ergonomischer-buerodrehstuhl","title":{"rendered":"Steelcase Please V2 ergonomischer B\u00fcrodrehstuhl"},"content":{"rendered":"<p style=\"font-size:15px;line-height:1.7;margin-bottom:20px;color:#333\">Ergonomischer B\u00fcrodrehstuhl des Premiumherstellers Steelcase, Modell Please V2, entwickelt f\u00fcr den dauerhaften professionellen Einsatz im B\u00fcro<\/p>\n<div style=\"background:#f8f9fa;padding:20px;border-radius:8px;margin:20px 0\">\n<h3 style=\"font-size:16px;font-weight:600;margin:0 0 15px 0;color:#1a1a1a\">Eigenschaften<\/h3>\n<ul style=\"margin:0;padding:0\">\n<li style=\"padding:8px 0;border-bottom:1px solid #e9ecef\"><span style=\"color:#555\">Ideal f\u00fcr Unternehmen, Projektb\u00fcros und Arbeitspl\u00e4tze mit hohen Anforderungen an Sitzkomfort und Ergonomie<\/span><\/li>\n<li style=\"padding:8px 0;border-bottom:1px solid #e9ecef\"><span style=\"color:#555\">Die Konstruktion unterst\u00fctzt eine gesunde Sitzhaltung \u00fcber lange Arbeitszeiten hinweg und f\u00f6rdert dynamisches Sitzen<\/span><\/li>\n<li style=\"padding:8px 0;border-bottom:1px solid #e9ecef\"><span style=\"color:#555\">Gepolsterte R\u00fcckenlehne und gepolsterte Sitzfl\u00e4che f\u00fcr hohen Komfort<\/span><\/li>\n<li style=\"padding:8px 0;border-bottom:1px solid #e9ecef\"><span style=\"color:#555\">Synchronmechanik zur bewegungsunterst\u00fctzenden Anpassung von Sitz und R\u00fcckenlehne<\/span><\/li>\n<li style=\"padding:8px 0;border-bottom:1px solid #e9ecef\"><span style=\"color:#555\">Ausgepr\u00e4gte Lumbalst\u00fctze zur gezielten Unterst\u00fctzung des unteren R\u00fcckenbereichs<\/span><\/li>\n<li style=\"padding:8px 0;border-bottom:1px solid #e9ecef\"><span style=\"color:#555\">Verstellbare Armlehnen zur individuellen Anpassung an unterschiedliche Nutzer<\/span><\/li>\n<li style=\"padding:8px 0;border-bottom:1px solid #e9ecef\"><span style=\"color:#555\">Gebrauchtm\u00f6bel in gepr\u00fcftem, funktionsf\u00e4higem und gepflegtem Zustand<\/span><\/li>\n<li style=\"padding:8px 0;border-bottom:1px solid #e9ecef\"><span style=\"color:#555\">\ufffd eine wirtschaftliche und nachhaltige L\u00f6sung als Alternative zur Neuanschaffung hochwertiger B\u00fcrodrehst\u00fchle<\/span><\/li>\n<\/ul>\n<\/div>\n<div style=\"background:#e8f4f8;padding:15px;border-left:4px solid #2271b1;margin-top:20px;border-radius:4px\">\n<p style=\"margin:0;font-size:14px;color:#555\">\u2705 <strong>Zustand:<\/strong>  Gebrauchtes Produkt aus professionellem Einsatz, gepr\u00fcft und funktionsf\u00e4hig.<\/p>\n<\/div>\n","protected":false},"excerpt":{"rendered":"<p>Ergonomischer B\u00fcrodrehstuhl des Premiumherstellers Steelcase, Modell Please V2, entwickelt f\u00fcr den dauerhaften professionellen Einsatz im B\u00fcro Eigenschaften Ideal f\u00fcr Unternehmen, Projektb\u00fcros und Arbeitspl\u00e4tze mit hohen Anforderungen an Sitzkomfort und Ergonomie Die Konstruktion unterst\u00fctzt eine gesunde Sitzhaltung \u00fcber lange Arbeitszeiten hinweg [&hellip;]<\/p>\n","protected":false},"featured_media":6543,"comment_status":"open","ping_status":"closed","template":"","meta":[],"product_brand":[],"product_cat":[144,99],"product_tag":[],"class_list":{"0":"post-5283","1":"product","2":"type-product","3":"status-publish","4":"has-post-thumbnail","6":"product_cat-buerodrehstuehle","7":"product_cat-stuehle-sitzmoebel","9":"first","10":"instock","11":"shipping-taxable","12":"product-type-simple"},"yoast_head":"<!-- This site is optimized with the Yoast SEO plugin v27.3 - https:\/\/yoast.com\/product\/yoast-seo-wordpress\/ -->\n<title>Steelcase Please V2 ergonomischer B\u00fcrodrehstuhl - Second Chance<\/title>\n<meta name=\"robots\" content=\"index, follow, max-snippet:-1, max-image-preview:large, max-video-preview:-1\" \/>\n<link rel=\"canonical\" href=\"https:\/\/second2chance.de\/?product=steelcase-please-v2-ergonomischer-buerodrehstuhl\" \/>\n<meta property=\"og:locale\" content=\"de_DE\" \/>\n<meta property=\"og:type\" content=\"article\" \/>\n<meta property=\"og:title\" content=\"Steelcase Please V2 ergonomischer B\u00fcrodrehstuhl - Second Chance\" \/>\n<meta property=\"og:description\" content=\"Ergonomischer B\u00fcrodrehstuhl des Premiumherstellers Steelcase, Modell Please V2, entwickelt f\u00fcr den dauerhaften professionellen Einsatz im B\u00fcro Eigenschaften Ideal f\u00fcr Unternehmen, Projektb\u00fcros und Arbeitspl\u00e4tze mit hohen Anforderungen an Sitzkomfort und Ergonomie Die Konstruktion unterst\u00fctzt eine gesunde Sitzhaltung \u00fcber lange Arbeitszeiten hinweg [&hellip;]\" \/>\n<meta property=\"og:url\" content=\"https:\/\/second2chance.de\/?product=steelcase-please-v2-ergonomischer-buerodrehstuhl\" \/>\n<meta property=\"og:site_name\" content=\"Second Chance\" \/>\n<meta property=\"article:modified_time\" content=\"2026-03-09T23:26:51+00:00\" \/>\n<meta property=\"og:image\" content=\"https:\/\/second2chance.de\/wp-content\/uploads\/2026\/02\/DT-1044_1-768x1024.png\" \/>\n\t<meta property=\"og:image:width\" content=\"768\" \/>\n\t<meta property=\"og:image:height\" content=\"1024\" \/>\n\t<meta property=\"og:image:type\" content=\"image\/png\" \/>\n<meta name=\"twitter:card\" content=\"summary_large_image\" \/>\n<meta name=\"twitter:label1\" content=\"Gesch\u00e4tzte Lesezeit\" \/>\n\t<meta name=\"twitter:data1\" content=\"1\u00a0Minute\" \/>\n<script type=\"application\/ld+json\" class=\"yoast-schema-graph\">{\"@context\":\"https:\\\/\\\/schema.org\",\"@graph\":[{\"@type\":\"WebPage\",\"@id\":\"https:\\\/\\\/second2chance.de\\\/?product=steelcase-please-v2-ergonomischer-buerodrehstuhl\",\"url\":\"https:\\\/\\\/second2chance.de\\\/?product=steelcase-please-v2-ergonomischer-buerodrehstuhl\",\"name\":\"Steelcase Please V2 ergonomischer B\u00fcrodrehstuhl - Second Chance\",\"isPartOf\":{\"@id\":\"https:\\\/\\\/second2chance.de\\\/#website\"},\"primaryImageOfPage\":{\"@id\":\"https:\\\/\\\/second2chance.de\\\/?product=steelcase-please-v2-ergonomischer-buerodrehstuhl#primaryimage\"},\"image\":{\"@id\":\"https:\\\/\\\/second2chance.de\\\/?product=steelcase-please-v2-ergonomischer-buerodrehstuhl#primaryimage\"},\"thumbnailUrl\":\"https:\\\/\\\/second2chance.de\\\/wp-content\\\/uploads\\\/2026\\\/02\\\/DT-1044_1.png\",\"datePublished\":\"2026-02-15T01:02:55+00:00\",\"dateModified\":\"2026-03-09T23:26:51+00:00\",\"breadcrumb\":{\"@id\":\"https:\\\/\\\/second2chance.de\\\/?product=steelcase-please-v2-ergonomischer-buerodrehstuhl#breadcrumb\"},\"inLanguage\":\"de\",\"potentialAction\":[{\"@type\":\"ReadAction\",\"target\":[\"https:\\\/\\\/second2chance.de\\\/?product=steelcase-please-v2-ergonomischer-buerodrehstuhl\"]}]},{\"@type\":\"ImageObject\",\"inLanguage\":\"de\",\"@id\":\"https:\\\/\\\/second2chance.de\\\/?product=steelcase-please-v2-ergonomischer-buerodrehstuhl#primaryimage\",\"url\":\"https:\\\/\\\/second2chance.de\\\/wp-content\\\/uploads\\\/2026\\\/02\\\/DT-1044_1.png\",\"contentUrl\":\"https:\\\/\\\/second2chance.de\\\/wp-content\\\/uploads\\\/2026\\\/02\\\/DT-1044_1.png\",\"width\":1500,\"height\":2000},{\"@type\":\"BreadcrumbList\",\"@id\":\"https:\\\/\\\/second2chance.de\\\/?product=steelcase-please-v2-ergonomischer-buerodrehstuhl#breadcrumb\",\"itemListElement\":[{\"@type\":\"ListItem\",\"position\":1,\"name\":\"Startseite\",\"item\":\"https:\\\/\\\/second2chance.de\\\/\"},{\"@type\":\"ListItem\",\"position\":2,\"name\":\"Shop\",\"item\":\"https:\\\/\\\/second2chance.de\\\/?page_id=7\"},{\"@type\":\"ListItem\",\"position\":3,\"name\":\"Steelcase Please V2 ergonomischer B\u00fcrodrehstuhl\"}]},{\"@type\":\"WebSite\",\"@id\":\"https:\\\/\\\/second2chance.de\\\/#website\",\"url\":\"https:\\\/\\\/second2chance.de\\\/\",\"name\":\"Second Chance\",\"description\":\"\",\"potentialAction\":[{\"@type\":\"SearchAction\",\"target\":{\"@type\":\"EntryPoint\",\"urlTemplate\":\"https:\\\/\\\/second2chance.de\\\/?s={search_term_string}\"},\"query-input\":{\"@type\":\"PropertyValueSpecification\",\"valueRequired\":true,\"valueName\":\"search_term_string\"}}],\"inLanguage\":\"de\"}]}<\/script>\n<!-- \/ Yoast SEO plugin. -->","yoast_head_json":{"title":"Steelcase Please V2 ergonomischer B\u00fcrodrehstuhl - Second Chance","robots":{"index":"index","follow":"follow","max-snippet":"max-snippet:-1","max-image-preview":"max-image-preview:large","max-video-preview":"max-video-preview:-1"},"canonical":"https:\/\/second2chance.de\/?product=steelcase-please-v2-ergonomischer-buerodrehstuhl","og_locale":"de_DE","og_type":"article","og_title":"Steelcase Please V2 ergonomischer B\u00fcrodrehstuhl - Second Chance","og_description":"Ergonomischer B\u00fcrodrehstuhl des Premiumherstellers Steelcase, Modell Please V2, entwickelt f\u00fcr den dauerhaften professionellen Einsatz im B\u00fcro Eigenschaften Ideal f\u00fcr Unternehmen, Projektb\u00fcros und Arbeitspl\u00e4tze mit hohen Anforderungen an Sitzkomfort und Ergonomie Die Konstruktion unterst\u00fctzt eine gesunde Sitzhaltung \u00fcber lange Arbeitszeiten hinweg [&hellip;]","og_url":"https:\/\/second2chance.de\/?product=steelcase-please-v2-ergonomischer-buerodrehstuhl","og_site_name":"Second Chance","article_modified_time":"2026-03-09T23:26:51+00:00","og_image":[{"width":768,"height":1024,"url":"https:\/\/second2chance.de\/wp-content\/uploads\/2026\/02\/DT-1044_1-768x1024.png","type":"image\/png"}],"twitter_card":"summary_large_image","twitter_misc":{"Gesch\u00e4tzte Lesezeit":"1\u00a0Minute"},"schema":{"@context":"https:\/\/schema.org","@graph":[{"@type":"WebPage","@id":"https:\/\/second2chance.de\/?product=steelcase-please-v2-ergonomischer-buerodrehstuhl","url":"https:\/\/second2chance.de\/?product=steelcase-please-v2-ergonomischer-buerodrehstuhl","name":"Steelcase Please V2 ergonomischer B\u00fcrodrehstuhl - Second Chance","isPartOf":{"@id":"https:\/\/second2chance.de\/#website"},"primaryImageOfPage":{"@id":"https:\/\/second2chance.de\/?product=steelcase-please-v2-ergonomischer-buerodrehstuhl#primaryimage"},"image":{"@id":"https:\/\/second2chance.de\/?product=steelcase-please-v2-ergonomischer-buerodrehstuhl#primaryimage"},"thumbnailUrl":"https:\/\/second2chance.de\/wp-content\/uploads\/2026\/02\/DT-1044_1.png","datePublished":"2026-02-15T01:02:55+00:00","dateModified":"2026-03-09T23:26:51+00:00","breadcrumb":{"@id":"https:\/\/second2chance.de\/?product=steelcase-please-v2-ergonomischer-buerodrehstuhl#breadcrumb"},"inLanguage":"de","potentialAction":[{"@type":"ReadAction","target":["https:\/\/second2chance.de\/?product=steelcase-please-v2-ergonomischer-buerodrehstuhl"]}]},{"@type":"ImageObject","inLanguage":"de","@id":"https:\/\/second2chance.de\/?product=steelcase-please-v2-ergonomischer-buerodrehstuhl#primaryimage","url":"https:\/\/second2chance.de\/wp-content\/uploads\/2026\/02\/DT-1044_1.png","contentUrl":"https:\/\/second2chance.de\/wp-content\/uploads\/2026\/02\/DT-1044_1.png","width":1500,"height":2000},{"@type":"BreadcrumbList","@id":"https:\/\/second2chance.de\/?product=steelcase-please-v2-ergonomischer-buerodrehstuhl#breadcrumb","itemListElement":[{"@type":"ListItem","position":1,"name":"Startseite","item":"https:\/\/second2chance.de\/"},{"@type":"ListItem","position":2,"name":"Shop","item":"https:\/\/second2chance.de\/?page_id=7"},{"@type":"ListItem","position":3,"name":"Steelcase Please V2 ergonomischer B\u00fcrodrehstuhl"}]},{"@type":"WebSite","@id":"https:\/\/second2chance.de\/#website","url":"https:\/\/second2chance.de\/","name":"Second Chance","description":"","potentialAction":[{"@type":"SearchAction","target":{"@type":"EntryPoint","urlTemplate":"https:\/\/second2chance.de\/?s={search_term_string}"},"query-input":{"@type":"PropertyValueSpecification","valueRequired":true,"valueName":"search_term_string"}}],"inLanguage":"de"}]}},"_links":{"self":[{"href":"https:\/\/second2chance.de\/index.php?rest_route=\/wp\/v2\/product\/5283","targetHints":{"allow":["GET"]}}],"collection":[{"href":"https:\/\/second2chance.de\/index.php?rest_route=\/wp\/v2\/product"}],"about":[{"href":"https:\/\/second2chance.de\/index.php?rest_route=\/wp\/v2\/types\/product"}],"replies":[{"embeddable":true,"href":"https:\/\/second2chance.de\/index.php?rest_route=%2Fwp%2Fv2%2Fcomments&post=5283"}],"wp:featuredmedia":[{"embeddable":true,"href":"https:\/\/second2chance.de\/index.php?rest_route=\/wp\/v2\/media\/6543"}],"wp:attachment":[{"href":"https:\/\/second2chance.de\/index.php?rest_route=%2Fwp%2Fv2%2Fmedia&parent=5283"}],"wp:term":[{"taxonomy":"product_brand","embeddable":true,"href":"https:\/\/second2chance.de\/index.php?rest_route=%2Fwp%2Fv2%2Fproduct_brand&post=5283"},{"taxonomy":"product_cat","embeddable":true,"href":"https:\/\/second2chance.de\/index.php?rest_route=%2Fwp%2Fv2%2Fproduct_cat&post=5283"},{"taxonomy":"product_tag","embeddable":true,"href":"https:\/\/second2chance.de\/index.php?rest_route=%2Fwp%2Fv2%2Fproduct_tag&post=5283"}],"curies":[{"name":"wp","href":"https:\/\/api.w.org\/{rel}","templated":true}]}}