{"id":5282,"date":"2026-02-15T02:02:55","date_gmt":"2026-02-15T01:02:55","guid":{"rendered":"https:\/\/second2chance.de\/?product=dauphin-just-evo-operator-ergonomischer-buerodrehstuhl"},"modified":"2026-03-10T00:26:51","modified_gmt":"2026-03-09T23:26:51","slug":"dauphin-just-evo-operator-ergonomischer-buerodrehstuhl","status":"publish","type":"product","link":"https:\/\/second2chance.de\/?product=dauphin-just-evo-operator-ergonomischer-buerodrehstuhl","title":{"rendered":"Dauphin Just evo operator ergonomischer B\u00fcrodrehstuhl"},"content":{"rendered":"<p style=\"font-size:15px;line-height:1.7;margin-bottom:20px;color:#333\">Ergonomischer B\u00fcrodrehstuhl des Markenherstellers Dauphin aus der Modellreihe Just evo operator f\u00fcr den professionellen B\u00fcroeinsatz<\/p>\n<div style=\"background:#f8f9fa;padding:20px;border-radius:8px;margin:20px 0\">\n<h3 style=\"font-size:16px;font-weight:600;margin:0 0 15px 0;color:#1a1a1a\">Eigenschaften<\/h3>\n<ul style=\"margin:0;padding:0\">\n<li style=\"padding:8px 0;border-bottom:1px solid #e9ecef\"><span style=\"color:#555\">Geeignet f\u00fcr Unternehmen, Projektfl\u00e4chen und moderne B\u00fcroarbeitspl\u00e4tze mit Fokus auf ergonomisches, gesundes Sitzen im Arbeitsalltag<\/span><\/li>\n<li style=\"padding:8px 0;border-bottom:1px solid #e9ecef\"><span style=\"color:#555\">Unterst\u00fctzt dynamisches Arbeiten durch eine abgestimmte Mechanik und vielf\u00e4ltige Einstellm\u00f6glichkeiten f\u00fcr unterschiedliche Nutzer<\/span><\/li>\n<li style=\"padding:8px 0;border-bottom:1px solid #e9ecef\"><span style=\"color:#555\">Gepolsterte R\u00fcckenlehne und gepolsterter Sitz f\u00fcr dauerhaften Sitzkomfort<\/span><\/li>\n<li style=\"padding:8px 0;border-bottom:1px solid #e9ecef\"><span style=\"color:#555\">Synchronmechanik mit Sitztiefenverstellung (ca. 6<\/span><\/li>\n<li style=\"padding:8px 0;border-bottom:1px solid #e9ecef\"><span style=\"color:#555\">\ufffd10 cm) sowie Sitzneigung bis<\/span><\/li>\n<li style=\"padding:8px 0;border-bottom:1px solid #e9ecef\"><span style=\"color:#555\">\ufffd4\u00b0<\/span><\/li>\n<li style=\"padding:8px 0;border-bottom:1px solid #e9ecef\"><span style=\"color:#555\">2D-Armlehnen mit H\u00f6hen- und Breitenverstellung<\/span><\/li>\n<li style=\"padding:8px 0;border-bottom:1px solid #e9ecef\"><span style=\"color:#555\">Sitzh\u00f6he ca. 40<\/span><\/li>\n<li style=\"padding:8px 0;border-bottom:1px solid #e9ecef\"><span style=\"color:#555\">\ufffd52 cm<\/span><\/li>\n<li style=\"padding:8px 0;border-bottom:1px solid #e9ecef\"><span style=\"color:#555\">Gebrauchtm\u00f6bel in gepr\u00fcftem, gepflegtem und technisch einwandfreiem Zustand, sofort einsatzbereit<\/span><\/li>\n<li style=\"padding:8px 0;border-bottom:1px solid #e9ecef\"><span style=\"color:#555\">\ufffd wirtschaftliche und nachhaltige Alternative zur Neuanschaffung hochwertiger B\u00fcrodrehst\u00fchle<\/span><\/li>\n<\/ul>\n<\/div>\n<div style=\"background:#e8f4f8;padding:15px;border-left:4px solid #2271b1;margin-top:20px;border-radius:4px\">\n<p style=\"margin:0;font-size:14px;color:#555\">\u2705 <strong>Zustand:<\/strong>  Gebrauchtes Produkt aus professionellem Einsatz, gepr\u00fcft und funktionsf\u00e4hig.<\/p>\n<\/div>\n","protected":false},"excerpt":{"rendered":"<p>Ergonomischer B\u00fcrodrehstuhl des Markenherstellers Dauphin aus der Modellreihe Just evo operator f\u00fcr den professionellen B\u00fcroeinsatz Eigenschaften Geeignet f\u00fcr Unternehmen, Projektfl\u00e4chen und moderne B\u00fcroarbeitspl\u00e4tze mit Fokus auf ergonomisches, gesundes Sitzen im Arbeitsalltag Unterst\u00fctzt dynamisches Arbeiten durch eine abgestimmte Mechanik und vielf\u00e4ltige [&hellip;]<\/p>\n","protected":false},"featured_media":6758,"comment_status":"open","ping_status":"closed","template":"","meta":[],"product_brand":[],"product_cat":[144,99],"product_tag":[],"class_list":{"0":"post-5282","1":"product","2":"type-product","3":"status-publish","4":"has-post-thumbnail","6":"product_cat-buerodrehstuehle","7":"product_cat-stuehle-sitzmoebel","9":"first","10":"instock","11":"shipping-taxable","12":"product-type-simple"},"yoast_head":"<!-- This site is optimized with the Yoast SEO plugin v27.3 - https:\/\/yoast.com\/product\/yoast-seo-wordpress\/ -->\n<title>Dauphin Just evo operator ergonomischer B\u00fcrodrehstuhl - Second Chance<\/title>\n<meta name=\"robots\" content=\"index, follow, max-snippet:-1, max-image-preview:large, max-video-preview:-1\" \/>\n<link rel=\"canonical\" href=\"https:\/\/second2chance.de\/?product=dauphin-just-evo-operator-ergonomischer-buerodrehstuhl\" \/>\n<meta property=\"og:locale\" content=\"de_DE\" \/>\n<meta property=\"og:type\" content=\"article\" \/>\n<meta property=\"og:title\" content=\"Dauphin Just evo operator ergonomischer B\u00fcrodrehstuhl - Second Chance\" \/>\n<meta property=\"og:description\" content=\"Ergonomischer B\u00fcrodrehstuhl des Markenherstellers Dauphin aus der Modellreihe Just evo operator f\u00fcr den professionellen B\u00fcroeinsatz Eigenschaften Geeignet f\u00fcr Unternehmen, Projektfl\u00e4chen und moderne B\u00fcroarbeitspl\u00e4tze mit Fokus auf ergonomisches, gesundes Sitzen im Arbeitsalltag Unterst\u00fctzt dynamisches Arbeiten durch eine abgestimmte Mechanik und vielf\u00e4ltige [&hellip;]\" \/>\n<meta property=\"og:url\" content=\"https:\/\/second2chance.de\/?product=dauphin-just-evo-operator-ergonomischer-buerodrehstuhl\" \/>\n<meta property=\"og:site_name\" content=\"Second Chance\" \/>\n<meta property=\"article:modified_time\" content=\"2026-03-09T23:26:51+00:00\" \/>\n<meta property=\"og:image\" content=\"https:\/\/second2chance.de\/wp-content\/uploads\/2026\/02\/DT-1043_1-1-768x1024.png\" \/>\n\t<meta property=\"og:image:width\" content=\"768\" \/>\n\t<meta property=\"og:image:height\" content=\"1024\" \/>\n\t<meta property=\"og:image:type\" content=\"image\/png\" \/>\n<meta name=\"twitter:card\" content=\"summary_large_image\" \/>\n<meta name=\"twitter:label1\" content=\"Gesch\u00e4tzte Lesezeit\" \/>\n\t<meta name=\"twitter:data1\" content=\"1\u00a0Minute\" \/>\n<script type=\"application\/ld+json\" class=\"yoast-schema-graph\">{\"@context\":\"https:\\\/\\\/schema.org\",\"@graph\":[{\"@type\":\"WebPage\",\"@id\":\"https:\\\/\\\/second2chance.de\\\/?product=dauphin-just-evo-operator-ergonomischer-buerodrehstuhl\",\"url\":\"https:\\\/\\\/second2chance.de\\\/?product=dauphin-just-evo-operator-ergonomischer-buerodrehstuhl\",\"name\":\"Dauphin Just evo operator ergonomischer B\u00fcrodrehstuhl - Second Chance\",\"isPartOf\":{\"@id\":\"https:\\\/\\\/second2chance.de\\\/#website\"},\"primaryImageOfPage\":{\"@id\":\"https:\\\/\\\/second2chance.de\\\/?product=dauphin-just-evo-operator-ergonomischer-buerodrehstuhl#primaryimage\"},\"image\":{\"@id\":\"https:\\\/\\\/second2chance.de\\\/?product=dauphin-just-evo-operator-ergonomischer-buerodrehstuhl#primaryimage\"},\"thumbnailUrl\":\"https:\\\/\\\/second2chance.de\\\/wp-content\\\/uploads\\\/2026\\\/02\\\/DT-1043_1-1.png\",\"datePublished\":\"2026-02-15T01:02:55+00:00\",\"dateModified\":\"2026-03-09T23:26:51+00:00\",\"breadcrumb\":{\"@id\":\"https:\\\/\\\/second2chance.de\\\/?product=dauphin-just-evo-operator-ergonomischer-buerodrehstuhl#breadcrumb\"},\"inLanguage\":\"de\",\"potentialAction\":[{\"@type\":\"ReadAction\",\"target\":[\"https:\\\/\\\/second2chance.de\\\/?product=dauphin-just-evo-operator-ergonomischer-buerodrehstuhl\"]}]},{\"@type\":\"ImageObject\",\"inLanguage\":\"de\",\"@id\":\"https:\\\/\\\/second2chance.de\\\/?product=dauphin-just-evo-operator-ergonomischer-buerodrehstuhl#primaryimage\",\"url\":\"https:\\\/\\\/second2chance.de\\\/wp-content\\\/uploads\\\/2026\\\/02\\\/DT-1043_1-1.png\",\"contentUrl\":\"https:\\\/\\\/second2chance.de\\\/wp-content\\\/uploads\\\/2026\\\/02\\\/DT-1043_1-1.png\",\"width\":1500,\"height\":2000},{\"@type\":\"BreadcrumbList\",\"@id\":\"https:\\\/\\\/second2chance.de\\\/?product=dauphin-just-evo-operator-ergonomischer-buerodrehstuhl#breadcrumb\",\"itemListElement\":[{\"@type\":\"ListItem\",\"position\":1,\"name\":\"Startseite\",\"item\":\"https:\\\/\\\/second2chance.de\\\/\"},{\"@type\":\"ListItem\",\"position\":2,\"name\":\"Shop\",\"item\":\"https:\\\/\\\/second2chance.de\\\/?page_id=7\"},{\"@type\":\"ListItem\",\"position\":3,\"name\":\"Dauphin Just evo operator ergonomischer B\u00fcrodrehstuhl\"}]},{\"@type\":\"WebSite\",\"@id\":\"https:\\\/\\\/second2chance.de\\\/#website\",\"url\":\"https:\\\/\\\/second2chance.de\\\/\",\"name\":\"Second Chance\",\"description\":\"\",\"potentialAction\":[{\"@type\":\"SearchAction\",\"target\":{\"@type\":\"EntryPoint\",\"urlTemplate\":\"https:\\\/\\\/second2chance.de\\\/?s={search_term_string}\"},\"query-input\":{\"@type\":\"PropertyValueSpecification\",\"valueRequired\":true,\"valueName\":\"search_term_string\"}}],\"inLanguage\":\"de\"}]}<\/script>\n<!-- \/ Yoast SEO plugin. -->","yoast_head_json":{"title":"Dauphin Just evo operator ergonomischer B\u00fcrodrehstuhl - Second Chance","robots":{"index":"index","follow":"follow","max-snippet":"max-snippet:-1","max-image-preview":"max-image-preview:large","max-video-preview":"max-video-preview:-1"},"canonical":"https:\/\/second2chance.de\/?product=dauphin-just-evo-operator-ergonomischer-buerodrehstuhl","og_locale":"de_DE","og_type":"article","og_title":"Dauphin Just evo operator ergonomischer B\u00fcrodrehstuhl - Second Chance","og_description":"Ergonomischer B\u00fcrodrehstuhl des Markenherstellers Dauphin aus der Modellreihe Just evo operator f\u00fcr den professionellen B\u00fcroeinsatz Eigenschaften Geeignet f\u00fcr Unternehmen, Projektfl\u00e4chen und moderne B\u00fcroarbeitspl\u00e4tze mit Fokus auf ergonomisches, gesundes Sitzen im Arbeitsalltag Unterst\u00fctzt dynamisches Arbeiten durch eine abgestimmte Mechanik und vielf\u00e4ltige [&hellip;]","og_url":"https:\/\/second2chance.de\/?product=dauphin-just-evo-operator-ergonomischer-buerodrehstuhl","og_site_name":"Second Chance","article_modified_time":"2026-03-09T23:26:51+00:00","og_image":[{"width":768,"height":1024,"url":"https:\/\/second2chance.de\/wp-content\/uploads\/2026\/02\/DT-1043_1-1-768x1024.png","type":"image\/png"}],"twitter_card":"summary_large_image","twitter_misc":{"Gesch\u00e4tzte Lesezeit":"1\u00a0Minute"},"schema":{"@context":"https:\/\/schema.org","@graph":[{"@type":"WebPage","@id":"https:\/\/second2chance.de\/?product=dauphin-just-evo-operator-ergonomischer-buerodrehstuhl","url":"https:\/\/second2chance.de\/?product=dauphin-just-evo-operator-ergonomischer-buerodrehstuhl","name":"Dauphin Just evo operator ergonomischer B\u00fcrodrehstuhl - Second Chance","isPartOf":{"@id":"https:\/\/second2chance.de\/#website"},"primaryImageOfPage":{"@id":"https:\/\/second2chance.de\/?product=dauphin-just-evo-operator-ergonomischer-buerodrehstuhl#primaryimage"},"image":{"@id":"https:\/\/second2chance.de\/?product=dauphin-just-evo-operator-ergonomischer-buerodrehstuhl#primaryimage"},"thumbnailUrl":"https:\/\/second2chance.de\/wp-content\/uploads\/2026\/02\/DT-1043_1-1.png","datePublished":"2026-02-15T01:02:55+00:00","dateModified":"2026-03-09T23:26:51+00:00","breadcrumb":{"@id":"https:\/\/second2chance.de\/?product=dauphin-just-evo-operator-ergonomischer-buerodrehstuhl#breadcrumb"},"inLanguage":"de","potentialAction":[{"@type":"ReadAction","target":["https:\/\/second2chance.de\/?product=dauphin-just-evo-operator-ergonomischer-buerodrehstuhl"]}]},{"@type":"ImageObject","inLanguage":"de","@id":"https:\/\/second2chance.de\/?product=dauphin-just-evo-operator-ergonomischer-buerodrehstuhl#primaryimage","url":"https:\/\/second2chance.de\/wp-content\/uploads\/2026\/02\/DT-1043_1-1.png","contentUrl":"https:\/\/second2chance.de\/wp-content\/uploads\/2026\/02\/DT-1043_1-1.png","width":1500,"height":2000},{"@type":"BreadcrumbList","@id":"https:\/\/second2chance.de\/?product=dauphin-just-evo-operator-ergonomischer-buerodrehstuhl#breadcrumb","itemListElement":[{"@type":"ListItem","position":1,"name":"Startseite","item":"https:\/\/second2chance.de\/"},{"@type":"ListItem","position":2,"name":"Shop","item":"https:\/\/second2chance.de\/?page_id=7"},{"@type":"ListItem","position":3,"name":"Dauphin Just evo operator ergonomischer B\u00fcrodrehstuhl"}]},{"@type":"WebSite","@id":"https:\/\/second2chance.de\/#website","url":"https:\/\/second2chance.de\/","name":"Second Chance","description":"","potentialAction":[{"@type":"SearchAction","target":{"@type":"EntryPoint","urlTemplate":"https:\/\/second2chance.de\/?s={search_term_string}"},"query-input":{"@type":"PropertyValueSpecification","valueRequired":true,"valueName":"search_term_string"}}],"inLanguage":"de"}]}},"_links":{"self":[{"href":"https:\/\/second2chance.de\/index.php?rest_route=\/wp\/v2\/product\/5282","targetHints":{"allow":["GET"]}}],"collection":[{"href":"https:\/\/second2chance.de\/index.php?rest_route=\/wp\/v2\/product"}],"about":[{"href":"https:\/\/second2chance.de\/index.php?rest_route=\/wp\/v2\/types\/product"}],"replies":[{"embeddable":true,"href":"https:\/\/second2chance.de\/index.php?rest_route=%2Fwp%2Fv2%2Fcomments&post=5282"}],"wp:featuredmedia":[{"embeddable":true,"href":"https:\/\/second2chance.de\/index.php?rest_route=\/wp\/v2\/media\/6758"}],"wp:attachment":[{"href":"https:\/\/second2chance.de\/index.php?rest_route=%2Fwp%2Fv2%2Fmedia&parent=5282"}],"wp:term":[{"taxonomy":"product_brand","embeddable":true,"href":"https:\/\/second2chance.de\/index.php?rest_route=%2Fwp%2Fv2%2Fproduct_brand&post=5282"},{"taxonomy":"product_cat","embeddable":true,"href":"https:\/\/second2chance.de\/index.php?rest_route=%2Fwp%2Fv2%2Fproduct_cat&post=5282"},{"taxonomy":"product_tag","embeddable":true,"href":"https:\/\/second2chance.de\/index.php?rest_route=%2Fwp%2Fv2%2Fproduct_tag&post=5282"}],"curies":[{"name":"wp","href":"https:\/\/api.w.org\/{rel}","templated":true}]}}