{"id":5266,"date":"2026-02-15T02:02:50","date_gmt":"2026-02-15T01:02:50","guid":{"rendered":"https:\/\/second2chance.de\/?product=mobiler-meetingpoint-bejot-treehouse-mit-akustikpolsterung-auf-rollen"},"modified":"2026-03-10T00:26:46","modified_gmt":"2026-03-09T23:26:46","slug":"mobiler-meetingpoint-bejot-treehouse-mit-akustikpolsterung-auf-rollen","status":"publish","type":"product","link":"https:\/\/second2chance.de\/?product=mobiler-meetingpoint-bejot-treehouse-mit-akustikpolsterung-auf-rollen","title":{"rendered":"Mobiler Meetingpoint Bejot Treehouse mit Akustikpolsterung auf Rollen"},"content":{"rendered":"<p style=\"font-size:15px;line-height:1.7;margin-bottom:20px;color:#333\">Hochwertiger mobiler Meetingpoint auf Rollen f\u00fcr moderne B\u00fcrofl\u00e4chen und Open-Space-Konzepte. Der Bejot Treehouse eignet sich ideal als R\u00fcckzugsort f\u00fcr Meetings, Gespr\u00e4che, kurze Besprechungen oder konzentriertes Arbeiten und strukturiert offene Arbeitsbereiche effektiv. Die akustisch gepolsterten Innenw\u00e4nde sorgen f\u00fcr eine sp\u00fcrbare Schallabschirmung und eine angenehme Arbeitsatmosph\u00e4re. Dank der integrierten Rollen l\u00e4sst sich der Meetingpoint flexibel im Raum positionieren und an wechselnde Anforderungen anpassen. Im Innenraum befinden sich zwei fest integrierte, bequem gepolsterte Sitzpl\u00e4tze sowie eine feste Tischfl\u00e4che. Die \u00dcberdachung bietet zus\u00e4tzlichen optischen und akustischen Schutz. Der Meetingpoint stammt aus einem professionellen B\u00fcroumfeld, ist sehr gepflegt und voll funktionsf\u00e4hig mit lediglich \u00fcblichen, leichten Gebrauchsspuren.<\/p>\n","protected":false},"excerpt":{"rendered":"<p>Hochwertiger mobiler Meetingpoint auf Rollen f\u00fcr moderne B\u00fcrofl\u00e4chen und Open-Space-Konzepte. Der Bejot Treehouse eignet sich ideal als R\u00fcckzugsort f\u00fcr Meetings, Gespr\u00e4che, kurze Besprechungen oder konzentriertes Arbeiten und strukturiert offene Arbeitsbereiche effektiv. Die akustisch gepolsterten Innenw\u00e4nde sorgen f\u00fcr eine sp\u00fcrbare Schallabschirmung [&hellip;]<\/p>\n","protected":false},"featured_media":6379,"comment_status":"open","ping_status":"closed","template":"","meta":[],"product_brand":[],"product_cat":[111,137],"product_tag":[],"class_list":{"0":"post-5266","1":"product","2":"type-product","3":"status-publish","4":"has-post-thumbnail","6":"product_cat-besprechung-und-konferenz","7":"product_cat-meetingpoints-rueckzugsorte","9":"first","10":"instock","11":"shipping-taxable","12":"product-type-simple"},"yoast_head":"<!-- This site is optimized with the Yoast SEO plugin v27.3 - https:\/\/yoast.com\/product\/yoast-seo-wordpress\/ -->\n<title>Mobiler Meetingpoint Bejot Treehouse mit Akustikpolsterung auf Rollen - Second Chance<\/title>\n<meta name=\"robots\" content=\"index, follow, max-snippet:-1, max-image-preview:large, max-video-preview:-1\" \/>\n<link rel=\"canonical\" href=\"https:\/\/second2chance.de\/?product=mobiler-meetingpoint-bejot-treehouse-mit-akustikpolsterung-auf-rollen\" \/>\n<meta property=\"og:locale\" content=\"de_DE\" \/>\n<meta property=\"og:type\" content=\"article\" \/>\n<meta property=\"og:title\" content=\"Mobiler Meetingpoint Bejot Treehouse mit Akustikpolsterung auf Rollen - Second Chance\" \/>\n<meta property=\"og:description\" content=\"Hochwertiger mobiler Meetingpoint auf Rollen f\u00fcr moderne B\u00fcrofl\u00e4chen und Open-Space-Konzepte. Der Bejot Treehouse eignet sich ideal als R\u00fcckzugsort f\u00fcr Meetings, Gespr\u00e4che, kurze Besprechungen oder konzentriertes Arbeiten und strukturiert offene Arbeitsbereiche effektiv. Die akustisch gepolsterten Innenw\u00e4nde sorgen f\u00fcr eine sp\u00fcrbare Schallabschirmung [&hellip;]\" \/>\n<meta property=\"og:url\" content=\"https:\/\/second2chance.de\/?product=mobiler-meetingpoint-bejot-treehouse-mit-akustikpolsterung-auf-rollen\" \/>\n<meta property=\"og:site_name\" content=\"Second Chance\" \/>\n<meta property=\"article:modified_time\" content=\"2026-03-09T23:26:46+00:00\" \/>\n<meta property=\"og:image\" content=\"https:\/\/second2chance.de\/wp-content\/uploads\/2026\/02\/DT-1027_1-3-768x1024.png\" \/>\n\t<meta property=\"og:image:width\" content=\"768\" \/>\n\t<meta property=\"og:image:height\" content=\"1024\" \/>\n\t<meta property=\"og:image:type\" content=\"image\/png\" \/>\n<meta name=\"twitter:card\" content=\"summary_large_image\" \/>\n<meta name=\"twitter:label1\" content=\"Gesch\u00e4tzte Lesezeit\" \/>\n\t<meta name=\"twitter:data1\" content=\"1\u00a0Minute\" \/>\n<script type=\"application\/ld+json\" class=\"yoast-schema-graph\">{\"@context\":\"https:\\\/\\\/schema.org\",\"@graph\":[{\"@type\":\"WebPage\",\"@id\":\"https:\\\/\\\/second2chance.de\\\/?product=mobiler-meetingpoint-bejot-treehouse-mit-akustikpolsterung-auf-rollen\",\"url\":\"https:\\\/\\\/second2chance.de\\\/?product=mobiler-meetingpoint-bejot-treehouse-mit-akustikpolsterung-auf-rollen\",\"name\":\"Mobiler Meetingpoint Bejot Treehouse mit Akustikpolsterung auf Rollen - Second Chance\",\"isPartOf\":{\"@id\":\"https:\\\/\\\/second2chance.de\\\/#website\"},\"primaryImageOfPage\":{\"@id\":\"https:\\\/\\\/second2chance.de\\\/?product=mobiler-meetingpoint-bejot-treehouse-mit-akustikpolsterung-auf-rollen#primaryimage\"},\"image\":{\"@id\":\"https:\\\/\\\/second2chance.de\\\/?product=mobiler-meetingpoint-bejot-treehouse-mit-akustikpolsterung-auf-rollen#primaryimage\"},\"thumbnailUrl\":\"https:\\\/\\\/second2chance.de\\\/wp-content\\\/uploads\\\/2026\\\/02\\\/DT-1027_1-3.png\",\"datePublished\":\"2026-02-15T01:02:50+00:00\",\"dateModified\":\"2026-03-09T23:26:46+00:00\",\"breadcrumb\":{\"@id\":\"https:\\\/\\\/second2chance.de\\\/?product=mobiler-meetingpoint-bejot-treehouse-mit-akustikpolsterung-auf-rollen#breadcrumb\"},\"inLanguage\":\"de\",\"potentialAction\":[{\"@type\":\"ReadAction\",\"target\":[\"https:\\\/\\\/second2chance.de\\\/?product=mobiler-meetingpoint-bejot-treehouse-mit-akustikpolsterung-auf-rollen\"]}]},{\"@type\":\"ImageObject\",\"inLanguage\":\"de\",\"@id\":\"https:\\\/\\\/second2chance.de\\\/?product=mobiler-meetingpoint-bejot-treehouse-mit-akustikpolsterung-auf-rollen#primaryimage\",\"url\":\"https:\\\/\\\/second2chance.de\\\/wp-content\\\/uploads\\\/2026\\\/02\\\/DT-1027_1-3.png\",\"contentUrl\":\"https:\\\/\\\/second2chance.de\\\/wp-content\\\/uploads\\\/2026\\\/02\\\/DT-1027_1-3.png\",\"width\":1500,\"height\":2000},{\"@type\":\"BreadcrumbList\",\"@id\":\"https:\\\/\\\/second2chance.de\\\/?product=mobiler-meetingpoint-bejot-treehouse-mit-akustikpolsterung-auf-rollen#breadcrumb\",\"itemListElement\":[{\"@type\":\"ListItem\",\"position\":1,\"name\":\"Startseite\",\"item\":\"https:\\\/\\\/second2chance.de\\\/\"},{\"@type\":\"ListItem\",\"position\":2,\"name\":\"Shop\",\"item\":\"https:\\\/\\\/second2chance.de\\\/?page_id=7\"},{\"@type\":\"ListItem\",\"position\":3,\"name\":\"Mobiler Meetingpoint Bejot Treehouse mit Akustikpolsterung auf Rollen\"}]},{\"@type\":\"WebSite\",\"@id\":\"https:\\\/\\\/second2chance.de\\\/#website\",\"url\":\"https:\\\/\\\/second2chance.de\\\/\",\"name\":\"Second Chance\",\"description\":\"\",\"potentialAction\":[{\"@type\":\"SearchAction\",\"target\":{\"@type\":\"EntryPoint\",\"urlTemplate\":\"https:\\\/\\\/second2chance.de\\\/?s={search_term_string}\"},\"query-input\":{\"@type\":\"PropertyValueSpecification\",\"valueRequired\":true,\"valueName\":\"search_term_string\"}}],\"inLanguage\":\"de\"}]}<\/script>\n<!-- \/ Yoast SEO plugin. -->","yoast_head_json":{"title":"Mobiler Meetingpoint Bejot Treehouse mit Akustikpolsterung auf Rollen - Second Chance","robots":{"index":"index","follow":"follow","max-snippet":"max-snippet:-1","max-image-preview":"max-image-preview:large","max-video-preview":"max-video-preview:-1"},"canonical":"https:\/\/second2chance.de\/?product=mobiler-meetingpoint-bejot-treehouse-mit-akustikpolsterung-auf-rollen","og_locale":"de_DE","og_type":"article","og_title":"Mobiler Meetingpoint Bejot Treehouse mit Akustikpolsterung auf Rollen - Second Chance","og_description":"Hochwertiger mobiler Meetingpoint auf Rollen f\u00fcr moderne B\u00fcrofl\u00e4chen und Open-Space-Konzepte. Der Bejot Treehouse eignet sich ideal als R\u00fcckzugsort f\u00fcr Meetings, Gespr\u00e4che, kurze Besprechungen oder konzentriertes Arbeiten und strukturiert offene Arbeitsbereiche effektiv. Die akustisch gepolsterten Innenw\u00e4nde sorgen f\u00fcr eine sp\u00fcrbare Schallabschirmung [&hellip;]","og_url":"https:\/\/second2chance.de\/?product=mobiler-meetingpoint-bejot-treehouse-mit-akustikpolsterung-auf-rollen","og_site_name":"Second Chance","article_modified_time":"2026-03-09T23:26:46+00:00","og_image":[{"width":768,"height":1024,"url":"https:\/\/second2chance.de\/wp-content\/uploads\/2026\/02\/DT-1027_1-3-768x1024.png","type":"image\/png"}],"twitter_card":"summary_large_image","twitter_misc":{"Gesch\u00e4tzte Lesezeit":"1\u00a0Minute"},"schema":{"@context":"https:\/\/schema.org","@graph":[{"@type":"WebPage","@id":"https:\/\/second2chance.de\/?product=mobiler-meetingpoint-bejot-treehouse-mit-akustikpolsterung-auf-rollen","url":"https:\/\/second2chance.de\/?product=mobiler-meetingpoint-bejot-treehouse-mit-akustikpolsterung-auf-rollen","name":"Mobiler Meetingpoint Bejot Treehouse mit Akustikpolsterung auf Rollen - Second Chance","isPartOf":{"@id":"https:\/\/second2chance.de\/#website"},"primaryImageOfPage":{"@id":"https:\/\/second2chance.de\/?product=mobiler-meetingpoint-bejot-treehouse-mit-akustikpolsterung-auf-rollen#primaryimage"},"image":{"@id":"https:\/\/second2chance.de\/?product=mobiler-meetingpoint-bejot-treehouse-mit-akustikpolsterung-auf-rollen#primaryimage"},"thumbnailUrl":"https:\/\/second2chance.de\/wp-content\/uploads\/2026\/02\/DT-1027_1-3.png","datePublished":"2026-02-15T01:02:50+00:00","dateModified":"2026-03-09T23:26:46+00:00","breadcrumb":{"@id":"https:\/\/second2chance.de\/?product=mobiler-meetingpoint-bejot-treehouse-mit-akustikpolsterung-auf-rollen#breadcrumb"},"inLanguage":"de","potentialAction":[{"@type":"ReadAction","target":["https:\/\/second2chance.de\/?product=mobiler-meetingpoint-bejot-treehouse-mit-akustikpolsterung-auf-rollen"]}]},{"@type":"ImageObject","inLanguage":"de","@id":"https:\/\/second2chance.de\/?product=mobiler-meetingpoint-bejot-treehouse-mit-akustikpolsterung-auf-rollen#primaryimage","url":"https:\/\/second2chance.de\/wp-content\/uploads\/2026\/02\/DT-1027_1-3.png","contentUrl":"https:\/\/second2chance.de\/wp-content\/uploads\/2026\/02\/DT-1027_1-3.png","width":1500,"height":2000},{"@type":"BreadcrumbList","@id":"https:\/\/second2chance.de\/?product=mobiler-meetingpoint-bejot-treehouse-mit-akustikpolsterung-auf-rollen#breadcrumb","itemListElement":[{"@type":"ListItem","position":1,"name":"Startseite","item":"https:\/\/second2chance.de\/"},{"@type":"ListItem","position":2,"name":"Shop","item":"https:\/\/second2chance.de\/?page_id=7"},{"@type":"ListItem","position":3,"name":"Mobiler Meetingpoint Bejot Treehouse mit Akustikpolsterung auf Rollen"}]},{"@type":"WebSite","@id":"https:\/\/second2chance.de\/#website","url":"https:\/\/second2chance.de\/","name":"Second Chance","description":"","potentialAction":[{"@type":"SearchAction","target":{"@type":"EntryPoint","urlTemplate":"https:\/\/second2chance.de\/?s={search_term_string}"},"query-input":{"@type":"PropertyValueSpecification","valueRequired":true,"valueName":"search_term_string"}}],"inLanguage":"de"}]}},"_links":{"self":[{"href":"https:\/\/second2chance.de\/index.php?rest_route=\/wp\/v2\/product\/5266","targetHints":{"allow":["GET"]}}],"collection":[{"href":"https:\/\/second2chance.de\/index.php?rest_route=\/wp\/v2\/product"}],"about":[{"href":"https:\/\/second2chance.de\/index.php?rest_route=\/wp\/v2\/types\/product"}],"replies":[{"embeddable":true,"href":"https:\/\/second2chance.de\/index.php?rest_route=%2Fwp%2Fv2%2Fcomments&post=5266"}],"wp:featuredmedia":[{"embeddable":true,"href":"https:\/\/second2chance.de\/index.php?rest_route=\/wp\/v2\/media\/6379"}],"wp:attachment":[{"href":"https:\/\/second2chance.de\/index.php?rest_route=%2Fwp%2Fv2%2Fmedia&parent=5266"}],"wp:term":[{"taxonomy":"product_brand","embeddable":true,"href":"https:\/\/second2chance.de\/index.php?rest_route=%2Fwp%2Fv2%2Fproduct_brand&post=5266"},{"taxonomy":"product_cat","embeddable":true,"href":"https:\/\/second2chance.de\/index.php?rest_route=%2Fwp%2Fv2%2Fproduct_cat&post=5266"},{"taxonomy":"product_tag","embeddable":true,"href":"https:\/\/second2chance.de\/index.php?rest_route=%2Fwp%2Fv2%2Fproduct_tag&post=5266"}],"curies":[{"name":"wp","href":"https:\/\/api.w.org\/{rel}","templated":true}]}}