{"id":5264,"date":"2026-02-15T02:02:49","date_gmt":"2026-02-15T01:02:49","guid":{"rendered":"https:\/\/second2chance.de\/?product=hochtisch-stehtisch-steelcase-120x60-cm"},"modified":"2026-03-26T12:53:29","modified_gmt":"2026-03-26T11:53:29","slug":"hochtisch-stehtisch-steelcase-120x60-cm","status":"publish","type":"product","link":"https:\/\/second2chance.de\/?product=hochtisch-stehtisch-steelcase-120x60-cm","title":{"rendered":"Hochtisch \/ Stehtisch Steelcase 120&#215;60 cm"},"content":{"rendered":"<p style=\"font-size: 15px; line-height: 1.7; margin-bottom: 20px; color: #333;\">Moderner Hochtisch mit stabiler Konstruktion und strapazierf\u00e4higer Tischplatte. Perfekt geeignet f\u00fcr Stehmeetings, Pausenbereiche oder Empfangszonen. Zeitloses Design, kombinierbar mit Barhockern oder Stehhockern. Sorgt f\u00fcr eine dynamische Arbeitsatmosph\u00e4re und f\u00f6rdert Kommunikation im B\u00fcro.<\/p>\n","protected":false},"excerpt":{"rendered":"<p>Moderner Hochtisch mit stabiler Konstruktion und strapazierf\u00e4higer Tischplatte. Perfekt geeignet f\u00fcr Stehmeetings, Pausenbereiche oder Empfangszonen. Zeitloses Design, kombinierbar mit Barhockern oder Stehhockern. Sorgt f\u00fcr eine dynamische Arbeitsatmosph\u00e4re und f\u00f6rdert Kommunikation im B\u00fcro.<\/p>\n","protected":false},"featured_media":6482,"comment_status":"open","ping_status":"closed","template":"","meta":[],"product_brand":[],"product_cat":[111,136],"product_tag":[],"class_list":{"0":"post-5264","1":"product","2":"type-product","3":"status-publish","4":"has-post-thumbnail","6":"product_cat-besprechung-und-konferenz","7":"product_cat-hochtische-stehtische","9":"first","10":"instock","11":"shipping-taxable","12":"product-type-simple"},"yoast_head":"<!-- This site is optimized with the Yoast SEO plugin v27.3 - https:\/\/yoast.com\/product\/yoast-seo-wordpress\/ -->\n<title>Hochtisch \/ Stehtisch Steelcase 120x60 cm - Second Chance<\/title>\n<meta name=\"robots\" content=\"index, follow, max-snippet:-1, max-image-preview:large, max-video-preview:-1\" \/>\n<link rel=\"canonical\" href=\"https:\/\/second2chance.de\/?product=hochtisch-stehtisch-steelcase-120x60-cm\" \/>\n<meta property=\"og:locale\" content=\"de_DE\" \/>\n<meta property=\"og:type\" content=\"article\" \/>\n<meta property=\"og:title\" content=\"Hochtisch \/ Stehtisch Steelcase 120x60 cm - Second Chance\" \/>\n<meta property=\"og:description\" content=\"Moderner Hochtisch mit stabiler Konstruktion und strapazierf\u00e4higer Tischplatte. Perfekt geeignet f\u00fcr Stehmeetings, Pausenbereiche oder Empfangszonen. Zeitloses Design, kombinierbar mit Barhockern oder Stehhockern. Sorgt f\u00fcr eine dynamische Arbeitsatmosph\u00e4re und f\u00f6rdert Kommunikation im B\u00fcro.\" \/>\n<meta property=\"og:url\" content=\"https:\/\/second2chance.de\/?product=hochtisch-stehtisch-steelcase-120x60-cm\" \/>\n<meta property=\"og:site_name\" content=\"Second Chance\" \/>\n<meta property=\"article:modified_time\" content=\"2026-03-26T11:53:29+00:00\" \/>\n<meta property=\"og:image\" content=\"https:\/\/second2chance.de\/wp-content\/uploads\/2026\/02\/DT-1025_3.jpg\" \/>\n\t<meta property=\"og:image:width\" content=\"1500\" \/>\n\t<meta property=\"og:image:height\" content=\"2000\" \/>\n\t<meta property=\"og:image:type\" content=\"image\/jpeg\" \/>\n<meta name=\"twitter:card\" content=\"summary_large_image\" \/>\n<meta name=\"twitter:label1\" content=\"Gesch\u00e4tzte Lesezeit\" \/>\n\t<meta name=\"twitter:data1\" content=\"1\u00a0Minute\" \/>\n<script type=\"application\/ld+json\" class=\"yoast-schema-graph\">{\"@context\":\"https:\\\/\\\/schema.org\",\"@graph\":[{\"@type\":\"WebPage\",\"@id\":\"https:\\\/\\\/second2chance.de\\\/?product=hochtisch-stehtisch-steelcase-120x60-cm\",\"url\":\"https:\\\/\\\/second2chance.de\\\/?product=hochtisch-stehtisch-steelcase-120x60-cm\",\"name\":\"Hochtisch \\\/ Stehtisch Steelcase 120x60 cm - Second Chance\",\"isPartOf\":{\"@id\":\"https:\\\/\\\/second2chance.de\\\/#website\"},\"primaryImageOfPage\":{\"@id\":\"https:\\\/\\\/second2chance.de\\\/?product=hochtisch-stehtisch-steelcase-120x60-cm#primaryimage\"},\"image\":{\"@id\":\"https:\\\/\\\/second2chance.de\\\/?product=hochtisch-stehtisch-steelcase-120x60-cm#primaryimage\"},\"thumbnailUrl\":\"https:\\\/\\\/second2chance.de\\\/wp-content\\\/uploads\\\/2026\\\/02\\\/DT-1025_3.jpg\",\"datePublished\":\"2026-02-15T01:02:49+00:00\",\"dateModified\":\"2026-03-26T11:53:29+00:00\",\"breadcrumb\":{\"@id\":\"https:\\\/\\\/second2chance.de\\\/?product=hochtisch-stehtisch-steelcase-120x60-cm#breadcrumb\"},\"inLanguage\":\"de\",\"potentialAction\":[{\"@type\":\"ReadAction\",\"target\":[\"https:\\\/\\\/second2chance.de\\\/?product=hochtisch-stehtisch-steelcase-120x60-cm\"]}]},{\"@type\":\"ImageObject\",\"inLanguage\":\"de\",\"@id\":\"https:\\\/\\\/second2chance.de\\\/?product=hochtisch-stehtisch-steelcase-120x60-cm#primaryimage\",\"url\":\"https:\\\/\\\/second2chance.de\\\/wp-content\\\/uploads\\\/2026\\\/02\\\/DT-1025_3.jpg\",\"contentUrl\":\"https:\\\/\\\/second2chance.de\\\/wp-content\\\/uploads\\\/2026\\\/02\\\/DT-1025_3.jpg\",\"width\":1500,\"height\":2000},{\"@type\":\"BreadcrumbList\",\"@id\":\"https:\\\/\\\/second2chance.de\\\/?product=hochtisch-stehtisch-steelcase-120x60-cm#breadcrumb\",\"itemListElement\":[{\"@type\":\"ListItem\",\"position\":1,\"name\":\"Startseite\",\"item\":\"https:\\\/\\\/second2chance.de\\\/\"},{\"@type\":\"ListItem\",\"position\":2,\"name\":\"Shop\",\"item\":\"https:\\\/\\\/second2chance.de\\\/?page_id=7\"},{\"@type\":\"ListItem\",\"position\":3,\"name\":\"Hochtisch \\\/ Stehtisch Steelcase 120&#215;60 cm\"}]},{\"@type\":\"WebSite\",\"@id\":\"https:\\\/\\\/second2chance.de\\\/#website\",\"url\":\"https:\\\/\\\/second2chance.de\\\/\",\"name\":\"Second Chance\",\"description\":\"\",\"potentialAction\":[{\"@type\":\"SearchAction\",\"target\":{\"@type\":\"EntryPoint\",\"urlTemplate\":\"https:\\\/\\\/second2chance.de\\\/?s={search_term_string}\"},\"query-input\":{\"@type\":\"PropertyValueSpecification\",\"valueRequired\":true,\"valueName\":\"search_term_string\"}}],\"inLanguage\":\"de\"}]}<\/script>\n<!-- \/ Yoast SEO plugin. -->","yoast_head_json":{"title":"Hochtisch \/ Stehtisch Steelcase 120x60 cm - Second Chance","robots":{"index":"index","follow":"follow","max-snippet":"max-snippet:-1","max-image-preview":"max-image-preview:large","max-video-preview":"max-video-preview:-1"},"canonical":"https:\/\/second2chance.de\/?product=hochtisch-stehtisch-steelcase-120x60-cm","og_locale":"de_DE","og_type":"article","og_title":"Hochtisch \/ Stehtisch Steelcase 120x60 cm - Second Chance","og_description":"Moderner Hochtisch mit stabiler Konstruktion und strapazierf\u00e4higer Tischplatte. Perfekt geeignet f\u00fcr Stehmeetings, Pausenbereiche oder Empfangszonen. Zeitloses Design, kombinierbar mit Barhockern oder Stehhockern. Sorgt f\u00fcr eine dynamische Arbeitsatmosph\u00e4re und f\u00f6rdert Kommunikation im B\u00fcro.","og_url":"https:\/\/second2chance.de\/?product=hochtisch-stehtisch-steelcase-120x60-cm","og_site_name":"Second Chance","article_modified_time":"2026-03-26T11:53:29+00:00","og_image":[{"width":1500,"height":2000,"url":"https:\/\/second2chance.de\/wp-content\/uploads\/2026\/02\/DT-1025_3.jpg","type":"image\/jpeg"}],"twitter_card":"summary_large_image","twitter_misc":{"Gesch\u00e4tzte Lesezeit":"1\u00a0Minute"},"schema":{"@context":"https:\/\/schema.org","@graph":[{"@type":"WebPage","@id":"https:\/\/second2chance.de\/?product=hochtisch-stehtisch-steelcase-120x60-cm","url":"https:\/\/second2chance.de\/?product=hochtisch-stehtisch-steelcase-120x60-cm","name":"Hochtisch \/ Stehtisch Steelcase 120x60 cm - Second Chance","isPartOf":{"@id":"https:\/\/second2chance.de\/#website"},"primaryImageOfPage":{"@id":"https:\/\/second2chance.de\/?product=hochtisch-stehtisch-steelcase-120x60-cm#primaryimage"},"image":{"@id":"https:\/\/second2chance.de\/?product=hochtisch-stehtisch-steelcase-120x60-cm#primaryimage"},"thumbnailUrl":"https:\/\/second2chance.de\/wp-content\/uploads\/2026\/02\/DT-1025_3.jpg","datePublished":"2026-02-15T01:02:49+00:00","dateModified":"2026-03-26T11:53:29+00:00","breadcrumb":{"@id":"https:\/\/second2chance.de\/?product=hochtisch-stehtisch-steelcase-120x60-cm#breadcrumb"},"inLanguage":"de","potentialAction":[{"@type":"ReadAction","target":["https:\/\/second2chance.de\/?product=hochtisch-stehtisch-steelcase-120x60-cm"]}]},{"@type":"ImageObject","inLanguage":"de","@id":"https:\/\/second2chance.de\/?product=hochtisch-stehtisch-steelcase-120x60-cm#primaryimage","url":"https:\/\/second2chance.de\/wp-content\/uploads\/2026\/02\/DT-1025_3.jpg","contentUrl":"https:\/\/second2chance.de\/wp-content\/uploads\/2026\/02\/DT-1025_3.jpg","width":1500,"height":2000},{"@type":"BreadcrumbList","@id":"https:\/\/second2chance.de\/?product=hochtisch-stehtisch-steelcase-120x60-cm#breadcrumb","itemListElement":[{"@type":"ListItem","position":1,"name":"Startseite","item":"https:\/\/second2chance.de\/"},{"@type":"ListItem","position":2,"name":"Shop","item":"https:\/\/second2chance.de\/?page_id=7"},{"@type":"ListItem","position":3,"name":"Hochtisch \/ Stehtisch Steelcase 120&#215;60 cm"}]},{"@type":"WebSite","@id":"https:\/\/second2chance.de\/#website","url":"https:\/\/second2chance.de\/","name":"Second Chance","description":"","potentialAction":[{"@type":"SearchAction","target":{"@type":"EntryPoint","urlTemplate":"https:\/\/second2chance.de\/?s={search_term_string}"},"query-input":{"@type":"PropertyValueSpecification","valueRequired":true,"valueName":"search_term_string"}}],"inLanguage":"de"}]}},"_links":{"self":[{"href":"https:\/\/second2chance.de\/index.php?rest_route=\/wp\/v2\/product\/5264","targetHints":{"allow":["GET"]}}],"collection":[{"href":"https:\/\/second2chance.de\/index.php?rest_route=\/wp\/v2\/product"}],"about":[{"href":"https:\/\/second2chance.de\/index.php?rest_route=\/wp\/v2\/types\/product"}],"replies":[{"embeddable":true,"href":"https:\/\/second2chance.de\/index.php?rest_route=%2Fwp%2Fv2%2Fcomments&post=5264"}],"wp:featuredmedia":[{"embeddable":true,"href":"https:\/\/second2chance.de\/index.php?rest_route=\/wp\/v2\/media\/6482"}],"wp:attachment":[{"href":"https:\/\/second2chance.de\/index.php?rest_route=%2Fwp%2Fv2%2Fmedia&parent=5264"}],"wp:term":[{"taxonomy":"product_brand","embeddable":true,"href":"https:\/\/second2chance.de\/index.php?rest_route=%2Fwp%2Fv2%2Fproduct_brand&post=5264"},{"taxonomy":"product_cat","embeddable":true,"href":"https:\/\/second2chance.de\/index.php?rest_route=%2Fwp%2Fv2%2Fproduct_cat&post=5264"},{"taxonomy":"product_tag","embeddable":true,"href":"https:\/\/second2chance.de\/index.php?rest_route=%2Fwp%2Fv2%2Fproduct_tag&post=5264"}],"curies":[{"name":"wp","href":"https:\/\/api.w.org\/{rel}","templated":true}]}}