{"id":5257,"date":"2026-02-15T02:02:47","date_gmt":"2026-02-15T01:02:47","guid":{"rendered":"https:\/\/second2chance.de\/?product=runder-besprechungs-und-loungetisch-o-110-cm"},"modified":"2026-03-10T00:26:45","modified_gmt":"2026-03-09T23:26:45","slug":"runder-besprechungs-und-loungetisch-o-110-cm","status":"publish","type":"product","link":"https:\/\/second2chance.de\/?product=runder-besprechungs-und-loungetisch-o-110-cm","title":{"rendered":"Runder Besprechungs- und Loungetisch \u00d8 110 cm"},"content":{"rendered":"<p style=\"font-size:15px;line-height:1.7;margin-bottom:20px;color:#333\">Runder Tisch f\u00fcr Besprechungs-, Aufenthalts- und Loungezonen in B\u00fcro- und Projektumgebungen, geeignet f\u00fcr kurze Meetings, Teamrunden oder Aufenthaltsbereiche; neutrales Design zur flexiblen Integration in bestehende Raumkonzepte; Merkmale: runde Tischplatte ca. \u00d8 110 cm, stabiles Metallgestell mit zentraler S\u00e4ule, standfester Fu\u00df, pflegeleichte Oberfl\u00e4che in heller Ausf\u00fchrung; Zustand: gebraucht aus gewerblichem Einsatz, gepflegt und voll funktionsf\u00e4hig, wirtschaftliche und nachhaltige Einrichtungsl\u00f6sung<\/p>\n<div style=\"background:#e8f4f8;padding:15px;border-left:4px solid #2271b1;margin-top:20px;border-radius:4px\">\n<p style=\"margin:0;font-size:14px;color:#555\">\u2705 <strong>Zustand:<\/strong>  Gebrauchtes Produkt aus professionellem Einsatz, gepr\u00fcft und funktionsf\u00e4hig.<\/p>\n<\/div>\n","protected":false},"excerpt":{"rendered":"<p>Runder Tisch f\u00fcr Besprechungs-, Aufenthalts- und Loungezonen in B\u00fcro- und Projektumgebungen, geeignet f\u00fcr kurze Meetings, Teamrunden oder Aufenthaltsbereiche; neutrales Design zur flexiblen Integration in bestehende Raumkonzepte; Merkmale: runde Tischplatte ca. \u00d8 110 cm, stabiles Metallgestell mit zentraler S\u00e4ule, standfester Fu\u00df, [&hellip;]<\/p>\n","protected":false},"featured_media":6444,"comment_status":"open","ping_status":"closed","template":"","meta":[],"product_brand":[],"product_cat":[111,112],"product_tag":[],"class_list":{"0":"post-5257","1":"product","2":"type-product","3":"status-publish","4":"has-post-thumbnail","6":"product_cat-besprechung-und-konferenz","7":"product_cat-besprechungstische","9":"first","10":"instock","11":"shipping-taxable","12":"product-type-simple"},"yoast_head":"<!-- This site is optimized with the Yoast SEO plugin v27.3 - https:\/\/yoast.com\/product\/yoast-seo-wordpress\/ -->\n<title>Runder Besprechungs- und Loungetisch \u00d8 110 cm - Second Chance<\/title>\n<meta name=\"robots\" content=\"index, follow, max-snippet:-1, max-image-preview:large, max-video-preview:-1\" \/>\n<link rel=\"canonical\" href=\"https:\/\/second2chance.de\/?product=runder-besprechungs-und-loungetisch-o-110-cm\" \/>\n<meta property=\"og:locale\" content=\"de_DE\" \/>\n<meta property=\"og:type\" content=\"article\" \/>\n<meta property=\"og:title\" content=\"Runder Besprechungs- und Loungetisch \u00d8 110 cm - Second Chance\" \/>\n<meta property=\"og:description\" content=\"Runder Tisch f\u00fcr Besprechungs-, Aufenthalts- und Loungezonen in B\u00fcro- und Projektumgebungen, geeignet f\u00fcr kurze Meetings, Teamrunden oder Aufenthaltsbereiche; neutrales Design zur flexiblen Integration in bestehende Raumkonzepte; Merkmale: runde Tischplatte ca. \u00d8 110 cm, stabiles Metallgestell mit zentraler S\u00e4ule, standfester Fu\u00df, [&hellip;]\" \/>\n<meta property=\"og:url\" content=\"https:\/\/second2chance.de\/?product=runder-besprechungs-und-loungetisch-o-110-cm\" \/>\n<meta property=\"og:site_name\" content=\"Second Chance\" \/>\n<meta property=\"article:modified_time\" content=\"2026-03-09T23:26:45+00:00\" \/>\n<meta property=\"og:image\" content=\"https:\/\/second2chance.de\/wp-content\/uploads\/2026\/02\/DT-1017_1-1-768x1024.png\" \/>\n\t<meta property=\"og:image:width\" content=\"768\" \/>\n\t<meta property=\"og:image:height\" content=\"1024\" \/>\n\t<meta property=\"og:image:type\" content=\"image\/png\" \/>\n<meta name=\"twitter:card\" content=\"summary_large_image\" \/>\n<script type=\"application\/ld+json\" class=\"yoast-schema-graph\">{\"@context\":\"https:\\\/\\\/schema.org\",\"@graph\":[{\"@type\":\"WebPage\",\"@id\":\"https:\\\/\\\/second2chance.de\\\/?product=runder-besprechungs-und-loungetisch-o-110-cm\",\"url\":\"https:\\\/\\\/second2chance.de\\\/?product=runder-besprechungs-und-loungetisch-o-110-cm\",\"name\":\"Runder Besprechungs- und Loungetisch \u00d8 110 cm - Second Chance\",\"isPartOf\":{\"@id\":\"https:\\\/\\\/second2chance.de\\\/#website\"},\"primaryImageOfPage\":{\"@id\":\"https:\\\/\\\/second2chance.de\\\/?product=runder-besprechungs-und-loungetisch-o-110-cm#primaryimage\"},\"image\":{\"@id\":\"https:\\\/\\\/second2chance.de\\\/?product=runder-besprechungs-und-loungetisch-o-110-cm#primaryimage\"},\"thumbnailUrl\":\"https:\\\/\\\/second2chance.de\\\/wp-content\\\/uploads\\\/2026\\\/02\\\/DT-1017_1-1.png\",\"datePublished\":\"2026-02-15T01:02:47+00:00\",\"dateModified\":\"2026-03-09T23:26:45+00:00\",\"breadcrumb\":{\"@id\":\"https:\\\/\\\/second2chance.de\\\/?product=runder-besprechungs-und-loungetisch-o-110-cm#breadcrumb\"},\"inLanguage\":\"de\",\"potentialAction\":[{\"@type\":\"ReadAction\",\"target\":[\"https:\\\/\\\/second2chance.de\\\/?product=runder-besprechungs-und-loungetisch-o-110-cm\"]}]},{\"@type\":\"ImageObject\",\"inLanguage\":\"de\",\"@id\":\"https:\\\/\\\/second2chance.de\\\/?product=runder-besprechungs-und-loungetisch-o-110-cm#primaryimage\",\"url\":\"https:\\\/\\\/second2chance.de\\\/wp-content\\\/uploads\\\/2026\\\/02\\\/DT-1017_1-1.png\",\"contentUrl\":\"https:\\\/\\\/second2chance.de\\\/wp-content\\\/uploads\\\/2026\\\/02\\\/DT-1017_1-1.png\",\"width\":1500,\"height\":2000},{\"@type\":\"BreadcrumbList\",\"@id\":\"https:\\\/\\\/second2chance.de\\\/?product=runder-besprechungs-und-loungetisch-o-110-cm#breadcrumb\",\"itemListElement\":[{\"@type\":\"ListItem\",\"position\":1,\"name\":\"Startseite\",\"item\":\"https:\\\/\\\/second2chance.de\\\/\"},{\"@type\":\"ListItem\",\"position\":2,\"name\":\"Shop\",\"item\":\"https:\\\/\\\/second2chance.de\\\/?page_id=7\"},{\"@type\":\"ListItem\",\"position\":3,\"name\":\"Runder Besprechungs- und Loungetisch \u00d8 110 cm\"}]},{\"@type\":\"WebSite\",\"@id\":\"https:\\\/\\\/second2chance.de\\\/#website\",\"url\":\"https:\\\/\\\/second2chance.de\\\/\",\"name\":\"Second Chance\",\"description\":\"\",\"potentialAction\":[{\"@type\":\"SearchAction\",\"target\":{\"@type\":\"EntryPoint\",\"urlTemplate\":\"https:\\\/\\\/second2chance.de\\\/?s={search_term_string}\"},\"query-input\":{\"@type\":\"PropertyValueSpecification\",\"valueRequired\":true,\"valueName\":\"search_term_string\"}}],\"inLanguage\":\"de\"}]}<\/script>\n<!-- \/ Yoast SEO plugin. -->","yoast_head_json":{"title":"Runder Besprechungs- und Loungetisch \u00d8 110 cm - Second Chance","robots":{"index":"index","follow":"follow","max-snippet":"max-snippet:-1","max-image-preview":"max-image-preview:large","max-video-preview":"max-video-preview:-1"},"canonical":"https:\/\/second2chance.de\/?product=runder-besprechungs-und-loungetisch-o-110-cm","og_locale":"de_DE","og_type":"article","og_title":"Runder Besprechungs- und Loungetisch \u00d8 110 cm - Second Chance","og_description":"Runder Tisch f\u00fcr Besprechungs-, Aufenthalts- und Loungezonen in B\u00fcro- und Projektumgebungen, geeignet f\u00fcr kurze Meetings, Teamrunden oder Aufenthaltsbereiche; neutrales Design zur flexiblen Integration in bestehende Raumkonzepte; Merkmale: runde Tischplatte ca. \u00d8 110 cm, stabiles Metallgestell mit zentraler S\u00e4ule, standfester Fu\u00df, [&hellip;]","og_url":"https:\/\/second2chance.de\/?product=runder-besprechungs-und-loungetisch-o-110-cm","og_site_name":"Second Chance","article_modified_time":"2026-03-09T23:26:45+00:00","og_image":[{"width":768,"height":1024,"url":"https:\/\/second2chance.de\/wp-content\/uploads\/2026\/02\/DT-1017_1-1-768x1024.png","type":"image\/png"}],"twitter_card":"summary_large_image","schema":{"@context":"https:\/\/schema.org","@graph":[{"@type":"WebPage","@id":"https:\/\/second2chance.de\/?product=runder-besprechungs-und-loungetisch-o-110-cm","url":"https:\/\/second2chance.de\/?product=runder-besprechungs-und-loungetisch-o-110-cm","name":"Runder Besprechungs- und Loungetisch \u00d8 110 cm - Second Chance","isPartOf":{"@id":"https:\/\/second2chance.de\/#website"},"primaryImageOfPage":{"@id":"https:\/\/second2chance.de\/?product=runder-besprechungs-und-loungetisch-o-110-cm#primaryimage"},"image":{"@id":"https:\/\/second2chance.de\/?product=runder-besprechungs-und-loungetisch-o-110-cm#primaryimage"},"thumbnailUrl":"https:\/\/second2chance.de\/wp-content\/uploads\/2026\/02\/DT-1017_1-1.png","datePublished":"2026-02-15T01:02:47+00:00","dateModified":"2026-03-09T23:26:45+00:00","breadcrumb":{"@id":"https:\/\/second2chance.de\/?product=runder-besprechungs-und-loungetisch-o-110-cm#breadcrumb"},"inLanguage":"de","potentialAction":[{"@type":"ReadAction","target":["https:\/\/second2chance.de\/?product=runder-besprechungs-und-loungetisch-o-110-cm"]}]},{"@type":"ImageObject","inLanguage":"de","@id":"https:\/\/second2chance.de\/?product=runder-besprechungs-und-loungetisch-o-110-cm#primaryimage","url":"https:\/\/second2chance.de\/wp-content\/uploads\/2026\/02\/DT-1017_1-1.png","contentUrl":"https:\/\/second2chance.de\/wp-content\/uploads\/2026\/02\/DT-1017_1-1.png","width":1500,"height":2000},{"@type":"BreadcrumbList","@id":"https:\/\/second2chance.de\/?product=runder-besprechungs-und-loungetisch-o-110-cm#breadcrumb","itemListElement":[{"@type":"ListItem","position":1,"name":"Startseite","item":"https:\/\/second2chance.de\/"},{"@type":"ListItem","position":2,"name":"Shop","item":"https:\/\/second2chance.de\/?page_id=7"},{"@type":"ListItem","position":3,"name":"Runder Besprechungs- und Loungetisch \u00d8 110 cm"}]},{"@type":"WebSite","@id":"https:\/\/second2chance.de\/#website","url":"https:\/\/second2chance.de\/","name":"Second Chance","description":"","potentialAction":[{"@type":"SearchAction","target":{"@type":"EntryPoint","urlTemplate":"https:\/\/second2chance.de\/?s={search_term_string}"},"query-input":{"@type":"PropertyValueSpecification","valueRequired":true,"valueName":"search_term_string"}}],"inLanguage":"de"}]}},"_links":{"self":[{"href":"https:\/\/second2chance.de\/index.php?rest_route=\/wp\/v2\/product\/5257","targetHints":{"allow":["GET"]}}],"collection":[{"href":"https:\/\/second2chance.de\/index.php?rest_route=\/wp\/v2\/product"}],"about":[{"href":"https:\/\/second2chance.de\/index.php?rest_route=\/wp\/v2\/types\/product"}],"replies":[{"embeddable":true,"href":"https:\/\/second2chance.de\/index.php?rest_route=%2Fwp%2Fv2%2Fcomments&post=5257"}],"wp:featuredmedia":[{"embeddable":true,"href":"https:\/\/second2chance.de\/index.php?rest_route=\/wp\/v2\/media\/6444"}],"wp:attachment":[{"href":"https:\/\/second2chance.de\/index.php?rest_route=%2Fwp%2Fv2%2Fmedia&parent=5257"}],"wp:term":[{"taxonomy":"product_brand","embeddable":true,"href":"https:\/\/second2chance.de\/index.php?rest_route=%2Fwp%2Fv2%2Fproduct_brand&post=5257"},{"taxonomy":"product_cat","embeddable":true,"href":"https:\/\/second2chance.de\/index.php?rest_route=%2Fwp%2Fv2%2Fproduct_cat&post=5257"},{"taxonomy":"product_tag","embeddable":true,"href":"https:\/\/second2chance.de\/index.php?rest_route=%2Fwp%2Fv2%2Fproduct_tag&post=5257"}],"curies":[{"name":"wp","href":"https:\/\/api.w.org\/{rel}","templated":true}]}}