{"id":520,"date":"2018-05-17T10:56:06","date_gmt":"2018-05-17T10:56:06","guid":{"rendered":"http:\/\/arredo.select-themes.com\/?page_id=520"},"modified":"2025-07-18T12:41:30","modified_gmt":"2025-07-18T10:41:30","slug":"ueber-uns","status":"publish","type":"page","link":"https:\/\/second2chance.de\/?page_id=520","title":{"rendered":"\u00dcber uns"},"content":{"rendered":"<div class=\"wpb-content-wrapper\"><div class=\"vc_row wpb_row vc_row-fluid vc_custom_1752148366447\" ><div class=\"wpb_column vc_column_container vc_col-sm-12\"><div class=\"vc_column-inner\"><div class=\"wpb_wrapper\"><div class=\"vc_empty_space\"   style=\"height: 32px\"><span class=\"vc_empty_space_inner\"><\/span><\/div>\n\t<div class=\"wpb_text_column wpb_content_element\" >\n\t\t<div class=\"wpb_wrapper\">\n\t\t\t<h3 class=\"s6\" style=\"text-align: left;\"><strong><span class=\"s5\">Second Chance \u2013 Ihr Partner f\u00fcr gebrauchte B\u00fcrom\u00f6bel und professionelle B\u00fcrodienstleistungen<\/span><\/strong><\/h3>\n<p class=\"s8\" style=\"text-align: left;\"><span class=\"s7\">Willkommen bei Second Chance. Wir sind ein erfahrenes Team aus Nordhorn, das sich auf hochwertige, gebrauchte B\u00fcrom\u00f6bel und umfassende Serviceleistungen rund ums B\u00fcro spezialisiert hat. Unser Ziel ist es, Unternehmen, Einrichtungen und Privatpersonen in ganz Deutschland funktional, stilvoll und nachhaltig auszustatten.<\/span><\/p>\n<p class=\"s8\" style=\"text-align: left;\"><span class=\"s7\">Unser Fokus liegt auf gebrauchten B\u00fcrotischen, ergonomischen St\u00fchlen, Stauraumm\u00f6beln, Loungel\u00f6sungen und Komplettpaketen f\u00fcr moderne Arbeitswelten. Ob Start-up, Gro\u00dfraumb\u00fcro oder Homeoffice <\/span><span class=\"s7\">&#8211;<\/span><span class=\"s7\"> wir liefern passende M\u00f6bel in gepr\u00fcfter Qualit\u00e4t, zuverl\u00e4ssig und kurzfristig. Marken wie <\/span><span class=\"s7\">Steelcase<\/span><span class=\"s7\">, Vitra, <\/span><span class=\"s7\">Sedus<\/span><span class=\"s7\"> oder K\u00f6nig + Neurath stehen f\u00fcr Langlebigkeit und Design, und genau diese Werte m\u00f6chten wir weitergeben.<\/span><\/p>\n<p class=\"s8\" style=\"text-align: left;\"><span class=\"s7\">Doch unser Angebot endet nicht beim Verkauf. Wir unterst\u00fctzen Sie auch bei der Umsetzung kompletter Projekte. Dazu z\u00e4hlen B\u00fcroeinrichtungen mit Planungsservice, Umz\u00fcge, Entr\u00fcmpelungen, M\u00f6belaufbereitungen und die fachgerechte Montage vor Ort. Mit unserem Netzwerk bieten wir individuelle L\u00f6sungen aus einer Hand.<\/span><\/p>\n<p class=\"s8\" style=\"text-align: left;\"><span class=\"s7\">Jedes M\u00f6belst\u00fcck, das unser Lager verl\u00e4sst, wird gepr\u00fcft, gereinigt und bei Bedarf technisch \u00fcberarbeitet. So erhalten Sie nicht nur faire Preise, sondern voll funktionsf\u00e4hige Produkte, die direkt einsatzbereit sind. Besichtigungen vor Ort sind nach Absprache m\u00f6glich, ebenso wie ma\u00dfgeschneiderte Angebote mit Rabatten f\u00fcr gr\u00f6\u00dfere Abnahmemengen.<\/span><\/p>\n<p class=\"s8\" style=\"text-align: left;\"><span class=\"s7\">Second Chance steht f\u00fcr Nachhaltigkeit mit Substanz. Durch den bewussten Einsatz gebrauchter M\u00f6bel sparen wir Ressourcen, reduzieren Abfall und schaffen neue Nutzungskonzepte \u2013 ganz im Sinne einer verantwortungsvollen Kreislaufwirtschaft.<\/span><\/p>\n<p class=\"s8\" style=\"text-align: left;\"><span class=\"s7\">Unsere Kundinnen und Kunden sch\u00e4tzen den pers\u00f6nlichen Kontakt, unsere schnelle Reaktionszeit und die Klarheit in der Abwicklung. Wir h\u00f6ren zu, denken mit und finden L\u00f6sungen, die zu Ihrem Bedarf passen.<\/span><\/p>\n<p class=\"s8\" style=\"text-align: left;\"><span class=\"s7\">Lernen Sie uns kennen. Wir freuen uns auf Ihre Anfrage und beraten Sie gerne.<\/span><\/p>\n\n\t\t<\/div>\n\t<\/div>\n<div class=\"vc_empty_space\"   style=\"height: 32px\"><span class=\"vc_empty_space_inner\"><\/span><\/div><\/div><\/div><\/div><\/div><div data-parallax-bg-image=\"https:\/\/second2chance.de\/wp-content\/uploads\/2018\/05\/about-us-parallax-img-1.jpg\" data-parallax-bg-speed=\"1\" class=\"vc_row wpb_row vc_row-fluid vc_row-o-content-middle vc_row-flex qodef-parallax-row-holder qodef-content-aligment-center\" ><div class=\"wpb_column vc_column_container vc_col-sm-12\"><div class=\"vc_column-inner\"><div class=\"wpb_wrapper\"><div class=\"qodef-elements-holder   qodef-one-column  qodef-responsive-mode-768 \" ><div class=\"qodef-eh-item    \"  data-item-class=\"qodef-eh-custom-1455\">\n\t<div class=\"qodef-eh-item-inner\">\n\t\t<div class=\"qodef-eh-item-content qodef-eh-custom-1455\" style=\"padding: 234px 0% 260px\">\n\t\t\t<div class=\"qodef-video-button-holder  \">\n\t<div class=\"qodef-video-button-image\">\n\t\t\t<\/div>\n\t\t\t<a class=\"qodef-video-button-play\"  href=\"https:\/\/vimeo.com\/81819805?iframe=true\" data-rel=\"prettyPhoto[video_button_pretty_photo_663]\">\n\t\t\t<span class=\"qodef-video-button-play-inner\">\n\t\t\t\t<span class=\"arrow_triangle-right\"><\/span>\n\t\t\t<\/span>\n\t\t<\/a>\n\t<\/div>\t\t<\/div>\n\t<\/div>\n<\/div><\/div><\/div><\/div><\/div><\/div>\n<\/div>","protected":false},"excerpt":{"rendered":"Second Chance \u2013 Ihr Partner f\u00fcr gebrauchte B\u00fcrom\u00f6bel und professionelle B\u00fcrodienstleistungen Willkommen bei Second Chance. Wir sind ein erfahrenes Team aus Nordhorn, das sich auf hochwertige, gebrauchte B\u00fcrom\u00f6bel und umfassende Serviceleistungen rund ums B\u00fcro spezialisiert hat. Unser Ziel ist es, [...]","protected":false},"author":1,"featured_media":0,"parent":0,"menu_order":0,"comment_status":"closed","ping_status":"closed","template":"full-width.php","meta":{"footnotes":""},"class_list":["post-520","page","type-page","status-publish","hentry"],"yoast_head":"<!-- This site is optimized with the Yoast SEO plugin v27.3 - https:\/\/yoast.com\/product\/yoast-seo-wordpress\/ -->\n<title>\u00dcber uns - Second Chance<\/title>\n<meta name=\"robots\" content=\"index, follow, max-snippet:-1, max-image-preview:large, max-video-preview:-1\" \/>\n<link rel=\"canonical\" href=\"https:\/\/second2chance.de\/?page_id=520\" \/>\n<meta property=\"og:locale\" content=\"de_DE\" \/>\n<meta property=\"og:type\" content=\"article\" \/>\n<meta property=\"og:title\" content=\"\u00dcber uns - Second Chance\" \/>\n<meta property=\"og:url\" content=\"https:\/\/second2chance.de\/?page_id=520\" \/>\n<meta property=\"og:site_name\" content=\"Second Chance\" \/>\n<meta property=\"article:modified_time\" content=\"2025-07-18T10:41:30+00:00\" \/>\n<meta property=\"og:image\" content=\"https:\/\/second2chance.de\/wp-content\/uploads\/2025\/04\/logo_default.png\" \/>\n\t<meta property=\"og:image:width\" content=\"500\" \/>\n\t<meta property=\"og:image:height\" content=\"500\" \/>\n\t<meta property=\"og:image:type\" content=\"image\/png\" \/>\n<meta name=\"twitter:card\" content=\"summary_large_image\" \/>\n<meta name=\"twitter:label1\" content=\"Gesch\u00e4tzte Lesezeit\" \/>\n\t<meta name=\"twitter:data1\" content=\"2\u00a0Minuten\" \/>\n<script type=\"application\/ld+json\" class=\"yoast-schema-graph\">{\"@context\":\"https:\\\/\\\/schema.org\",\"@graph\":[{\"@type\":\"WebPage\",\"@id\":\"https:\\\/\\\/second2chance.de\\\/?page_id=520\",\"url\":\"https:\\\/\\\/second2chance.de\\\/?page_id=520\",\"name\":\"\u00dcber uns - Second Chance\",\"isPartOf\":{\"@id\":\"https:\\\/\\\/second2chance.de\\\/#website\"},\"datePublished\":\"2018-05-17T10:56:06+00:00\",\"dateModified\":\"2025-07-18T10:41:30+00:00\",\"breadcrumb\":{\"@id\":\"https:\\\/\\\/second2chance.de\\\/?page_id=520#breadcrumb\"},\"inLanguage\":\"de\",\"potentialAction\":[{\"@type\":\"ReadAction\",\"target\":[\"https:\\\/\\\/second2chance.de\\\/?page_id=520\"]}]},{\"@type\":\"BreadcrumbList\",\"@id\":\"https:\\\/\\\/second2chance.de\\\/?page_id=520#breadcrumb\",\"itemListElement\":[{\"@type\":\"ListItem\",\"position\":1,\"name\":\"Startseite\",\"item\":\"https:\\\/\\\/second2chance.de\\\/\"},{\"@type\":\"ListItem\",\"position\":2,\"name\":\"\u00dcber uns\"}]},{\"@type\":\"WebSite\",\"@id\":\"https:\\\/\\\/second2chance.de\\\/#website\",\"url\":\"https:\\\/\\\/second2chance.de\\\/\",\"name\":\"Second Chance\",\"description\":\"\",\"potentialAction\":[{\"@type\":\"SearchAction\",\"target\":{\"@type\":\"EntryPoint\",\"urlTemplate\":\"https:\\\/\\\/second2chance.de\\\/?s={search_term_string}\"},\"query-input\":{\"@type\":\"PropertyValueSpecification\",\"valueRequired\":true,\"valueName\":\"search_term_string\"}}],\"inLanguage\":\"de\"}]}<\/script>\n<!-- \/ Yoast SEO plugin. -->","yoast_head_json":{"title":"\u00dcber uns - Second Chance","robots":{"index":"index","follow":"follow","max-snippet":"max-snippet:-1","max-image-preview":"max-image-preview:large","max-video-preview":"max-video-preview:-1"},"canonical":"https:\/\/second2chance.de\/?page_id=520","og_locale":"de_DE","og_type":"article","og_title":"\u00dcber uns - Second Chance","og_url":"https:\/\/second2chance.de\/?page_id=520","og_site_name":"Second Chance","article_modified_time":"2025-07-18T10:41:30+00:00","og_image":[{"width":500,"height":500,"url":"https:\/\/second2chance.de\/wp-content\/uploads\/2025\/04\/logo_default.png","type":"image\/png"}],"twitter_card":"summary_large_image","twitter_misc":{"Gesch\u00e4tzte Lesezeit":"2\u00a0Minuten"},"schema":{"@context":"https:\/\/schema.org","@graph":[{"@type":"WebPage","@id":"https:\/\/second2chance.de\/?page_id=520","url":"https:\/\/second2chance.de\/?page_id=520","name":"\u00dcber uns - Second Chance","isPartOf":{"@id":"https:\/\/second2chance.de\/#website"},"datePublished":"2018-05-17T10:56:06+00:00","dateModified":"2025-07-18T10:41:30+00:00","breadcrumb":{"@id":"https:\/\/second2chance.de\/?page_id=520#breadcrumb"},"inLanguage":"de","potentialAction":[{"@type":"ReadAction","target":["https:\/\/second2chance.de\/?page_id=520"]}]},{"@type":"BreadcrumbList","@id":"https:\/\/second2chance.de\/?page_id=520#breadcrumb","itemListElement":[{"@type":"ListItem","position":1,"name":"Startseite","item":"https:\/\/second2chance.de\/"},{"@type":"ListItem","position":2,"name":"\u00dcber uns"}]},{"@type":"WebSite","@id":"https:\/\/second2chance.de\/#website","url":"https:\/\/second2chance.de\/","name":"Second Chance","description":"","potentialAction":[{"@type":"SearchAction","target":{"@type":"EntryPoint","urlTemplate":"https:\/\/second2chance.de\/?s={search_term_string}"},"query-input":{"@type":"PropertyValueSpecification","valueRequired":true,"valueName":"search_term_string"}}],"inLanguage":"de"}]}},"_links":{"self":[{"href":"https:\/\/second2chance.de\/index.php?rest_route=\/wp\/v2\/pages\/520","targetHints":{"allow":["GET"]}}],"collection":[{"href":"https:\/\/second2chance.de\/index.php?rest_route=\/wp\/v2\/pages"}],"about":[{"href":"https:\/\/second2chance.de\/index.php?rest_route=\/wp\/v2\/types\/page"}],"author":[{"embeddable":true,"href":"https:\/\/second2chance.de\/index.php?rest_route=\/wp\/v2\/users\/1"}],"replies":[{"embeddable":true,"href":"https:\/\/second2chance.de\/index.php?rest_route=%2Fwp%2Fv2%2Fcomments&post=520"}],"version-history":[{"count":24,"href":"https:\/\/second2chance.de\/index.php?rest_route=\/wp\/v2\/pages\/520\/revisions"}],"predecessor-version":[{"id":5012,"href":"https:\/\/second2chance.de\/index.php?rest_route=\/wp\/v2\/pages\/520\/revisions\/5012"}],"wp:attachment":[{"href":"https:\/\/second2chance.de\/index.php?rest_route=%2Fwp%2Fv2%2Fmedia&parent=520"}],"curies":[{"name":"wp","href":"https:\/\/api.w.org\/{rel}","templated":true}]}}