{"id":5062,"date":"2025-07-28T12:51:57","date_gmt":"2025-07-28T10:51:57","guid":{"rendered":"https:\/\/second2chance.de\/?page_id=5062"},"modified":"2025-07-28T12:52:47","modified_gmt":"2025-07-28T10:52:47","slug":"allgemeine-geschaeftsbedingungen-agb","status":"publish","type":"page","link":"https:\/\/second2chance.de\/?page_id=5062","title":{"rendered":"Allgemeine Gesch\u00e4ftsbedingungen (AGB)"},"content":{"rendered":"<div class=\"wpb-content-wrapper\"><div class=\"vc_row wpb_row vc_row-fluid\" ><div class=\"wpb_column vc_column_container vc_col-sm-12\"><div class=\"vc_column-inner\"><div class=\"wpb_wrapper\"><div class=\"vc_empty_space\"   style=\"height: 32px\"><span class=\"vc_empty_space_inner\"><\/span><\/div>\n\t<div class=\"wpb_text_column wpb_content_element vc_custom_1753699965727\" >\n\t\t<div class=\"wpb_wrapper\">\n\t\t\t<ol style=\"color: black;\">\n<li class=\"s5\" style=\"text-align: left;\"><span class=\"s4\">Gesch\u00e4ftsbedingungen (AGB) gelten f\u00fcr alle Vertr\u00e4ge \u00fcber die Lieferung von Waren, die zwischen dem Anbieter <\/span><span class=\"s4\">Fofo<\/span> <span class=\"s4\">Bolonga<\/span><span class=\"s4\"> (im Folgenden &#8222;Verk\u00e4ufer&#8220;) und einem Kunden geschlossen werden. Die Angebote richten sich sowohl an Verbraucher als auch an Unternehmer. Die Vertr\u00e4ge werden ausschlie\u00dflich \u00fcber individuelle Kommunikation (Telefon, E-Mail, Nachrichtensystem etc.) abgeschlossen. Abweichende Bedingungen des Kunden finden keine Anwendung, es sei denn, ihrer Geltung wird ausdr\u00fccklich schriftlich zugestimmt.<\/span><\/li>\n<li class=\"s5\" style=\"text-align: left;\"><span class=\"s4\">Widerrufsbelehrung Verbraucher haben das Recht, binnen vierzehn Tagen ohne Angabe von Gr\u00fcnden diesen Vertrag zu widerrufen. Die Widerrufsfrist betr\u00e4gt vierzehn Tage ab dem Tag, an dem der Kunde oder ein von ihm benannter Dritter die letzte Ware in Besitz genommen hat.<\/span><\/li>\n<li class=\"s6\" style=\"text-align: left;\"><span class=\"s4\">Um das Widerrufsrecht auszu\u00fcben, muss eine eindeutige Erkl\u00e4rung (z. B. per E-Mail) an info@second2chance.de gesendet werden. Zur Wahrung der Frist reicht es aus, die Mitteilung vor Fristablauf abzusenden.<\/span><\/li>\n<li style=\"text-align: left;\"><span class=\"s4\">Folgen des Widerrufs: Im Falle eines wirksamen Widerrufs werden alle Zahlungen, einschlie\u00dflich der Lieferkosten (mit Ausnahme etwaiger Zusatzkosten), unverz\u00fcglich, sp\u00e4testens binnen vierzehn Tagen ab Eingang des Widerrufs, erstattet. Die R\u00fcckzahlung erfolgt mit demselben Zahlungsmittel, das bei der urspr\u00fcnglichen Transaktion verwendet wurde. Die R\u00fcckzahlung kann verweigert werden, bis die Waren zur\u00fcckerhalten wurden oder ein Nachweis \u00fcber die R\u00fccksendung erbracht wurde. Die unmittelbaren Kosten der R\u00fccksendung tr\u00e4gt der Kunde. F\u00fcr einen etwaigen Wertverlust haftet der Kunde nur, wenn dieser durch einen nicht notwendigen Umgang mit den Waren entstanden ist.<\/span><\/li>\n<li style=\"text-align: left;\"><span class=\"s4\">Vertragsschluss Ein verbindlicher Vertrag kommt erst durch individuelle Best\u00e4tigung des Verk\u00e4ufers per E-Mail, Telefon oder schriftlich zustande.<\/span><\/li>\n<li class=\"s5\" style=\"text-align: left;\"><span class=\"s4\">Preise und Zahlung Alle angegebenen Preise enthalten die gesetzliche Mehrwertsteuer. Versand- oder Lieferkosten werden gesondert ausgewiesen. Die Zahlung erfolgt nach individueller Absprache per Barzahlung, \u00dcberweisung oder auf Rechnung.<\/span><\/li>\n<li style=\"text-align: left;\"><span class=\"s4\">Lieferung und Abholung Die Lieferung erfolgt deutschlandweit mit eigenem Fahrzeug oder per Spedition. Die Lieferkosten richten sich nach Entfernung und Umfang der Bestellung. Alternativ ist eine Abholung nach Terminvereinbarung in unserem Lager in Nordhorn m\u00f6glich.<\/span><\/li>\n<li class=\"s5\" style=\"text-align: left;\"><span class=\"s4\">Eigentumsvorbehalt Bis zur vollst\u00e4ndigen Zahlung bleibt die gelieferte Ware Eigentum des Verk\u00e4ufers.<\/span><\/li>\n<li class=\"s5\" style=\"text-align: left;\"><span class=\"s4\">M\u00e4ngelhaftung Bei gebrauchten M\u00f6beln k\u00f6nnen leichte Gebrauchsspuren (z. B. Kratzer) vorhanden sein. Alle Artikel werden vor dem Verkauf gepr\u00fcft und sind voll funktionsf\u00e4hig. Gew\u00e4hrleistungsanspr\u00fcche bestehen im Rahmen der gesetzlichen Vorschriften. F\u00fcr Unternehmer gelten verk\u00fcrzte Verj\u00e4hrungsfristen und eine Untersuchungs- und R\u00fcgepflicht gem\u00e4\u00df \u00a7 377 HGB.<\/span><\/li>\n<li class=\"s5\" style=\"text-align: left;\"><span class=\"s4\">Datenschutz Siehe Datenschutzerkl\u00e4rung.<\/span><\/li>\n<li class=\"s5\" style=\"text-align: left;\"><span class=\"s4\">Anwendbares Recht Es gilt das Recht der Bundesrepublik Deutschland. Die Vertragssprache ist Deutsch.<\/span><\/li>\n<\/ol>\n\n\t\t<\/div>\n\t<\/div>\n<div class=\"vc_empty_space\"   style=\"height: 32px\"><span class=\"vc_empty_space_inner\"><\/span><\/div><\/div><\/div><\/div><\/div><div data-parallax-bg-image=\"https:\/\/second2chance.de\/wp-content\/uploads\/2018\/05\/about-us-parallax-img-1.jpg\" data-parallax-bg-speed=\"1\" class=\"vc_row wpb_row vc_row-fluid vc_row-o-content-middle vc_row-flex qodef-parallax-row-holder qodef-content-aligment-center\" ><div class=\"wpb_column vc_column_container vc_col-sm-12\"><div class=\"vc_column-inner\"><div class=\"wpb_wrapper\"><div class=\"qodef-elements-holder   qodef-one-column  qodef-responsive-mode-768 \" ><div class=\"qodef-eh-item    \"  data-item-class=\"qodef-eh-custom-3982\">\n\t<div class=\"qodef-eh-item-inner\">\n\t\t<div class=\"qodef-eh-item-content qodef-eh-custom-3982\" style=\"padding: 234px 0% 260px\">\n\t\t\t<div class=\"qodef-video-button-holder  \">\n\t<div class=\"qodef-video-button-image\">\n\t\t\t<\/div>\n\t\t\t<a class=\"qodef-video-button-play\"  href=\"https:\/\/vimeo.com\/81819805?iframe=true\" data-rel=\"prettyPhoto[video_button_pretty_photo_819]\">\n\t\t\t<span class=\"qodef-video-button-play-inner\">\n\t\t\t\t<span class=\"arrow_triangle-right\"><\/span>\n\t\t\t<\/span>\n\t\t<\/a>\n\t<\/div>\t\t<\/div>\n\t<\/div>\n<\/div><\/div><\/div><\/div><\/div><\/div>\n<\/div>","protected":false},"excerpt":{"rendered":"Gesch\u00e4ftsbedingungen (AGB) gelten f\u00fcr alle Vertr\u00e4ge \u00fcber die Lieferung von Waren, die zwischen dem Anbieter Fofo Bolonga (im Folgenden \"Verk\u00e4ufer\") und einem Kunden geschlossen werden. Die Angebote richten sich sowohl an Verbraucher als auch an Unternehmer. Die Vertr\u00e4ge werden ausschlie\u00dflich [...]","protected":false},"author":1,"featured_media":0,"parent":0,"menu_order":0,"comment_status":"closed","ping_status":"closed","template":"full-width.php","meta":{"footnotes":""},"class_list":["post-5062","page","type-page","status-publish","hentry"],"yoast_head":"<!-- This site is optimized with the Yoast SEO plugin v27.3 - https:\/\/yoast.com\/product\/yoast-seo-wordpress\/ -->\n<title>Allgemeine Gesch\u00e4ftsbedingungen (AGB) - Second Chance<\/title>\n<meta name=\"robots\" content=\"index, follow, max-snippet:-1, max-image-preview:large, max-video-preview:-1\" \/>\n<link rel=\"canonical\" href=\"https:\/\/second2chance.de\/?page_id=5062\" \/>\n<meta property=\"og:locale\" content=\"de_DE\" \/>\n<meta property=\"og:type\" content=\"article\" \/>\n<meta property=\"og:title\" content=\"Allgemeine Gesch\u00e4ftsbedingungen (AGB) - Second Chance\" \/>\n<meta property=\"og:url\" content=\"https:\/\/second2chance.de\/?page_id=5062\" \/>\n<meta property=\"og:site_name\" content=\"Second Chance\" \/>\n<meta property=\"article:modified_time\" content=\"2025-07-28T10:52:47+00:00\" \/>\n<meta property=\"og:image\" content=\"https:\/\/second2chance.de\/wp-content\/uploads\/2025\/04\/logo_default.png\" \/>\n\t<meta property=\"og:image:width\" content=\"500\" \/>\n\t<meta property=\"og:image:height\" content=\"500\" \/>\n\t<meta property=\"og:image:type\" content=\"image\/png\" \/>\n<meta name=\"twitter:card\" content=\"summary_large_image\" \/>\n<meta name=\"twitter:label1\" content=\"Gesch\u00e4tzte Lesezeit\" \/>\n\t<meta name=\"twitter:data1\" content=\"3\u00a0Minuten\" \/>\n<script type=\"application\/ld+json\" class=\"yoast-schema-graph\">{\"@context\":\"https:\\\/\\\/schema.org\",\"@graph\":[{\"@type\":\"WebPage\",\"@id\":\"https:\\\/\\\/second2chance.de\\\/?page_id=5062\",\"url\":\"https:\\\/\\\/second2chance.de\\\/?page_id=5062\",\"name\":\"Allgemeine Gesch\u00e4ftsbedingungen (AGB) - Second Chance\",\"isPartOf\":{\"@id\":\"https:\\\/\\\/second2chance.de\\\/#website\"},\"datePublished\":\"2025-07-28T10:51:57+00:00\",\"dateModified\":\"2025-07-28T10:52:47+00:00\",\"breadcrumb\":{\"@id\":\"https:\\\/\\\/second2chance.de\\\/?page_id=5062#breadcrumb\"},\"inLanguage\":\"de\",\"potentialAction\":[{\"@type\":\"ReadAction\",\"target\":[\"https:\\\/\\\/second2chance.de\\\/?page_id=5062\"]}]},{\"@type\":\"BreadcrumbList\",\"@id\":\"https:\\\/\\\/second2chance.de\\\/?page_id=5062#breadcrumb\",\"itemListElement\":[{\"@type\":\"ListItem\",\"position\":1,\"name\":\"Startseite\",\"item\":\"https:\\\/\\\/second2chance.de\\\/\"},{\"@type\":\"ListItem\",\"position\":2,\"name\":\"Allgemeine Gesch\u00e4ftsbedingungen (AGB)\"}]},{\"@type\":\"WebSite\",\"@id\":\"https:\\\/\\\/second2chance.de\\\/#website\",\"url\":\"https:\\\/\\\/second2chance.de\\\/\",\"name\":\"Second Chance\",\"description\":\"\",\"potentialAction\":[{\"@type\":\"SearchAction\",\"target\":{\"@type\":\"EntryPoint\",\"urlTemplate\":\"https:\\\/\\\/second2chance.de\\\/?s={search_term_string}\"},\"query-input\":{\"@type\":\"PropertyValueSpecification\",\"valueRequired\":true,\"valueName\":\"search_term_string\"}}],\"inLanguage\":\"de\"}]}<\/script>\n<!-- \/ Yoast SEO plugin. -->","yoast_head_json":{"title":"Allgemeine Gesch\u00e4ftsbedingungen (AGB) - Second Chance","robots":{"index":"index","follow":"follow","max-snippet":"max-snippet:-1","max-image-preview":"max-image-preview:large","max-video-preview":"max-video-preview:-1"},"canonical":"https:\/\/second2chance.de\/?page_id=5062","og_locale":"de_DE","og_type":"article","og_title":"Allgemeine Gesch\u00e4ftsbedingungen (AGB) - Second Chance","og_url":"https:\/\/second2chance.de\/?page_id=5062","og_site_name":"Second Chance","article_modified_time":"2025-07-28T10:52:47+00:00","og_image":[{"width":500,"height":500,"url":"https:\/\/second2chance.de\/wp-content\/uploads\/2025\/04\/logo_default.png","type":"image\/png"}],"twitter_card":"summary_large_image","twitter_misc":{"Gesch\u00e4tzte Lesezeit":"3\u00a0Minuten"},"schema":{"@context":"https:\/\/schema.org","@graph":[{"@type":"WebPage","@id":"https:\/\/second2chance.de\/?page_id=5062","url":"https:\/\/second2chance.de\/?page_id=5062","name":"Allgemeine Gesch\u00e4ftsbedingungen (AGB) - Second Chance","isPartOf":{"@id":"https:\/\/second2chance.de\/#website"},"datePublished":"2025-07-28T10:51:57+00:00","dateModified":"2025-07-28T10:52:47+00:00","breadcrumb":{"@id":"https:\/\/second2chance.de\/?page_id=5062#breadcrumb"},"inLanguage":"de","potentialAction":[{"@type":"ReadAction","target":["https:\/\/second2chance.de\/?page_id=5062"]}]},{"@type":"BreadcrumbList","@id":"https:\/\/second2chance.de\/?page_id=5062#breadcrumb","itemListElement":[{"@type":"ListItem","position":1,"name":"Startseite","item":"https:\/\/second2chance.de\/"},{"@type":"ListItem","position":2,"name":"Allgemeine Gesch\u00e4ftsbedingungen (AGB)"}]},{"@type":"WebSite","@id":"https:\/\/second2chance.de\/#website","url":"https:\/\/second2chance.de\/","name":"Second Chance","description":"","potentialAction":[{"@type":"SearchAction","target":{"@type":"EntryPoint","urlTemplate":"https:\/\/second2chance.de\/?s={search_term_string}"},"query-input":{"@type":"PropertyValueSpecification","valueRequired":true,"valueName":"search_term_string"}}],"inLanguage":"de"}]}},"_links":{"self":[{"href":"https:\/\/second2chance.de\/index.php?rest_route=\/wp\/v2\/pages\/5062","targetHints":{"allow":["GET"]}}],"collection":[{"href":"https:\/\/second2chance.de\/index.php?rest_route=\/wp\/v2\/pages"}],"about":[{"href":"https:\/\/second2chance.de\/index.php?rest_route=\/wp\/v2\/types\/page"}],"author":[{"embeddable":true,"href":"https:\/\/second2chance.de\/index.php?rest_route=\/wp\/v2\/users\/1"}],"replies":[{"embeddable":true,"href":"https:\/\/second2chance.de\/index.php?rest_route=%2Fwp%2Fv2%2Fcomments&post=5062"}],"version-history":[{"count":3,"href":"https:\/\/second2chance.de\/index.php?rest_route=\/wp\/v2\/pages\/5062\/revisions"}],"predecessor-version":[{"id":5065,"href":"https:\/\/second2chance.de\/index.php?rest_route=\/wp\/v2\/pages\/5062\/revisions\/5065"}],"wp:attachment":[{"href":"https:\/\/second2chance.de\/index.php?rest_route=%2Fwp%2Fv2%2Fmedia&parent=5062"}],"curies":[{"name":"wp","href":"https:\/\/api.w.org\/{rel}","templated":true}]}}