{"id":5056,"date":"2025-07-28T12:30:40","date_gmt":"2025-07-28T10:30:40","guid":{"rendered":"https:\/\/second2chance.de\/?page_id=5056"},"modified":"2025-07-28T12:33:02","modified_gmt":"2025-07-28T10:33:02","slug":"datenschutzerklaerung","status":"publish","type":"page","link":"https:\/\/second2chance.de\/?page_id=5056","title":{"rendered":"Datenschutzerkl\u00e4rung"},"content":{"rendered":"<div class=\"wpb-content-wrapper\"><div class=\"vc_row wpb_row vc_row-fluid\" ><div class=\"wpb_column vc_column_container vc_col-sm-12\"><div class=\"vc_column-inner\"><div class=\"wpb_wrapper\"><div class=\"vc_empty_space\"   style=\"height: 32px\"><span class=\"vc_empty_space_inner\"><\/span><\/div>\n\t<div class=\"wpb_text_column wpb_content_element vc_custom_1753698778440\" >\n\t\t<div class=\"wpb_wrapper\">\n\t\t\t<ol>\n<li class=\"s5\" style=\"text-align: left; color: black;\"><span class=\"s4\">Verantwortlicher <\/span><span class=\"s4\">Fofo<\/span> <span class=\"s4\">Bolonga<\/span><span class=\"s4\">, Paulstr. 4-8 48529 Nordhorn Deutschland E-Mail: info@second2chance.de<\/span><\/li>\n<li class=\"s5\" style=\"text-align: left; color: black;\"><span class=\"s4\">Erhebung und Verarbeitung personenbezogener Daten Personenbezogene Daten werden nur erhoben, wenn Sie uns diese im Rahmen einer Anfrage oder Bestellung mitteilen. Diese Daten werden ausschlie\u00dflich zur Bearbeitung Ihrer Anfrage oder zur Vertragsdurchf\u00fchrung verwendet.<\/span><\/li>\n<li class=\"s5\" style=\"text-align: left; color: black;\"><span class=\"s4\">Weitergabe von Daten Eine Weitergabe an Dritte erfolgt nur, soweit dies zur Vertragserf\u00fcllung notwendig ist (z. B. an Speditionen oder Zahlungsdienstleister).<\/span><\/li>\n<li class=\"s5\" style=\"text-align: left; color: black;\"><span class=\"s4\">Speicherdauer Personenbezogene Daten werden gel\u00f6scht, sobald sie f\u00fcr den Zweck ihrer Verarbeitung nicht mehr erforderlich sind, es sei denn, gesetzliche Aufbewahrungspflichten stehen dem entgegen.<\/span><\/li>\n<li class=\"s5\" style=\"text-align: left; color: black;\"><span class=\"s4\">Rechte der Betroffenen Sie haben das Recht auf Auskunft, Berichtigung, L\u00f6schung, Einschr\u00e4nkung der Verarbeitung, Daten\u00fcbertragbarkeit und Widerspruch gegen die Verarbeitung Ihrer Daten. Zudem besteht ein Beschwerderecht bei der zust\u00e4ndigen Aufsichtsbeh\u00f6rde.<\/span><\/li>\n<li class=\"s5\" style=\"text-align: left; color: black;\"><span class=\"s4\">Kontakt F\u00fcr Fragen zum Datenschutz wenden Sie sich bitte an <\/span><a href=\"mailto:info@second2chance.de\"><span class=\"s7\" style=\"color: blue;\">info@second2chance.de<\/span><\/a><\/li>\n<\/ol>\n\n\t\t<\/div>\n\t<\/div>\n<div class=\"vc_empty_space\"   style=\"height: 32px\"><span class=\"vc_empty_space_inner\"><\/span><\/div><\/div><\/div><\/div><\/div><div data-parallax-bg-image=\"https:\/\/second2chance.de\/wp-content\/uploads\/2018\/05\/about-us-parallax-img-1.jpg\" data-parallax-bg-speed=\"1\" class=\"vc_row wpb_row vc_row-fluid vc_row-o-content-middle vc_row-flex qodef-parallax-row-holder qodef-content-aligment-center\" ><div class=\"wpb_column vc_column_container vc_col-sm-12\"><div class=\"vc_column-inner\"><div class=\"wpb_wrapper\"><div class=\"qodef-elements-holder   qodef-one-column  qodef-responsive-mode-768 \" ><div class=\"qodef-eh-item    \"  data-item-class=\"qodef-eh-custom-3556\">\n\t<div class=\"qodef-eh-item-inner\">\n\t\t<div class=\"qodef-eh-item-content qodef-eh-custom-3556\" style=\"padding: 234px 0% 260px\">\n\t\t\t<div class=\"qodef-video-button-holder  \">\n\t<div class=\"qodef-video-button-image\">\n\t\t\t<\/div>\n\t\t\t<a class=\"qodef-video-button-play\"  href=\"https:\/\/vimeo.com\/81819805?iframe=true\" data-rel=\"prettyPhoto[video_button_pretty_photo_178]\">\n\t\t\t<span class=\"qodef-video-button-play-inner\">\n\t\t\t\t<span class=\"arrow_triangle-right\"><\/span>\n\t\t\t<\/span>\n\t\t<\/a>\n\t<\/div>\t\t<\/div>\n\t<\/div>\n<\/div><\/div><\/div><\/div><\/div><\/div>\n<\/div>","protected":false},"excerpt":{"rendered":"Verantwortlicher Fofo Bolonga, Paulstr. 4-8 48529 Nordhorn Deutschland E-Mail: info@second2chance.de Erhebung und Verarbeitung personenbezogener Daten Personenbezogene Daten werden nur erhoben, wenn Sie uns diese im Rahmen einer Anfrage oder Bestellung mitteilen. Diese Daten werden ausschlie\u00dflich zur Bearbeitung Ihrer Anfrage oder [...]","protected":false},"author":1,"featured_media":0,"parent":0,"menu_order":0,"comment_status":"closed","ping_status":"closed","template":"full-width.php","meta":{"footnotes":""},"class_list":["post-5056","page","type-page","status-publish","hentry"],"yoast_head":"<!-- This site is optimized with the Yoast SEO plugin v27.3 - https:\/\/yoast.com\/product\/yoast-seo-wordpress\/ -->\n<title>Datenschutzerkl\u00e4rung - Second Chance<\/title>\n<meta name=\"robots\" content=\"index, follow, max-snippet:-1, max-image-preview:large, max-video-preview:-1\" \/>\n<link rel=\"canonical\" href=\"https:\/\/second2chance.de\/?page_id=5056\" \/>\n<meta property=\"og:locale\" content=\"de_DE\" \/>\n<meta property=\"og:type\" content=\"article\" \/>\n<meta property=\"og:title\" content=\"Datenschutzerkl\u00e4rung - Second Chance\" \/>\n<meta property=\"og:url\" content=\"https:\/\/second2chance.de\/?page_id=5056\" \/>\n<meta property=\"og:site_name\" content=\"Second Chance\" \/>\n<meta property=\"article:modified_time\" content=\"2025-07-28T10:33:02+00:00\" \/>\n<meta property=\"og:image\" content=\"https:\/\/second2chance.de\/wp-content\/uploads\/2025\/04\/logo_default.png\" \/>\n\t<meta property=\"og:image:width\" content=\"500\" \/>\n\t<meta property=\"og:image:height\" content=\"500\" \/>\n\t<meta property=\"og:image:type\" content=\"image\/png\" \/>\n<meta name=\"twitter:card\" content=\"summary_large_image\" \/>\n<meta name=\"twitter:label1\" content=\"Gesch\u00e4tzte Lesezeit\" \/>\n\t<meta name=\"twitter:data1\" content=\"2\u00a0Minuten\" \/>\n<script type=\"application\/ld+json\" class=\"yoast-schema-graph\">{\"@context\":\"https:\\\/\\\/schema.org\",\"@graph\":[{\"@type\":\"WebPage\",\"@id\":\"https:\\\/\\\/second2chance.de\\\/?page_id=5056\",\"url\":\"https:\\\/\\\/second2chance.de\\\/?page_id=5056\",\"name\":\"Datenschutzerkl\u00e4rung - Second Chance\",\"isPartOf\":{\"@id\":\"https:\\\/\\\/second2chance.de\\\/#website\"},\"datePublished\":\"2025-07-28T10:30:40+00:00\",\"dateModified\":\"2025-07-28T10:33:02+00:00\",\"breadcrumb\":{\"@id\":\"https:\\\/\\\/second2chance.de\\\/?page_id=5056#breadcrumb\"},\"inLanguage\":\"de\",\"potentialAction\":[{\"@type\":\"ReadAction\",\"target\":[\"https:\\\/\\\/second2chance.de\\\/?page_id=5056\"]}]},{\"@type\":\"BreadcrumbList\",\"@id\":\"https:\\\/\\\/second2chance.de\\\/?page_id=5056#breadcrumb\",\"itemListElement\":[{\"@type\":\"ListItem\",\"position\":1,\"name\":\"Startseite\",\"item\":\"https:\\\/\\\/second2chance.de\\\/\"},{\"@type\":\"ListItem\",\"position\":2,\"name\":\"Datenschutzerkl\u00e4rung\"}]},{\"@type\":\"WebSite\",\"@id\":\"https:\\\/\\\/second2chance.de\\\/#website\",\"url\":\"https:\\\/\\\/second2chance.de\\\/\",\"name\":\"Second Chance\",\"description\":\"\",\"potentialAction\":[{\"@type\":\"SearchAction\",\"target\":{\"@type\":\"EntryPoint\",\"urlTemplate\":\"https:\\\/\\\/second2chance.de\\\/?s={search_term_string}\"},\"query-input\":{\"@type\":\"PropertyValueSpecification\",\"valueRequired\":true,\"valueName\":\"search_term_string\"}}],\"inLanguage\":\"de\"}]}<\/script>\n<!-- \/ Yoast SEO plugin. -->","yoast_head_json":{"title":"Datenschutzerkl\u00e4rung - Second Chance","robots":{"index":"index","follow":"follow","max-snippet":"max-snippet:-1","max-image-preview":"max-image-preview:large","max-video-preview":"max-video-preview:-1"},"canonical":"https:\/\/second2chance.de\/?page_id=5056","og_locale":"de_DE","og_type":"article","og_title":"Datenschutzerkl\u00e4rung - Second Chance","og_url":"https:\/\/second2chance.de\/?page_id=5056","og_site_name":"Second Chance","article_modified_time":"2025-07-28T10:33:02+00:00","og_image":[{"width":500,"height":500,"url":"https:\/\/second2chance.de\/wp-content\/uploads\/2025\/04\/logo_default.png","type":"image\/png"}],"twitter_card":"summary_large_image","twitter_misc":{"Gesch\u00e4tzte Lesezeit":"2\u00a0Minuten"},"schema":{"@context":"https:\/\/schema.org","@graph":[{"@type":"WebPage","@id":"https:\/\/second2chance.de\/?page_id=5056","url":"https:\/\/second2chance.de\/?page_id=5056","name":"Datenschutzerkl\u00e4rung - Second Chance","isPartOf":{"@id":"https:\/\/second2chance.de\/#website"},"datePublished":"2025-07-28T10:30:40+00:00","dateModified":"2025-07-28T10:33:02+00:00","breadcrumb":{"@id":"https:\/\/second2chance.de\/?page_id=5056#breadcrumb"},"inLanguage":"de","potentialAction":[{"@type":"ReadAction","target":["https:\/\/second2chance.de\/?page_id=5056"]}]},{"@type":"BreadcrumbList","@id":"https:\/\/second2chance.de\/?page_id=5056#breadcrumb","itemListElement":[{"@type":"ListItem","position":1,"name":"Startseite","item":"https:\/\/second2chance.de\/"},{"@type":"ListItem","position":2,"name":"Datenschutzerkl\u00e4rung"}]},{"@type":"WebSite","@id":"https:\/\/second2chance.de\/#website","url":"https:\/\/second2chance.de\/","name":"Second Chance","description":"","potentialAction":[{"@type":"SearchAction","target":{"@type":"EntryPoint","urlTemplate":"https:\/\/second2chance.de\/?s={search_term_string}"},"query-input":{"@type":"PropertyValueSpecification","valueRequired":true,"valueName":"search_term_string"}}],"inLanguage":"de"}]}},"_links":{"self":[{"href":"https:\/\/second2chance.de\/index.php?rest_route=\/wp\/v2\/pages\/5056","targetHints":{"allow":["GET"]}}],"collection":[{"href":"https:\/\/second2chance.de\/index.php?rest_route=\/wp\/v2\/pages"}],"about":[{"href":"https:\/\/second2chance.de\/index.php?rest_route=\/wp\/v2\/types\/page"}],"author":[{"embeddable":true,"href":"https:\/\/second2chance.de\/index.php?rest_route=\/wp\/v2\/users\/1"}],"replies":[{"embeddable":true,"href":"https:\/\/second2chance.de\/index.php?rest_route=%2Fwp%2Fv2%2Fcomments&post=5056"}],"version-history":[{"count":5,"href":"https:\/\/second2chance.de\/index.php?rest_route=\/wp\/v2\/pages\/5056\/revisions"}],"predecessor-version":[{"id":5061,"href":"https:\/\/second2chance.de\/index.php?rest_route=\/wp\/v2\/pages\/5056\/revisions\/5061"}],"wp:attachment":[{"href":"https:\/\/second2chance.de\/index.php?rest_route=%2Fwp%2Fv2%2Fmedia&parent=5056"}],"curies":[{"name":"wp","href":"https:\/\/api.w.org\/{rel}","templated":true}]}}