{"id":4897,"date":"2025-06-05T09:45:33","date_gmt":"2025-06-05T07:45:33","guid":{"rendered":"https:\/\/second2chance.de\/?page_id=4897"},"modified":"2025-07-28T12:27:26","modified_gmt":"2025-07-28T10:27:26","slug":"impressum","status":"publish","type":"page","link":"https:\/\/second2chance.de\/?page_id=4897","title":{"rendered":"Impressum"},"content":{"rendered":"<div class=\"wpb-content-wrapper\"><div class=\"vc_row wpb_row vc_row-fluid\" ><div class=\"wpb_column vc_column_container vc_col-sm-12\"><div class=\"vc_column-inner\"><div class=\"wpb_wrapper\"><div class=\"vc_empty_space\"   style=\"height: 32px\"><span class=\"vc_empty_space_inner\"><\/span><\/div>\n\t<div class=\"wpb_text_column wpb_content_element vc_custom_1753698442795\" >\n\t\t<div class=\"wpb_wrapper\">\n\t\t\t<p class=\"s6\" style=\"text-align: center; color: black;\"><span class=\"s4\">Verantwortlich f\u00fcr den Inhalt dieser Website gem\u00e4\u00df \u00a7 5 TMG:<\/span><\/p>\n<p class=\"s6\" style=\"text-align: center; color: black;\"><span class=\"s4\">Unternehmensname: Second Chance<\/span><span class=\"s4\"><br \/>\n<\/span><span class=\"s4\">Rechtsform: Einzelunternehmen<\/span><span class=\"s4\"><br \/>\n<\/span><span class=\"s4\">Inhaber: <\/span><span class=\"s4\">Fofo<\/span> <span class=\"s4\">Bolonga<\/span><span class=\"s4\"><br \/>\n<\/span><span class=\"s4\">Gesch\u00e4ftsadresse: Paulstr. 4\u20138, 48529 Nordhorn, Deutschland<\/span><span class=\"s4\"><br \/>\n<\/span><span class=\"s4\">Telefon: +49 173 6157936<\/span><span class=\"s4\"><br \/>\n<\/span><span class=\"s4\">E-Mail: info@second2chance.de<\/span><span class=\"s4\"><br \/>\n<\/span><span class=\"s4\">Umsatzsteuer-Identifikationsnummer gem\u00e4\u00df \u00a7 27a UStG: DE333757019<\/span><\/p>\n<p class=\"s6\" style=\"text-align: center; color: black;\"><span class=\"s4\">Online-Streitbeilegung: Plattform der EU-Kommission zur Online-Streitbeilegung: https:\/\/ec.europa.eu\/odr<\/span><\/p>\n<p class=\"s6\" style=\"text-align: center; color: black;\"><span class=\"s4\">Hinweis zur Streitbeilegung: Wir sind zur Teilnahme an einem Streitbeilegungsverfahren vor einer Verbraucherschlichtungsstelle weder verpflichtet noch bereit.<\/span><\/p>\n\n\t\t<\/div>\n\t<\/div>\n<div class=\"vc_empty_space\"   style=\"height: 32px\"><span class=\"vc_empty_space_inner\"><\/span><\/div><\/div><\/div><\/div><\/div><div data-parallax-bg-image=\"https:\/\/second2chance.de\/wp-content\/uploads\/2018\/05\/about-us-parallax-img-1.jpg\" data-parallax-bg-speed=\"1\" class=\"vc_row wpb_row vc_row-fluid vc_row-o-content-middle vc_row-flex qodef-parallax-row-holder qodef-content-aligment-center\" ><div class=\"wpb_column vc_column_container vc_col-sm-12\"><div class=\"vc_column-inner\"><div class=\"wpb_wrapper\"><div class=\"qodef-elements-holder   qodef-one-column  qodef-responsive-mode-768 \" ><div class=\"qodef-eh-item    \"  data-item-class=\"qodef-eh-custom-7121\">\n\t<div class=\"qodef-eh-item-inner\">\n\t\t<div class=\"qodef-eh-item-content qodef-eh-custom-7121\" style=\"padding: 234px 0% 260px\">\n\t\t\t<div class=\"qodef-video-button-holder  \">\n\t<div class=\"qodef-video-button-image\">\n\t\t\t<\/div>\n\t\t\t<a class=\"qodef-video-button-play\"  href=\"https:\/\/vimeo.com\/81819805?iframe=true\" data-rel=\"prettyPhoto[video_button_pretty_photo_94]\">\n\t\t\t<span class=\"qodef-video-button-play-inner\">\n\t\t\t\t<span class=\"arrow_triangle-right\"><\/span>\n\t\t\t<\/span>\n\t\t<\/a>\n\t<\/div>\t\t<\/div>\n\t<\/div>\n<\/div><\/div><\/div><\/div><\/div><\/div>\n<\/div>","protected":false},"excerpt":{"rendered":"Verantwortlich f\u00fcr den Inhalt dieser Website gem\u00e4\u00df \u00a7 5 TMG: Unternehmensname: Second Chance Rechtsform: Einzelunternehmen Inhaber: Fofo Bolonga Gesch\u00e4ftsadresse: Paulstr. 4\u20138, 48529 Nordhorn, Deutschland Telefon: +49 173 6157936 E-Mail: info@second2chance.de Umsatzsteuer-Identifikationsnummer gem\u00e4\u00df \u00a7 27a UStG: DE333757019 Online-Streitbeilegung: Plattform der EU-Kommission [...]","protected":false},"author":1,"featured_media":0,"parent":0,"menu_order":0,"comment_status":"closed","ping_status":"closed","template":"full-width.php","meta":{"footnotes":""},"class_list":["post-4897","page","type-page","status-publish","hentry"],"yoast_head":"<!-- This site is optimized with the Yoast SEO plugin v27.3 - https:\/\/yoast.com\/product\/yoast-seo-wordpress\/ -->\n<title>Impressum - Second Chance<\/title>\n<meta name=\"robots\" content=\"index, follow, max-snippet:-1, max-image-preview:large, max-video-preview:-1\" \/>\n<link rel=\"canonical\" href=\"https:\/\/second2chance.de\/?page_id=4897\" \/>\n<meta property=\"og:locale\" content=\"de_DE\" \/>\n<meta property=\"og:type\" content=\"article\" \/>\n<meta property=\"og:title\" content=\"Impressum - Second Chance\" \/>\n<meta property=\"og:url\" content=\"https:\/\/second2chance.de\/?page_id=4897\" \/>\n<meta property=\"og:site_name\" content=\"Second Chance\" \/>\n<meta property=\"article:modified_time\" content=\"2025-07-28T10:27:26+00:00\" \/>\n<meta property=\"og:image\" content=\"https:\/\/second2chance.de\/wp-content\/uploads\/2025\/04\/logo_default.png\" \/>\n\t<meta property=\"og:image:width\" content=\"500\" \/>\n\t<meta property=\"og:image:height\" content=\"500\" \/>\n\t<meta property=\"og:image:type\" content=\"image\/png\" \/>\n<meta name=\"twitter:card\" content=\"summary_large_image\" \/>\n<meta name=\"twitter:label1\" content=\"Gesch\u00e4tzte Lesezeit\" \/>\n\t<meta name=\"twitter:data1\" content=\"14\u00a0Minuten\" \/>\n<script type=\"application\/ld+json\" class=\"yoast-schema-graph\">{\"@context\":\"https:\\\/\\\/schema.org\",\"@graph\":[{\"@type\":\"WebPage\",\"@id\":\"https:\\\/\\\/second2chance.de\\\/?page_id=4897\",\"url\":\"https:\\\/\\\/second2chance.de\\\/?page_id=4897\",\"name\":\"Impressum - Second Chance\",\"isPartOf\":{\"@id\":\"https:\\\/\\\/second2chance.de\\\/#website\"},\"datePublished\":\"2025-06-05T07:45:33+00:00\",\"dateModified\":\"2025-07-28T10:27:26+00:00\",\"breadcrumb\":{\"@id\":\"https:\\\/\\\/second2chance.de\\\/?page_id=4897#breadcrumb\"},\"inLanguage\":\"de\",\"potentialAction\":[{\"@type\":\"ReadAction\",\"target\":[\"https:\\\/\\\/second2chance.de\\\/?page_id=4897\"]}]},{\"@type\":\"BreadcrumbList\",\"@id\":\"https:\\\/\\\/second2chance.de\\\/?page_id=4897#breadcrumb\",\"itemListElement\":[{\"@type\":\"ListItem\",\"position\":1,\"name\":\"Startseite\",\"item\":\"https:\\\/\\\/second2chance.de\\\/\"},{\"@type\":\"ListItem\",\"position\":2,\"name\":\"Impressum\"}]},{\"@type\":\"WebSite\",\"@id\":\"https:\\\/\\\/second2chance.de\\\/#website\",\"url\":\"https:\\\/\\\/second2chance.de\\\/\",\"name\":\"Second Chance\",\"description\":\"\",\"potentialAction\":[{\"@type\":\"SearchAction\",\"target\":{\"@type\":\"EntryPoint\",\"urlTemplate\":\"https:\\\/\\\/second2chance.de\\\/?s={search_term_string}\"},\"query-input\":{\"@type\":\"PropertyValueSpecification\",\"valueRequired\":true,\"valueName\":\"search_term_string\"}}],\"inLanguage\":\"de\"}]}<\/script>\n<!-- \/ Yoast SEO plugin. -->","yoast_head_json":{"title":"Impressum - Second Chance","robots":{"index":"index","follow":"follow","max-snippet":"max-snippet:-1","max-image-preview":"max-image-preview:large","max-video-preview":"max-video-preview:-1"},"canonical":"https:\/\/second2chance.de\/?page_id=4897","og_locale":"de_DE","og_type":"article","og_title":"Impressum - Second Chance","og_url":"https:\/\/second2chance.de\/?page_id=4897","og_site_name":"Second Chance","article_modified_time":"2025-07-28T10:27:26+00:00","og_image":[{"width":500,"height":500,"url":"https:\/\/second2chance.de\/wp-content\/uploads\/2025\/04\/logo_default.png","type":"image\/png"}],"twitter_card":"summary_large_image","twitter_misc":{"Gesch\u00e4tzte Lesezeit":"14\u00a0Minuten"},"schema":{"@context":"https:\/\/schema.org","@graph":[{"@type":"WebPage","@id":"https:\/\/second2chance.de\/?page_id=4897","url":"https:\/\/second2chance.de\/?page_id=4897","name":"Impressum - Second Chance","isPartOf":{"@id":"https:\/\/second2chance.de\/#website"},"datePublished":"2025-06-05T07:45:33+00:00","dateModified":"2025-07-28T10:27:26+00:00","breadcrumb":{"@id":"https:\/\/second2chance.de\/?page_id=4897#breadcrumb"},"inLanguage":"de","potentialAction":[{"@type":"ReadAction","target":["https:\/\/second2chance.de\/?page_id=4897"]}]},{"@type":"BreadcrumbList","@id":"https:\/\/second2chance.de\/?page_id=4897#breadcrumb","itemListElement":[{"@type":"ListItem","position":1,"name":"Startseite","item":"https:\/\/second2chance.de\/"},{"@type":"ListItem","position":2,"name":"Impressum"}]},{"@type":"WebSite","@id":"https:\/\/second2chance.de\/#website","url":"https:\/\/second2chance.de\/","name":"Second Chance","description":"","potentialAction":[{"@type":"SearchAction","target":{"@type":"EntryPoint","urlTemplate":"https:\/\/second2chance.de\/?s={search_term_string}"},"query-input":{"@type":"PropertyValueSpecification","valueRequired":true,"valueName":"search_term_string"}}],"inLanguage":"de"}]}},"_links":{"self":[{"href":"https:\/\/second2chance.de\/index.php?rest_route=\/wp\/v2\/pages\/4897","targetHints":{"allow":["GET"]}}],"collection":[{"href":"https:\/\/second2chance.de\/index.php?rest_route=\/wp\/v2\/pages"}],"about":[{"href":"https:\/\/second2chance.de\/index.php?rest_route=\/wp\/v2\/types\/page"}],"author":[{"embeddable":true,"href":"https:\/\/second2chance.de\/index.php?rest_route=\/wp\/v2\/users\/1"}],"replies":[{"embeddable":true,"href":"https:\/\/second2chance.de\/index.php?rest_route=%2Fwp%2Fv2%2Fcomments&post=4897"}],"version-history":[{"count":9,"href":"https:\/\/second2chance.de\/index.php?rest_route=\/wp\/v2\/pages\/4897\/revisions"}],"predecessor-version":[{"id":5054,"href":"https:\/\/second2chance.de\/index.php?rest_route=\/wp\/v2\/pages\/4897\/revisions\/5054"}],"wp:attachment":[{"href":"https:\/\/second2chance.de\/index.php?rest_route=%2Fwp%2Fv2%2Fmedia&parent=4897"}],"curies":[{"name":"wp","href":"https:\/\/api.w.org\/{rel}","templated":true}]}}